{"id":27747,"date":"2025-08-23T15:07:07","date_gmt":"2025-08-23T15:07:07","guid":{"rendered":"https:\/\/tecus.com.tr\/urun\/pica-s\/"},"modified":"2025-10-27T19:56:51","modified_gmt":"2025-10-27T19:56:51","slug":"pica-s","status":"publish","type":"product","link":"https:\/\/tecus.com.tr\/en\/product\/pica-s\/","title":{"rendered":"piCA-s"},"content":{"rendered":"","protected":false},"excerpt":{"rendered":"<p>The modular vise features fixed jaws measuring 200x50x28 mm and movable jaws measuring 200x115x28 mm; it is compatible with 50, 75, and 100 mm slot systems.<\/p>\n<p>With a clamping force exceeding 2.5 mm, it ensures reliable clamping with minimal material waste. Its modular design allows for easy positioning and securing of parts ranging from 1 cm to several meters in length. <\/p>\n<p>Multiple parts can be clamped using independent Pitbull clamps. Thanks to the detachable front jaw design, parts up to 30 mm in height can also be clamped for second operations. It offers a robust alternative to conventional vises.  <\/p>\n<p>&nbsp;<\/p>\n<p>Set contents:<br \/>\n\u25cf 1 M6 Pitbull (1.6-ton clamping force)<br \/>\n\u25cf 3 M6 Pitbulls with sharp edges<br \/>\n\u25cf 2 M6 Pitbulls with flat edges<br \/>\n\u25cf 3 Talon Grips<br \/>\n\u25cf 2 stop blocks<br \/>\n\u25cf M12 T-slot connection hardware<\/p>\n","protected":false},"featured_media":27748,"template":"","meta":{"_acf_changed":false},"product_brand":[588],"product_cat":[358,355,354],"product_tag":[],"class_list":{"0":"post-27747","1":"product","2":"type-product","3":"status-publish","4":"has-post-thumbnail","6":"product_brand-canaca","7":"product_cat-3-4-5-axis-vise","8":"product_cat-modular-clamping-equipments","9":"product_cat-yandan-sikmali-clampler","11":"first","12":"instock","13":"sale","14":"taxable","15":"shipping-taxable","16":"purchasable","17":"product-type-simple"},"acf":[],"yoast_head":"<!-- This site is optimized with the Yoast SEO plugin v20.2.1 - https:\/\/yoast.com\/wordpress\/plugins\/seo\/ -->\n<title>piCA-s - Tecus Teknoloji<\/title>\n<meta name=\"robots\" content=\"index, follow, max-snippet:-1, max-image-preview:large, max-video-preview:-1\" \/>\n<link rel=\"canonical\" href=\"https:\/\/tecus.com.tr\/en\/product\/pica-s\/\" \/>\n<meta property=\"og:locale\" content=\"en_US\" \/>\n<meta property=\"og:type\" content=\"article\" \/>\n<meta property=\"og:title\" content=\"piCA-s - Tecus Teknoloji\" \/>\n<meta property=\"og:description\" content=\"The modular vise features fixed jaws measuring 200x50x28 mm and movable jaws measuring 200x115x28 mm; it is compatible with 50, 75, and 100 mm slot systems. With a clamping force exceeding 2.5 mm, it ensures reliable clamping with minimal material waste. Its modular design allows for easy positioning and securing of parts ranging from 1 cm to several meters in length.  Multiple parts can be clamped using independent Pitbull clamps. Thanks to the detachable front jaw design, parts up to 30 mm in height can also be clamped for second operations. It offers a robust alternative to conventional vises.  &nbsp; Set contents: \u25cf 1 M6 Pitbull (1.6-ton clamping force) \u25cf 3 M6 Pitbulls with sharp edges \u25cf 2 M6 Pitbulls with flat edges \u25cf 3 Talon Grips \u25cf 2 stop blocks \u25cf M12 T-slot connection hardware\" \/>\n<meta property=\"og:url\" content=\"https:\/\/tecus.com.tr\/en\/product\/pica-s\/\" \/>\n<meta property=\"og:site_name\" content=\"Tecus Teknoloji\" \/>\n<meta property=\"article:modified_time\" content=\"2025-10-27T19:56:51+00:00\" \/>\n<meta property=\"og:image\" content=\"https:\/\/tecus.com.tr\/wp-content\/uploads\/2025\/08\/pica_s_kit.png\" \/>\n\t<meta property=\"og:image:width\" content=\"1024\" \/>\n\t<meta property=\"og:image:height\" content=\"1024\" \/>\n\t<meta property=\"og:image:type\" content=\"image\/png\" \/>\n<meta name=\"twitter:card\" content=\"summary_large_image\" \/>\n<script type=\"application\/ld+json\" class=\"yoast-schema-graph\">{\"@context\":\"https:\/\/schema.org\",\"@graph\":[{\"@type\":\"WebPage\",\"@id\":\"https:\/\/tecus.com.tr\/en\/product\/pica-s\/\",\"url\":\"https:\/\/tecus.com.tr\/en\/product\/pica-s\/\",\"name\":\"piCA-s - Tecus Teknoloji\",\"isPartOf\":{\"@id\":\"https:\/\/tecus.com.tr\/en\/#website\"},\"datePublished\":\"2025-08-23T15:07:07+00:00\",\"dateModified\":\"2025-10-27T19:56:51+00:00\",\"breadcrumb\":{\"@id\":\"https:\/\/tecus.com.tr\/en\/product\/pica-s\/#breadcrumb\"},\"inLanguage\":\"en-US\",\"potentialAction\":[{\"@type\":\"ReadAction\",\"target\":[\"https:\/\/tecus.com.tr\/en\/product\/pica-s\/\"]}]},{\"@type\":\"BreadcrumbList\",\"@id\":\"https:\/\/tecus.com.tr\/en\/product\/pica-s\/#breadcrumb\",\"itemListElement\":[{\"@type\":\"ListItem\",\"position\":1,\"name\":\"Ana sayfa\",\"item\":\"https:\/\/tecus.com.tr\/en\/\"},{\"@type\":\"ListItem\",\"position\":2,\"name\":\"Ma\u011faza\",\"item\":\"https:\/\/tecus.com.tr\/magaza\/\"},{\"@type\":\"ListItem\",\"position\":3,\"name\":\"piCA-s\"}]},{\"@type\":\"WebSite\",\"@id\":\"https:\/\/tecus.com.tr\/en\/#website\",\"url\":\"https:\/\/tecus.com.tr\/en\/\",\"name\":\"Tecus Teknoloji\",\"description\":\"CNC par\u00e7a ba\u011flama \u00e7\u00f6z\u00fcmleri\",\"publisher\":{\"@id\":\"https:\/\/tecus.com.tr\/en\/#organization\"},\"potentialAction\":[{\"@type\":\"SearchAction\",\"target\":{\"@type\":\"EntryPoint\",\"urlTemplate\":\"https:\/\/tecus.com.tr\/en\/?s={search_term_string}\"},\"query-input\":\"required name=search_term_string\"}],\"inLanguage\":\"en-US\"},{\"@type\":\"Organization\",\"@id\":\"https:\/\/tecus.com.tr\/en\/#organization\",\"name\":\"Tecus Teknoloji\",\"url\":\"https:\/\/tecus.com.tr\/en\/\",\"logo\":{\"@type\":\"ImageObject\",\"inLanguage\":\"en-US\",\"@id\":\"https:\/\/tecus.com.tr\/en\/#\/schema\/logo\/image\/\",\"url\":\"https:\/\/tecus.com.tr\/wp-content\/uploads\/2018\/04\/tecus-logo-beyaz-2-e1528750997765.png\",\"contentUrl\":\"https:\/\/tecus.com.tr\/wp-content\/uploads\/2018\/04\/tecus-logo-beyaz-2-e1528750997765.png\",\"width\":250,\"height\":53,\"caption\":\"Tecus Teknoloji\"},\"image\":{\"@id\":\"https:\/\/tecus.com.tr\/en\/#\/schema\/logo\/image\/\"}}]}<\/script>\n<!-- \/ Yoast SEO plugin. -->","yoast_head_json":{"title":"piCA-s - Tecus Teknoloji","robots":{"index":"index","follow":"follow","max-snippet":"max-snippet:-1","max-image-preview":"max-image-preview:large","max-video-preview":"max-video-preview:-1"},"canonical":"https:\/\/tecus.com.tr\/en\/product\/pica-s\/","og_locale":"en_US","og_type":"article","og_title":"piCA-s - Tecus Teknoloji","og_description":"The modular vise features fixed jaws measuring 200x50x28 mm and movable jaws measuring 200x115x28 mm; it is compatible with 50, 75, and 100 mm slot systems. With a clamping force exceeding 2.5 mm, it ensures reliable clamping with minimal material waste. Its modular design allows for easy positioning and securing of parts ranging from 1 cm to several meters in length.  Multiple parts can be clamped using independent Pitbull clamps. Thanks to the detachable front jaw design, parts up to 30 mm in height can also be clamped for second operations. It offers a robust alternative to conventional vises.  &nbsp; Set contents: \u25cf 1 M6 Pitbull (1.6-ton clamping force) \u25cf 3 M6 Pitbulls with sharp edges \u25cf 2 M6 Pitbulls with flat edges \u25cf 3 Talon Grips \u25cf 2 stop blocks \u25cf M12 T-slot connection hardware","og_url":"https:\/\/tecus.com.tr\/en\/product\/pica-s\/","og_site_name":"Tecus Teknoloji","article_modified_time":"2025-10-27T19:56:51+00:00","og_image":[{"width":1024,"height":1024,"url":"https:\/\/tecus.com.tr\/wp-content\/uploads\/2025\/08\/pica_s_kit.png","type":"image\/png"}],"twitter_card":"summary_large_image","schema":{"@context":"https:\/\/schema.org","@graph":[{"@type":"WebPage","@id":"https:\/\/tecus.com.tr\/en\/product\/pica-s\/","url":"https:\/\/tecus.com.tr\/en\/product\/pica-s\/","name":"piCA-s - Tecus Teknoloji","isPartOf":{"@id":"https:\/\/tecus.com.tr\/en\/#website"},"datePublished":"2025-08-23T15:07:07+00:00","dateModified":"2025-10-27T19:56:51+00:00","breadcrumb":{"@id":"https:\/\/tecus.com.tr\/en\/product\/pica-s\/#breadcrumb"},"inLanguage":"en-US","potentialAction":[{"@type":"ReadAction","target":["https:\/\/tecus.com.tr\/en\/product\/pica-s\/"]}]},{"@type":"BreadcrumbList","@id":"https:\/\/tecus.com.tr\/en\/product\/pica-s\/#breadcrumb","itemListElement":[{"@type":"ListItem","position":1,"name":"Ana sayfa","item":"https:\/\/tecus.com.tr\/en\/"},{"@type":"ListItem","position":2,"name":"Ma\u011faza","item":"https:\/\/tecus.com.tr\/magaza\/"},{"@type":"ListItem","position":3,"name":"piCA-s"}]},{"@type":"WebSite","@id":"https:\/\/tecus.com.tr\/en\/#website","url":"https:\/\/tecus.com.tr\/en\/","name":"Tecus Teknoloji","description":"CNC par\u00e7a ba\u011flama \u00e7\u00f6z\u00fcmleri","publisher":{"@id":"https:\/\/tecus.com.tr\/en\/#organization"},"potentialAction":[{"@type":"SearchAction","target":{"@type":"EntryPoint","urlTemplate":"https:\/\/tecus.com.tr\/en\/?s={search_term_string}"},"query-input":"required name=search_term_string"}],"inLanguage":"en-US"},{"@type":"Organization","@id":"https:\/\/tecus.com.tr\/en\/#organization","name":"Tecus Teknoloji","url":"https:\/\/tecus.com.tr\/en\/","logo":{"@type":"ImageObject","inLanguage":"en-US","@id":"https:\/\/tecus.com.tr\/en\/#\/schema\/logo\/image\/","url":"https:\/\/tecus.com.tr\/wp-content\/uploads\/2018\/04\/tecus-logo-beyaz-2-e1528750997765.png","contentUrl":"https:\/\/tecus.com.tr\/wp-content\/uploads\/2018\/04\/tecus-logo-beyaz-2-e1528750997765.png","width":250,"height":53,"caption":"Tecus Teknoloji"},"image":{"@id":"https:\/\/tecus.com.tr\/en\/#\/schema\/logo\/image\/"}}]}},"_links":{"self":[{"href":"https:\/\/tecus.com.tr\/en\/wp-json\/wp\/v2\/product\/27747","targetHints":{"allow":["GET"]}}],"collection":[{"href":"https:\/\/tecus.com.tr\/en\/wp-json\/wp\/v2\/product"}],"about":[{"href":"https:\/\/tecus.com.tr\/en\/wp-json\/wp\/v2\/types\/product"}],"version-history":[{"count":3,"href":"https:\/\/tecus.com.tr\/en\/wp-json\/wp\/v2\/product\/27747\/revisions"}],"predecessor-version":[{"id":47872,"href":"https:\/\/tecus.com.tr\/en\/wp-json\/wp\/v2\/product\/27747\/revisions\/47872"}],"wp:featuredmedia":[{"embeddable":true,"href":"https:\/\/tecus.com.tr\/en\/wp-json\/wp\/v2\/media\/27748"}],"wp:attachment":[{"href":"https:\/\/tecus.com.tr\/en\/wp-json\/wp\/v2\/media?parent=27747"}],"wp:term":[{"taxonomy":"product_brand","embeddable":true,"href":"https:\/\/tecus.com.tr\/en\/wp-json\/wp\/v2\/product_brand?post=27747"},{"taxonomy":"product_cat","embeddable":true,"href":"https:\/\/tecus.com.tr\/en\/wp-json\/wp\/v2\/product_cat?post=27747"},{"taxonomy":"product_tag","embeddable":true,"href":"https:\/\/tecus.com.tr\/en\/wp-json\/wp\/v2\/product_tag?post=27747"}],"curies":[{"name":"wp","href":"https:\/\/api.w.org\/{rel}","templated":true}]}}