{"id":35188,"date":"2019-04-04T07:32:43","date_gmt":"2019-04-04T07:32:43","guid":{"rendered":"https:\/\/tecus.com.tr\/our-quality-policy\/"},"modified":"2025-10-26T17:11:54","modified_gmt":"2025-10-26T17:11:54","slug":"our-quality-policy","status":"publish","type":"page","link":"https:\/\/tecus.com.tr\/en\/our-quality-policy\/","title":{"rendered":"Our Quality Policy"},"content":{"rendered":"\t\t<div data-elementor-type=\"wp-post\" data-elementor-id=\"35188\" class=\"elementor elementor-35188 elementor-12456\" data-elementor-post-type=\"page\">\n\t\t\t\t\t\t<section class=\"elementor-section elementor-top-section elementor-element elementor-element-cdcec4f elementor-section-boxed elementor-section-height-default elementor-section-height-default\" data-id=\"cdcec4f\" data-element_type=\"section\">\n\t\t\t\t\t\t<div class=\"elementor-container elementor-column-gap-default\">\n\t\t\t\t\t<div class=\"elementor-column elementor-col-100 elementor-top-column elementor-element elementor-element-825b61a\" data-id=\"825b61a\" data-element_type=\"column\">\n\t\t\t<div class=\"elementor-widget-wrap elementor-element-populated\">\n\t\t\t\t\t\t<div class=\"elementor-element elementor-element-52aa1bc elementor-widget elementor-widget-text-editor\" data-id=\"52aa1bc\" data-element_type=\"widget\" data-widget_type=\"text-editor.default\">\n\t\t\t\t<div class=\"elementor-widget-container\">\n\t\t\t\t\t\t\t\t\t<p><strong>OUR QUALITY POLICY<\/strong><\/p><p><strong> <\/strong>In line with our company&#8217;s vision and in accordance with ISO 9001:2015 standard requirements, our quality policy is:<\/p><ul><li>To utilize developing and current technologies, closely monitor industry developments, continuously improve product quality, and achieve production that exceeds customer expectations<\/li><li>To prevent potential non-conformities by producing the most suitable, accurate, and economical solutions in the fastest manner<\/li><li>To be a reliable company with an understanding that meets customer needs and expectations at the highest level<\/li><li>To be an exemplary organization that is respectful to the society and environment we operate in, ensuring the continuity of our quality understanding to achieve our quality objectives in line with our policy<\/li><li>To provide all necessary training, ensure appropriate working environment, and support this with technology to become a family in order to achieve our goals through our work in line with our policy<\/li><li>To contribute to the national economy with the quality of service we provide by further increasing our experience and knowledge<\/li><li>To ensure customer satisfaction through employee satisfaction and our service quality <\/li><li>To ensure maximum communication and efficiency through a systematic approach in processes and management<\/li><li>To make continuous improvement sustainable based on the principle of efficiency<\/li><li>To fulfill applicable requirements and ensure an effective decision-making mechanism by involving employees and suppliers<\/li><li>To instill leadership in all our employees through strategic corporate governance<\/li><\/ul><p>As management, we commit to ensuring the continuity of the quality management system.<\/p>\t\t\t\t\t\t\t\t<\/div>\n\t\t\t\t<\/div>\n\t\t\t\t\t<\/div>\n\t\t<\/div>\n\t\t\t\t\t<\/div>\n\t\t<\/section>\n\t\t\t\t<\/div>\n\t\t","protected":false},"excerpt":{"rendered":"<p>OUR QUALITY POLICY In line with our company&#8217;s vision and in accordance with ISO 9001:2015 standard requirements, our quality policy is: To utilize developing and current technologies, closely monitor industry developments, continuously improve product quality, and achieve production that exceeds customer expectations To prevent potential non-conformities by producing the most suitable, accurate, and economical solutions &hellip;<\/p>\n<p class=\"read-more\"> <a class=\"\" href=\"https:\/\/tecus.com.tr\/en\/our-quality-policy\/\"> <span class=\"screen-reader-text\">Our Quality Policy<\/span> Read More &raquo;<\/a><\/p>\n","protected":false},"author":23,"featured_media":44833,"parent":0,"menu_order":0,"comment_status":"closed","ping_status":"closed","template":"elementor_header_footer","meta":{"_acf_changed":false,"footnotes":""},"class_list":["post-35188","page","type-page","status-publish","has-post-thumbnail","hentry"],"acf":[],"yoast_head":"<!-- This site is optimized with the Yoast SEO plugin v20.2.1 - https:\/\/yoast.com\/wordpress\/plugins\/seo\/ -->\n<title>Our Quality Policy - Tecus Teknoloji<\/title>\n<meta name=\"robots\" content=\"index, follow, max-snippet:-1, max-image-preview:large, max-video-preview:-1\" \/>\n<link rel=\"canonical\" href=\"https:\/\/tecus.com.tr\/en\/our-quality-policy\/\" \/>\n<meta property=\"og:locale\" content=\"en_US\" \/>\n<meta property=\"og:type\" content=\"article\" \/>\n<meta property=\"og:title\" content=\"Our Quality Policy - Tecus Teknoloji\" \/>\n<meta property=\"og:description\" content=\"OUR QUALITY POLICY In line with our company&#8217;s vision and in accordance with ISO 9001:2015 standard requirements, our quality policy is: To utilize developing and current technologies, closely monitor industry developments, continuously improve product quality, and achieve production that exceeds customer expectations To prevent potential non-conformities by producing the most suitable, accurate, and economical solutions &hellip; Our Quality Policy Read More &raquo;\" \/>\n<meta property=\"og:url\" content=\"https:\/\/tecus.com.tr\/en\/our-quality-policy\/\" \/>\n<meta property=\"og:site_name\" content=\"Tecus Teknoloji\" \/>\n<meta property=\"article:modified_time\" content=\"2025-10-26T17:11:54+00:00\" \/>\n<meta property=\"og:image\" content=\"https:\/\/tecus.com.tr\/wp-content\/uploads\/2025\/10\/kalite-politikamiz.png\" \/>\n\t<meta property=\"og:image:width\" content=\"1024\" \/>\n\t<meta property=\"og:image:height\" content=\"1024\" \/>\n\t<meta property=\"og:image:type\" content=\"image\/png\" \/>\n<meta name=\"twitter:card\" content=\"summary_large_image\" \/>\n<meta name=\"twitter:label1\" content=\"Est. reading time\" \/>\n\t<meta name=\"twitter:data1\" content=\"1 minute\" \/>\n<script type=\"application\/ld+json\" class=\"yoast-schema-graph\">{\"@context\":\"https:\/\/schema.org\",\"@graph\":[{\"@type\":\"WebPage\",\"@id\":\"https:\/\/tecus.com.tr\/en\/our-quality-policy\/\",\"url\":\"https:\/\/tecus.com.tr\/en\/our-quality-policy\/\",\"name\":\"Our Quality Policy - Tecus Teknoloji\",\"isPartOf\":{\"@id\":\"https:\/\/tecus.com.tr\/en\/#website\"},\"datePublished\":\"2019-04-04T07:32:43+00:00\",\"dateModified\":\"2025-10-26T17:11:54+00:00\",\"breadcrumb\":{\"@id\":\"https:\/\/tecus.com.tr\/en\/our-quality-policy\/#breadcrumb\"},\"inLanguage\":\"en-US\",\"potentialAction\":[{\"@type\":\"ReadAction\",\"target\":[\"https:\/\/tecus.com.tr\/en\/our-quality-policy\/\"]}]},{\"@type\":\"BreadcrumbList\",\"@id\":\"https:\/\/tecus.com.tr\/en\/our-quality-policy\/#breadcrumb\",\"itemListElement\":[{\"@type\":\"ListItem\",\"position\":1,\"name\":\"Ana sayfa\",\"item\":\"https:\/\/tecus.com.tr\/en\/\"},{\"@type\":\"ListItem\",\"position\":2,\"name\":\"Our Quality Policy\"}]},{\"@type\":\"WebSite\",\"@id\":\"https:\/\/tecus.com.tr\/en\/#website\",\"url\":\"https:\/\/tecus.com.tr\/en\/\",\"name\":\"Tecus Teknoloji\",\"description\":\"CNC par\u00e7a ba\u011flama \u00e7\u00f6z\u00fcmleri\",\"publisher\":{\"@id\":\"https:\/\/tecus.com.tr\/en\/#organization\"},\"potentialAction\":[{\"@type\":\"SearchAction\",\"target\":{\"@type\":\"EntryPoint\",\"urlTemplate\":\"https:\/\/tecus.com.tr\/en\/?s={search_term_string}\"},\"query-input\":\"required name=search_term_string\"}],\"inLanguage\":\"en-US\"},{\"@type\":\"Organization\",\"@id\":\"https:\/\/tecus.com.tr\/en\/#organization\",\"name\":\"Tecus Teknoloji\",\"url\":\"https:\/\/tecus.com.tr\/en\/\",\"logo\":{\"@type\":\"ImageObject\",\"inLanguage\":\"en-US\",\"@id\":\"https:\/\/tecus.com.tr\/en\/#\/schema\/logo\/image\/\",\"url\":\"https:\/\/tecus.com.tr\/wp-content\/uploads\/2018\/04\/tecus-logo-beyaz-2-e1528750997765.png\",\"contentUrl\":\"https:\/\/tecus.com.tr\/wp-content\/uploads\/2018\/04\/tecus-logo-beyaz-2-e1528750997765.png\",\"width\":250,\"height\":53,\"caption\":\"Tecus Teknoloji\"},\"image\":{\"@id\":\"https:\/\/tecus.com.tr\/en\/#\/schema\/logo\/image\/\"}}]}<\/script>\n<!-- \/ Yoast SEO plugin. -->","yoast_head_json":{"title":"Our Quality Policy - Tecus Teknoloji","robots":{"index":"index","follow":"follow","max-snippet":"max-snippet:-1","max-image-preview":"max-image-preview:large","max-video-preview":"max-video-preview:-1"},"canonical":"https:\/\/tecus.com.tr\/en\/our-quality-policy\/","og_locale":"en_US","og_type":"article","og_title":"Our Quality Policy - Tecus Teknoloji","og_description":"OUR QUALITY POLICY In line with our company&#8217;s vision and in accordance with ISO 9001:2015 standard requirements, our quality policy is: To utilize developing and current technologies, closely monitor industry developments, continuously improve product quality, and achieve production that exceeds customer expectations To prevent potential non-conformities by producing the most suitable, accurate, and economical solutions &hellip; Our Quality Policy Read More &raquo;","og_url":"https:\/\/tecus.com.tr\/en\/our-quality-policy\/","og_site_name":"Tecus Teknoloji","article_modified_time":"2025-10-26T17:11:54+00:00","og_image":[{"width":1024,"height":1024,"url":"https:\/\/tecus.com.tr\/wp-content\/uploads\/2025\/10\/kalite-politikamiz.png","type":"image\/png"}],"twitter_card":"summary_large_image","twitter_misc":{"Est. reading time":"1 minute"},"schema":{"@context":"https:\/\/schema.org","@graph":[{"@type":"WebPage","@id":"https:\/\/tecus.com.tr\/en\/our-quality-policy\/","url":"https:\/\/tecus.com.tr\/en\/our-quality-policy\/","name":"Our Quality Policy - Tecus Teknoloji","isPartOf":{"@id":"https:\/\/tecus.com.tr\/en\/#website"},"datePublished":"2019-04-04T07:32:43+00:00","dateModified":"2025-10-26T17:11:54+00:00","breadcrumb":{"@id":"https:\/\/tecus.com.tr\/en\/our-quality-policy\/#breadcrumb"},"inLanguage":"en-US","potentialAction":[{"@type":"ReadAction","target":["https:\/\/tecus.com.tr\/en\/our-quality-policy\/"]}]},{"@type":"BreadcrumbList","@id":"https:\/\/tecus.com.tr\/en\/our-quality-policy\/#breadcrumb","itemListElement":[{"@type":"ListItem","position":1,"name":"Ana sayfa","item":"https:\/\/tecus.com.tr\/en\/"},{"@type":"ListItem","position":2,"name":"Our Quality Policy"}]},{"@type":"WebSite","@id":"https:\/\/tecus.com.tr\/en\/#website","url":"https:\/\/tecus.com.tr\/en\/","name":"Tecus Teknoloji","description":"CNC par\u00e7a ba\u011flama \u00e7\u00f6z\u00fcmleri","publisher":{"@id":"https:\/\/tecus.com.tr\/en\/#organization"},"potentialAction":[{"@type":"SearchAction","target":{"@type":"EntryPoint","urlTemplate":"https:\/\/tecus.com.tr\/en\/?s={search_term_string}"},"query-input":"required name=search_term_string"}],"inLanguage":"en-US"},{"@type":"Organization","@id":"https:\/\/tecus.com.tr\/en\/#organization","name":"Tecus Teknoloji","url":"https:\/\/tecus.com.tr\/en\/","logo":{"@type":"ImageObject","inLanguage":"en-US","@id":"https:\/\/tecus.com.tr\/en\/#\/schema\/logo\/image\/","url":"https:\/\/tecus.com.tr\/wp-content\/uploads\/2018\/04\/tecus-logo-beyaz-2-e1528750997765.png","contentUrl":"https:\/\/tecus.com.tr\/wp-content\/uploads\/2018\/04\/tecus-logo-beyaz-2-e1528750997765.png","width":250,"height":53,"caption":"Tecus Teknoloji"},"image":{"@id":"https:\/\/tecus.com.tr\/en\/#\/schema\/logo\/image\/"}}]}},"_links":{"self":[{"href":"https:\/\/tecus.com.tr\/en\/wp-json\/wp\/v2\/pages\/35188","targetHints":{"allow":["GET"]}}],"collection":[{"href":"https:\/\/tecus.com.tr\/en\/wp-json\/wp\/v2\/pages"}],"about":[{"href":"https:\/\/tecus.com.tr\/en\/wp-json\/wp\/v2\/types\/page"}],"author":[{"embeddable":true,"href":"https:\/\/tecus.com.tr\/en\/wp-json\/wp\/v2\/users\/23"}],"replies":[{"embeddable":true,"href":"https:\/\/tecus.com.tr\/en\/wp-json\/wp\/v2\/comments?post=35188"}],"version-history":[{"count":1,"href":"https:\/\/tecus.com.tr\/en\/wp-json\/wp\/v2\/pages\/35188\/revisions"}],"predecessor-version":[{"id":35189,"href":"https:\/\/tecus.com.tr\/en\/wp-json\/wp\/v2\/pages\/35188\/revisions\/35189"}],"wp:featuredmedia":[{"embeddable":true,"href":"https:\/\/tecus.com.tr\/en\/wp-json\/wp\/v2\/media\/44833"}],"wp:attachment":[{"href":"https:\/\/tecus.com.tr\/en\/wp-json\/wp\/v2\/media?parent=35188"}],"curies":[{"name":"wp","href":"https:\/\/api.w.org\/{rel}","templated":true}]}}