{"id":34675,"date":"2018-07-07T12:16:14","date_gmt":"2018-07-07T12:16:14","guid":{"rendered":"https:\/\/tecus.com.tr\/urun\/mitee-grip-klebefixiersystem\/"},"modified":"2025-10-27T19:53:49","modified_gmt":"2025-10-27T19:53:49","slug":"mitee-grip-klebefixiersystem","status":"publish","type":"product","link":"https:\/\/tecus.com.tr\/de\/produkt\/mitee-grip-klebefixiersystem\/","title":{"rendered":"Mitee-Grip"},"content":{"rendered":"","protected":false},"excerpt":{"rendered":"<p><em>Wie h\u00e4lt man ein Werkst\u00fcck, wenn man keine Klemme verwenden kann?<\/em><\/p>\n<p>Mitee-Grip\u2122 ist eine w\u00e4rmeaktivierbare, kittbasierte Verbindung, die in Papier eingebettet ist und in Form einer auf Nylon beschichteten Klebefolie vorliegt.<\/p>\n<p>Dieses Haltemedium bewahrt die Parallelit\u00e4t auf markierten Teilen. Es ist sehr n\u00fctzlich f\u00fcr d\u00fcnne Teile, Mikrobearbeitung, optische Komponenten und Quarzkomponenten sowie Schmuckteile. Die ungef\u00e4hre Haltekraft betr\u00e4gt 40 PSI.  <\/p>\n<p>&nbsp;<\/p>\n","protected":false},"featured_media":44699,"template":"","meta":{"_acf_changed":false},"product_brand":[],"product_cat":[476],"product_tag":[],"class_list":{"0":"post-34675","1":"product","2":"type-product","3":"status-publish","4":"has-post-thumbnail","6":"product_cat-spannvorrichtungen-mit-unterdruck","8":"first","9":"instock","10":"taxable","11":"shipping-taxable","12":"product-type-simple"},"acf":[],"yoast_head":"<!-- This site is optimized with the Yoast SEO plugin v20.2.1 - https:\/\/yoast.com\/wordpress\/plugins\/seo\/ -->\n<title>Mitee-Grip - Tecus Teknoloji<\/title>\n<meta name=\"robots\" content=\"index, follow, max-snippet:-1, max-image-preview:large, max-video-preview:-1\" \/>\n<link rel=\"canonical\" href=\"https:\/\/tecus.com.tr\/de\/produkt\/mitee-grip-klebefixiersystem\/\" \/>\n<meta property=\"og:locale\" content=\"de_DE\" \/>\n<meta property=\"og:type\" content=\"article\" \/>\n<meta property=\"og:title\" content=\"Mitee-Grip - Tecus Teknoloji\" \/>\n<meta property=\"og:description\" content=\"Wie h\u00e4lt man ein Werkst\u00fcck, wenn man keine Klemme verwenden kann? Mitee-Grip\u2122 ist eine w\u00e4rmeaktivierbare, kittbasierte Verbindung, die in Papier eingebettet ist und in Form einer auf Nylon beschichteten Klebefolie vorliegt. Dieses Haltemedium bewahrt die Parallelit\u00e4t auf markierten Teilen. Es ist sehr n\u00fctzlich f\u00fcr d\u00fcnne Teile, Mikrobearbeitung, optische Komponenten und Quarzkomponenten sowie Schmuckteile. Die ungef\u00e4hre Haltekraft betr\u00e4gt 40 PSI.  &nbsp;\" \/>\n<meta property=\"og:url\" content=\"https:\/\/tecus.com.tr\/de\/produkt\/mitee-grip-klebefixiersystem\/\" \/>\n<meta property=\"og:site_name\" content=\"Tecus Teknoloji\" \/>\n<meta property=\"article:modified_time\" content=\"2025-10-27T19:53:49+00:00\" \/>\n<meta property=\"og:image\" content=\"https:\/\/tecus.com.tr\/wp-content\/uploads\/2018\/07\/miteegripyapistirmasistemi.png\" \/>\n\t<meta property=\"og:image:width\" content=\"1024\" \/>\n\t<meta property=\"og:image:height\" content=\"1024\" \/>\n\t<meta property=\"og:image:type\" content=\"image\/png\" \/>\n<meta name=\"twitter:card\" content=\"summary_large_image\" \/>\n<script type=\"application\/ld+json\" class=\"yoast-schema-graph\">{\"@context\":\"https:\/\/schema.org\",\"@graph\":[{\"@type\":\"WebPage\",\"@id\":\"https:\/\/tecus.com.tr\/de\/produkt\/mitee-grip-klebefixiersystem\/\",\"url\":\"https:\/\/tecus.com.tr\/de\/produkt\/mitee-grip-klebefixiersystem\/\",\"name\":\"Mitee-Grip - Tecus Teknoloji\",\"isPartOf\":{\"@id\":\"https:\/\/tecus.com.tr\/de\/#website\"},\"datePublished\":\"2018-07-07T12:16:14+00:00\",\"dateModified\":\"2025-10-27T19:53:49+00:00\",\"breadcrumb\":{\"@id\":\"https:\/\/tecus.com.tr\/de\/produkt\/mitee-grip-klebefixiersystem\/#breadcrumb\"},\"inLanguage\":\"de\",\"potentialAction\":[{\"@type\":\"ReadAction\",\"target\":[\"https:\/\/tecus.com.tr\/de\/produkt\/mitee-grip-klebefixiersystem\/\"]}]},{\"@type\":\"BreadcrumbList\",\"@id\":\"https:\/\/tecus.com.tr\/de\/produkt\/mitee-grip-klebefixiersystem\/#breadcrumb\",\"itemListElement\":[{\"@type\":\"ListItem\",\"position\":1,\"name\":\"Ana sayfa\",\"item\":\"https:\/\/tecus.com.tr\/de\/\"},{\"@type\":\"ListItem\",\"position\":2,\"name\":\"Ma\u011faza\",\"item\":\"https:\/\/tecus.com.tr\/magaza\/\"},{\"@type\":\"ListItem\",\"position\":3,\"name\":\"Mitee-Grip\"}]},{\"@type\":\"WebSite\",\"@id\":\"https:\/\/tecus.com.tr\/de\/#website\",\"url\":\"https:\/\/tecus.com.tr\/de\/\",\"name\":\"Tecus Teknoloji\",\"description\":\"CNC par\u00e7a ba\u011flama \u00e7\u00f6z\u00fcmleri\",\"publisher\":{\"@id\":\"https:\/\/tecus.com.tr\/de\/#organization\"},\"potentialAction\":[{\"@type\":\"SearchAction\",\"target\":{\"@type\":\"EntryPoint\",\"urlTemplate\":\"https:\/\/tecus.com.tr\/de\/?s={search_term_string}\"},\"query-input\":\"required name=search_term_string\"}],\"inLanguage\":\"de\"},{\"@type\":\"Organization\",\"@id\":\"https:\/\/tecus.com.tr\/de\/#organization\",\"name\":\"Tecus Teknoloji\",\"url\":\"https:\/\/tecus.com.tr\/de\/\",\"logo\":{\"@type\":\"ImageObject\",\"inLanguage\":\"de\",\"@id\":\"https:\/\/tecus.com.tr\/de\/#\/schema\/logo\/image\/\",\"url\":\"https:\/\/tecus.com.tr\/wp-content\/uploads\/2018\/04\/tecus-logo-beyaz-2-e1528750997765.png\",\"contentUrl\":\"https:\/\/tecus.com.tr\/wp-content\/uploads\/2018\/04\/tecus-logo-beyaz-2-e1528750997765.png\",\"width\":250,\"height\":53,\"caption\":\"Tecus Teknoloji\"},\"image\":{\"@id\":\"https:\/\/tecus.com.tr\/de\/#\/schema\/logo\/image\/\"}}]}<\/script>\n<!-- \/ Yoast SEO plugin. -->","yoast_head_json":{"title":"Mitee-Grip - Tecus Teknoloji","robots":{"index":"index","follow":"follow","max-snippet":"max-snippet:-1","max-image-preview":"max-image-preview:large","max-video-preview":"max-video-preview:-1"},"canonical":"https:\/\/tecus.com.tr\/de\/produkt\/mitee-grip-klebefixiersystem\/","og_locale":"de_DE","og_type":"article","og_title":"Mitee-Grip - Tecus Teknoloji","og_description":"Wie h\u00e4lt man ein Werkst\u00fcck, wenn man keine Klemme verwenden kann? Mitee-Grip\u2122 ist eine w\u00e4rmeaktivierbare, kittbasierte Verbindung, die in Papier eingebettet ist und in Form einer auf Nylon beschichteten Klebefolie vorliegt. Dieses Haltemedium bewahrt die Parallelit\u00e4t auf markierten Teilen. Es ist sehr n\u00fctzlich f\u00fcr d\u00fcnne Teile, Mikrobearbeitung, optische Komponenten und Quarzkomponenten sowie Schmuckteile. Die ungef\u00e4hre Haltekraft betr\u00e4gt 40 PSI.  &nbsp;","og_url":"https:\/\/tecus.com.tr\/de\/produkt\/mitee-grip-klebefixiersystem\/","og_site_name":"Tecus Teknoloji","article_modified_time":"2025-10-27T19:53:49+00:00","og_image":[{"width":1024,"height":1024,"url":"https:\/\/tecus.com.tr\/wp-content\/uploads\/2018\/07\/miteegripyapistirmasistemi.png","type":"image\/png"}],"twitter_card":"summary_large_image","schema":{"@context":"https:\/\/schema.org","@graph":[{"@type":"WebPage","@id":"https:\/\/tecus.com.tr\/de\/produkt\/mitee-grip-klebefixiersystem\/","url":"https:\/\/tecus.com.tr\/de\/produkt\/mitee-grip-klebefixiersystem\/","name":"Mitee-Grip - Tecus Teknoloji","isPartOf":{"@id":"https:\/\/tecus.com.tr\/de\/#website"},"datePublished":"2018-07-07T12:16:14+00:00","dateModified":"2025-10-27T19:53:49+00:00","breadcrumb":{"@id":"https:\/\/tecus.com.tr\/de\/produkt\/mitee-grip-klebefixiersystem\/#breadcrumb"},"inLanguage":"de","potentialAction":[{"@type":"ReadAction","target":["https:\/\/tecus.com.tr\/de\/produkt\/mitee-grip-klebefixiersystem\/"]}]},{"@type":"BreadcrumbList","@id":"https:\/\/tecus.com.tr\/de\/produkt\/mitee-grip-klebefixiersystem\/#breadcrumb","itemListElement":[{"@type":"ListItem","position":1,"name":"Ana sayfa","item":"https:\/\/tecus.com.tr\/de\/"},{"@type":"ListItem","position":2,"name":"Ma\u011faza","item":"https:\/\/tecus.com.tr\/magaza\/"},{"@type":"ListItem","position":3,"name":"Mitee-Grip"}]},{"@type":"WebSite","@id":"https:\/\/tecus.com.tr\/de\/#website","url":"https:\/\/tecus.com.tr\/de\/","name":"Tecus Teknoloji","description":"CNC par\u00e7a ba\u011flama \u00e7\u00f6z\u00fcmleri","publisher":{"@id":"https:\/\/tecus.com.tr\/de\/#organization"},"potentialAction":[{"@type":"SearchAction","target":{"@type":"EntryPoint","urlTemplate":"https:\/\/tecus.com.tr\/de\/?s={search_term_string}"},"query-input":"required name=search_term_string"}],"inLanguage":"de"},{"@type":"Organization","@id":"https:\/\/tecus.com.tr\/de\/#organization","name":"Tecus Teknoloji","url":"https:\/\/tecus.com.tr\/de\/","logo":{"@type":"ImageObject","inLanguage":"de","@id":"https:\/\/tecus.com.tr\/de\/#\/schema\/logo\/image\/","url":"https:\/\/tecus.com.tr\/wp-content\/uploads\/2018\/04\/tecus-logo-beyaz-2-e1528750997765.png","contentUrl":"https:\/\/tecus.com.tr\/wp-content\/uploads\/2018\/04\/tecus-logo-beyaz-2-e1528750997765.png","width":250,"height":53,"caption":"Tecus Teknoloji"},"image":{"@id":"https:\/\/tecus.com.tr\/de\/#\/schema\/logo\/image\/"}}]}},"_links":{"self":[{"href":"https:\/\/tecus.com.tr\/de\/wp-json\/wp\/v2\/product\/34675","targetHints":{"allow":["GET"]}}],"collection":[{"href":"https:\/\/tecus.com.tr\/de\/wp-json\/wp\/v2\/product"}],"about":[{"href":"https:\/\/tecus.com.tr\/de\/wp-json\/wp\/v2\/types\/product"}],"version-history":[{"count":3,"href":"https:\/\/tecus.com.tr\/de\/wp-json\/wp\/v2\/product\/34675\/revisions"}],"predecessor-version":[{"id":47744,"href":"https:\/\/tecus.com.tr\/de\/wp-json\/wp\/v2\/product\/34675\/revisions\/47744"}],"wp:featuredmedia":[{"embeddable":true,"href":"https:\/\/tecus.com.tr\/de\/wp-json\/wp\/v2\/media\/44699"}],"wp:attachment":[{"href":"https:\/\/tecus.com.tr\/de\/wp-json\/wp\/v2\/media?parent=34675"}],"wp:term":[{"taxonomy":"product_brand","embeddable":true,"href":"https:\/\/tecus.com.tr\/de\/wp-json\/wp\/v2\/product_brand?post=34675"},{"taxonomy":"product_cat","embeddable":true,"href":"https:\/\/tecus.com.tr\/de\/wp-json\/wp\/v2\/product_cat?post=34675"},{"taxonomy":"product_tag","embeddable":true,"href":"https:\/\/tecus.com.tr\/de\/wp-json\/wp\/v2\/product_tag?post=34675"}],"curies":[{"name":"wp","href":"https:\/\/api.w.org\/{rel}","templated":true}]}}