{"id":33580,"date":"2018-07-07T13:18:50","date_gmt":"2018-07-07T13:18:50","guid":{"rendered":"https:\/\/tecus.com.tr\/urun\/vacmagic-vm300-vakuumtisch\/"},"modified":"2025-10-30T18:34:56","modified_gmt":"2025-10-30T18:34:56","slug":"vacmagic-vm300-vakuumtisch","status":"publish","type":"product","link":"https:\/\/tecus.com.tr\/de\/produkt\/vacmagic-vm300-vakuumtisch\/","title":{"rendered":"Vacmagic VM300 Vakuumtisch"},"content":{"rendered":"\t\t<div data-elementor-type=\"wp-post\" data-elementor-id=\"33580\" class=\"elementor elementor-33580 elementor-9262\" data-elementor-post-type=\"product\">\n\t\t\t\t\t\t<section class=\"elementor-section elementor-top-section elementor-element elementor-element-5e5f45d2 elementor-section-boxed elementor-section-height-default elementor-section-height-default\" data-id=\"5e5f45d2\" data-element_type=\"section\">\n\t\t\t\t\t\t<div class=\"elementor-container elementor-column-gap-default\">\n\t\t\t\t\t<div class=\"elementor-column elementor-col-100 elementor-top-column elementor-element elementor-element-6f51dd41\" data-id=\"6f51dd41\" data-element_type=\"column\">\n\t\t\t<div class=\"elementor-widget-wrap elementor-element-populated\">\n\t\t\t\t\t\t<div class=\"elementor-element elementor-element-663fc1b8 elementor-widget elementor-widget-text-editor\" data-id=\"663fc1b8\" data-element_type=\"widget\" data-widget_type=\"text-editor.default\">\n\t\t\t\t<div class=\"elementor-widget-container\">\n\t\t\t\t\t\t\t\t\t<p><img fetchpriority=\"high\" decoding=\"async\" src=\"http:\/\/www.miteebite.com\/wp-content\/uploads\/2014\/02\/vacmagic300_draw.png\" alt=\"\" width=\"412\" height=\"341\"><br>In relativ kurzer Zeit hat sich der VM300 als das Vakuumsystem etabliert, an dem sich andere messen. Zu den F\u00e4higkeiten geh\u00f6ren herk\u00f6mmliche Vakuumanwendungen, die unsere Standard-Rasterplatte und kundenspezifische Vakuumanwendungen (z. B. die Bearbeitung eines leeren Paletten, um sie an eine bestimmte Teilegeometrie anzupassen) sowie die F\u00e4higkeit nutzen, als Palettenwechsler mit Gestein zu arbeiten. <\/p><table><tbody><tr><th align=\"left\">Keine Artikel.<\/th><th align=\"left\">Beschreibung<\/th><th align=\"left\">A \u2013 L\u00e4nge Zoll (Metrisch)<\/th><th align=\"left\">B \u2013 Breite Zoll (Metrisch)<\/th><th align=\"left\">C \u2013 H\u00f6he Zoll (Metrisch)<\/th><\/tr><tr><td align=\"center\">45130<\/td><td align=\"LEFT\">VM300 Leere Palette<\/td><td align=\"CENTER\">14.3 &#8222;(360 mm)<\/td><td align=\"CENTER\">12.4 &#8222;(315 mm)<\/td><td align=\"CENTER\">0.75 &#8222;(19 mm)<\/td><\/tr><tr><td align=\"center\">45135<\/td><td align=\"LEFT\">1 \u2033 Leere Palette<\/td><td align=\"CENTER\">14.93 &#8222;(379mm)<\/td><td align=\"CENTER\">14.93 &#8222;(379mm)<\/td><td align=\"CENTER\">1.0 &#8222;(25,4 mm)<\/td><\/tr><tr><td align=\"center\">45150<\/td><td align=\"LEFT\">VM300 Vakuum-Palette<\/td><td align=\"CENTER\">14.3 &#8222;(360 mm)<\/td><td align=\"CENTER\">12.4 &#8222;(315 mm)<\/td><td align=\"CENTER\">0.625 &#8222;(16 mm)<\/td><\/tr><tr><td align=\"center\">45160<\/td><td align=\"LEFT\">VM300 Gro\u00dfe Vakuum-Palette<\/td><td align=\"CENTER\">33,625 &#8222;(859mm)<\/td><td align=\"CENTER\">14.5 &#8222;(368mm Sport)<\/td><td align=\"CENTER\">0.625 &#8222;(16 mm)<\/td><\/tr><tr><td align=\"center\">45175<\/td><td align=\"LEFT\">VM300 Basiseinheit (Empf\u00e4nger) Enth\u00e4lt alle Hardware<\/td><td align=\"CENTER\">12.75 &#8222;(323mm)<\/td><td align=\"CENTER\">13.0 &#8222;(330 mm)<\/td><td align=\"CENTER\">1.375 &#8222;(35mm)<\/td><\/tr><tr><td align=\"center\">45101<\/td><td colspan=\"4\" align=\"LEFT\">VM300 Kit Inhalt: Haupteinheit, 2 leere Paletten, 1 Vakuum-Palette<\/td><\/tr><\/tbody><\/table><h2> <\/h2><h2>Dichtungsmaterial<\/h2><p>(f\u00fcr VM300 und VM100)<\/p><table><tbody><tr> <th align=\"left\"> <\/th><th align=\"left\">Teilenummer<\/th><th align=\"left\">Beschreibung<\/th><th align=\"left\">(Zoll) Durchmesser<\/th><\/tr><tr><td align=\"center\">SCHWARZ<\/td><td align=\"LEFT\">45111<\/td><td align=\"CENTER\">zu Fu\u00df<\/td><td align=\"CENTER\">0,170 *<\/td><\/tr><tr> <td align=\"center\"> <\/td><td align=\"LEFT\">45115<\/td><td align=\"CENTER\">zu Fu\u00df<\/td><td align=\"CENTER\">0,070<\/td><\/tr><tr> <td align=\"center\"> <\/td><td align=\"LEFT\">451181<\/td><td align=\"CENTER\">zu Fu\u00df<\/td><td align=\"CENTER\">0,125<\/td><\/tr><tr> <td align=\"center\"> <\/td><td align=\"LEFT\">45119<\/td><td align=\"CENTER\">zu Fu\u00df<\/td><td align=\"CENTER\">0,188<\/td><\/tr><tr><td align=\"center\">WEISS<\/td><td align=\"LEFT\">45114<\/td><td align=\"CENTER\">zu Fu\u00df<\/td><td align=\"CENTER\">0,170 *<\/td><\/tr><tr> <td align=\"center\"> <\/td><td align=\"LEFT\">45116<\/td><td align=\"CENTER\">zu Fu\u00df<\/td><td align=\"CENTER\">0,070<\/td><\/tr><tr> <td align=\"center\"> <\/td><td align=\"LEFT\">45117<\/td><td align=\"CENTER\">zu Fu\u00df<\/td><td align=\"CENTER\">0,125<\/td><\/tr><\/tbody><\/table><p><strong>SCHWARZ<\/strong> \u2013 Ideal f\u00fcr lange Zyklen und aggressive K\u00fchlmittel<br><strong>WEISS<\/strong> \u2013 Perfekt f\u00fcr kleine Teile, wasserbasierte K\u00fchlmittel oder Trockenbearbeitung.<br>* Ersatzgr\u00f6\u00dfe f\u00fcr Basiseinheiten und Vakuum-Paletten. Andere aufgef\u00fchrte Gr\u00f6\u00dfen f\u00fcr ma\u00dfgefertigte Paletten. <\/p><table border=\"0\" width=\"982\" cellspacing=\"2\" cellpadding=\"1\"><tbody><tr><td align=\"left\" valign=\"top\" width=\"403\"><h3>Zus\u00e4tzliche Vorteile<\/h3><ul><li>Einfaches Design h\u00e4lt die Kosten niedrig<\/li><li>Schneller Wechsel \u2013 Paletten in 30 Sekunden oder weniger wechseln<\/li><li>Maximale Produktivit\u00e4t \u2013 Paletten w\u00e4hrend der Bearbeitung laden<\/li><li>Einfache Installation und Einrichtung Pr\u00e4zise Wiederholbarkeit<\/li><li>Zuverl\u00e4ssig und einfach zu bedienen \u2013 nahezu wartungsfrei<\/li><li>Flexibles Palettendesign \u2013 nur durch Ihre Vorstellungskraft begrenzt!<\/li><li>Keine Pumpe \u2013 nutzt Standard-Werkstattluft<\/li><li>Wird mit einem Paket unserer Original Fixture CLamps und Sliding Stops geliefert.<\/li><\/ul><\/td><td align=\"center\" valign=\"top\" width=\"569\"><img decoding=\"async\" src=\"http:\/\/www.miteebite.com\/wp-content\/uploads\/2014\/02\/vacmagic1.jpg\" alt=\"\" width=\"499\" height=\"209\"><\/td><\/tr><\/tbody><\/table>\t\t\t\t\t\t\t\t<\/div>\n\t\t\t\t<\/div>\n\t\t\t\t\t<\/div>\n\t\t<\/div>\n\t\t\t\t\t<\/div>\n\t\t<\/section>\n\t\t\t\t<\/div>\n\t\t","protected":false},"excerpt":{"rendered":"<p>In relativ kurzer Zeit hat sich der VM300 als das Vakuumsystem etabliert, an dem sich andere messen. Zu den F\u00e4higkeiten geh\u00f6ren herk\u00f6mmliche Vakuumanwendungen, die unsere Standard-Rasterplatte und kundenspezifische Vakuumanwendungen (z. B. die Bearbeitung eines leeren Paletten, um sie an eine bestimmte Teilegeometrie anzupassen) sowie die F\u00e4higkeit nutzen, als Palettenwechsler mit Gestein zu arbeiten. <\/p>\n","protected":false},"featured_media":36314,"template":"","meta":{"_acf_changed":false},"product_brand":[],"product_cat":[439],"product_tag":[],"class_list":{"0":"post-33580","1":"product","2":"type-product","3":"status-publish","4":"has-post-thumbnail","6":"product_cat-vakuumtisch","8":"first","9":"instock","10":"taxable","11":"shipping-taxable","12":"product-type-simple"},"acf":[],"yoast_head":"<!-- This site is optimized with the Yoast SEO plugin v20.2.1 - https:\/\/yoast.com\/wordpress\/plugins\/seo\/ -->\n<title>Vacmagic VM300 Vakuumtisch - Tecus Teknoloji<\/title>\n<meta name=\"robots\" content=\"index, follow, max-snippet:-1, max-image-preview:large, max-video-preview:-1\" \/>\n<link rel=\"canonical\" href=\"https:\/\/tecus.com.tr\/de\/produkt\/vacmagic-vm300-vakuumtisch\/\" \/>\n<meta property=\"og:locale\" content=\"de_DE\" \/>\n<meta property=\"og:type\" content=\"article\" \/>\n<meta property=\"og:title\" content=\"Vacmagic VM300 Vakuumtisch - Tecus Teknoloji\" \/>\n<meta property=\"og:description\" content=\"In relativ kurzer Zeit hat sich der VM300 als das Vakuumsystem etabliert, an dem sich andere messen. Zu den F\u00e4higkeiten geh\u00f6ren herk\u00f6mmliche Vakuumanwendungen, die unsere Standard-Rasterplatte und kundenspezifische Vakuumanwendungen (z. B. die Bearbeitung eines leeren Paletten, um sie an eine bestimmte Teilegeometrie anzupassen) sowie die F\u00e4higkeit nutzen, als Palettenwechsler mit Gestein zu arbeiten.\" \/>\n<meta property=\"og:url\" content=\"https:\/\/tecus.com.tr\/de\/produkt\/vacmagic-vm300-vakuumtisch\/\" \/>\n<meta property=\"og:site_name\" content=\"Tecus Teknoloji\" \/>\n<meta property=\"article:modified_time\" content=\"2025-10-30T18:34:56+00:00\" \/>\n<meta property=\"og:image\" content=\"https:\/\/tecus.com.tr\/wp-content\/uploads\/2018\/07\/Vacmagic-Chuck.png\" \/>\n\t<meta property=\"og:image:width\" content=\"1024\" \/>\n\t<meta property=\"og:image:height\" content=\"1024\" \/>\n\t<meta property=\"og:image:type\" content=\"image\/png\" \/>\n<meta name=\"twitter:card\" content=\"summary_large_image\" \/>\n<meta name=\"twitter:label1\" content=\"Gesch\u00e4tzte Lesezeit\" \/>\n\t<meta name=\"twitter:data1\" content=\"1\u00a0Minute\" \/>\n<script type=\"application\/ld+json\" class=\"yoast-schema-graph\">{\"@context\":\"https:\/\/schema.org\",\"@graph\":[{\"@type\":\"WebPage\",\"@id\":\"https:\/\/tecus.com.tr\/de\/produkt\/vacmagic-vm300-vakuumtisch\/\",\"url\":\"https:\/\/tecus.com.tr\/de\/produkt\/vacmagic-vm300-vakuumtisch\/\",\"name\":\"Vacmagic VM300 Vakuumtisch - Tecus Teknoloji\",\"isPartOf\":{\"@id\":\"https:\/\/tecus.com.tr\/de\/#website\"},\"datePublished\":\"2018-07-07T13:18:50+00:00\",\"dateModified\":\"2025-10-30T18:34:56+00:00\",\"breadcrumb\":{\"@id\":\"https:\/\/tecus.com.tr\/de\/produkt\/vacmagic-vm300-vakuumtisch\/#breadcrumb\"},\"inLanguage\":\"de\",\"potentialAction\":[{\"@type\":\"ReadAction\",\"target\":[\"https:\/\/tecus.com.tr\/de\/produkt\/vacmagic-vm300-vakuumtisch\/\"]}]},{\"@type\":\"BreadcrumbList\",\"@id\":\"https:\/\/tecus.com.tr\/de\/produkt\/vacmagic-vm300-vakuumtisch\/#breadcrumb\",\"itemListElement\":[{\"@type\":\"ListItem\",\"position\":1,\"name\":\"Ana sayfa\",\"item\":\"https:\/\/tecus.com.tr\/de\/\"},{\"@type\":\"ListItem\",\"position\":2,\"name\":\"Ma\u011faza\",\"item\":\"https:\/\/tecus.com.tr\/magaza\/\"},{\"@type\":\"ListItem\",\"position\":3,\"name\":\"Vacmagic VM300 Vakuumtisch\"}]},{\"@type\":\"WebSite\",\"@id\":\"https:\/\/tecus.com.tr\/de\/#website\",\"url\":\"https:\/\/tecus.com.tr\/de\/\",\"name\":\"Tecus Teknoloji\",\"description\":\"CNC par\u00e7a ba\u011flama \u00e7\u00f6z\u00fcmleri\",\"publisher\":{\"@id\":\"https:\/\/tecus.com.tr\/de\/#organization\"},\"potentialAction\":[{\"@type\":\"SearchAction\",\"target\":{\"@type\":\"EntryPoint\",\"urlTemplate\":\"https:\/\/tecus.com.tr\/de\/?s={search_term_string}\"},\"query-input\":\"required name=search_term_string\"}],\"inLanguage\":\"de\"},{\"@type\":\"Organization\",\"@id\":\"https:\/\/tecus.com.tr\/de\/#organization\",\"name\":\"Tecus Teknoloji\",\"url\":\"https:\/\/tecus.com.tr\/de\/\",\"logo\":{\"@type\":\"ImageObject\",\"inLanguage\":\"de\",\"@id\":\"https:\/\/tecus.com.tr\/de\/#\/schema\/logo\/image\/\",\"url\":\"https:\/\/tecus.com.tr\/wp-content\/uploads\/2018\/04\/tecus-logo-beyaz-2-e1528750997765.png\",\"contentUrl\":\"https:\/\/tecus.com.tr\/wp-content\/uploads\/2018\/04\/tecus-logo-beyaz-2-e1528750997765.png\",\"width\":250,\"height\":53,\"caption\":\"Tecus Teknoloji\"},\"image\":{\"@id\":\"https:\/\/tecus.com.tr\/de\/#\/schema\/logo\/image\/\"}}]}<\/script>\n<!-- \/ Yoast SEO plugin. -->","yoast_head_json":{"title":"Vacmagic VM300 Vakuumtisch - Tecus Teknoloji","robots":{"index":"index","follow":"follow","max-snippet":"max-snippet:-1","max-image-preview":"max-image-preview:large","max-video-preview":"max-video-preview:-1"},"canonical":"https:\/\/tecus.com.tr\/de\/produkt\/vacmagic-vm300-vakuumtisch\/","og_locale":"de_DE","og_type":"article","og_title":"Vacmagic VM300 Vakuumtisch - Tecus Teknoloji","og_description":"In relativ kurzer Zeit hat sich der VM300 als das Vakuumsystem etabliert, an dem sich andere messen. Zu den F\u00e4higkeiten geh\u00f6ren herk\u00f6mmliche Vakuumanwendungen, die unsere Standard-Rasterplatte und kundenspezifische Vakuumanwendungen (z. B. die Bearbeitung eines leeren Paletten, um sie an eine bestimmte Teilegeometrie anzupassen) sowie die F\u00e4higkeit nutzen, als Palettenwechsler mit Gestein zu arbeiten.","og_url":"https:\/\/tecus.com.tr\/de\/produkt\/vacmagic-vm300-vakuumtisch\/","og_site_name":"Tecus Teknoloji","article_modified_time":"2025-10-30T18:34:56+00:00","og_image":[{"width":1024,"height":1024,"url":"https:\/\/tecus.com.tr\/wp-content\/uploads\/2018\/07\/Vacmagic-Chuck.png","type":"image\/png"}],"twitter_card":"summary_large_image","twitter_misc":{"Gesch\u00e4tzte Lesezeit":"1\u00a0Minute"},"schema":{"@context":"https:\/\/schema.org","@graph":[{"@type":"WebPage","@id":"https:\/\/tecus.com.tr\/de\/produkt\/vacmagic-vm300-vakuumtisch\/","url":"https:\/\/tecus.com.tr\/de\/produkt\/vacmagic-vm300-vakuumtisch\/","name":"Vacmagic VM300 Vakuumtisch - Tecus Teknoloji","isPartOf":{"@id":"https:\/\/tecus.com.tr\/de\/#website"},"datePublished":"2018-07-07T13:18:50+00:00","dateModified":"2025-10-30T18:34:56+00:00","breadcrumb":{"@id":"https:\/\/tecus.com.tr\/de\/produkt\/vacmagic-vm300-vakuumtisch\/#breadcrumb"},"inLanguage":"de","potentialAction":[{"@type":"ReadAction","target":["https:\/\/tecus.com.tr\/de\/produkt\/vacmagic-vm300-vakuumtisch\/"]}]},{"@type":"BreadcrumbList","@id":"https:\/\/tecus.com.tr\/de\/produkt\/vacmagic-vm300-vakuumtisch\/#breadcrumb","itemListElement":[{"@type":"ListItem","position":1,"name":"Ana sayfa","item":"https:\/\/tecus.com.tr\/de\/"},{"@type":"ListItem","position":2,"name":"Ma\u011faza","item":"https:\/\/tecus.com.tr\/magaza\/"},{"@type":"ListItem","position":3,"name":"Vacmagic VM300 Vakuumtisch"}]},{"@type":"WebSite","@id":"https:\/\/tecus.com.tr\/de\/#website","url":"https:\/\/tecus.com.tr\/de\/","name":"Tecus Teknoloji","description":"CNC par\u00e7a ba\u011flama \u00e7\u00f6z\u00fcmleri","publisher":{"@id":"https:\/\/tecus.com.tr\/de\/#organization"},"potentialAction":[{"@type":"SearchAction","target":{"@type":"EntryPoint","urlTemplate":"https:\/\/tecus.com.tr\/de\/?s={search_term_string}"},"query-input":"required name=search_term_string"}],"inLanguage":"de"},{"@type":"Organization","@id":"https:\/\/tecus.com.tr\/de\/#organization","name":"Tecus Teknoloji","url":"https:\/\/tecus.com.tr\/de\/","logo":{"@type":"ImageObject","inLanguage":"de","@id":"https:\/\/tecus.com.tr\/de\/#\/schema\/logo\/image\/","url":"https:\/\/tecus.com.tr\/wp-content\/uploads\/2018\/04\/tecus-logo-beyaz-2-e1528750997765.png","contentUrl":"https:\/\/tecus.com.tr\/wp-content\/uploads\/2018\/04\/tecus-logo-beyaz-2-e1528750997765.png","width":250,"height":53,"caption":"Tecus Teknoloji"},"image":{"@id":"https:\/\/tecus.com.tr\/de\/#\/schema\/logo\/image\/"}}]}},"_links":{"self":[{"href":"https:\/\/tecus.com.tr\/de\/wp-json\/wp\/v2\/product\/33580","targetHints":{"allow":["GET"]}}],"collection":[{"href":"https:\/\/tecus.com.tr\/de\/wp-json\/wp\/v2\/product"}],"about":[{"href":"https:\/\/tecus.com.tr\/de\/wp-json\/wp\/v2\/types\/product"}],"version-history":[{"count":5,"href":"https:\/\/tecus.com.tr\/de\/wp-json\/wp\/v2\/product\/33580\/revisions"}],"predecessor-version":[{"id":48075,"href":"https:\/\/tecus.com.tr\/de\/wp-json\/wp\/v2\/product\/33580\/revisions\/48075"}],"wp:featuredmedia":[{"embeddable":true,"href":"https:\/\/tecus.com.tr\/de\/wp-json\/wp\/v2\/media\/36314"}],"wp:attachment":[{"href":"https:\/\/tecus.com.tr\/de\/wp-json\/wp\/v2\/media?parent=33580"}],"wp:term":[{"taxonomy":"product_brand","embeddable":true,"href":"https:\/\/tecus.com.tr\/de\/wp-json\/wp\/v2\/product_brand?post=33580"},{"taxonomy":"product_cat","embeddable":true,"href":"https:\/\/tecus.com.tr\/de\/wp-json\/wp\/v2\/product_cat?post=33580"},{"taxonomy":"product_tag","embeddable":true,"href":"https:\/\/tecus.com.tr\/de\/wp-json\/wp\/v2\/product_tag?post=33580"}],"curies":[{"name":"wp","href":"https:\/\/api.w.org\/{rel}","templated":true}]}}