{"id":33541,"date":"2021-04-05T19:45:22","date_gmt":"2021-04-05T19:45:22","guid":{"rendered":"https:\/\/tecus.com.tr\/urun\/elipti-bur\/"},"modified":"2025-09-22T19:51:29","modified_gmt":"2025-09-22T19:51:29","slug":"elipti-bur","status":"publish","type":"product","link":"https:\/\/tecus.com.tr\/de\/produkt\/elipti-bur\/","title":{"rendered":"Elipti-Bur"},"content":{"rendered":"","protected":false},"excerpt":{"rendered":"<div class=\"fusion-title title fusion-title-2 fusion-sep-none fusion-title-text fusion-title-size-one fusion-border-below-title\">\n<h1 class=\"title-heading-left fusion-responsive-typography-calculated\" data-fontsize=\"48\" data-lineheight=\"57.6px\">Elliptische T\u00e4uschung<\/h1>\n<\/div>\n<div class=\"fusion-text fusion-text-1\">\n<p>Entgraten von zylindrischen, elliptischen oder anderen geneigten Fl\u00e4chen, die selbst die erfahrensten Ingenieure vor eine Herausforderung stellen. Mit Ellipti-Bur ist dies jedoch von nun an m\u00fchelose Einfachheit. <\/p>\n<p>Ellipti-Bur <span class=\"super\">\u00ae<\/span> wurde zum Entgraten von unregelm\u00e4\u00dfigen Lochoberfl\u00e4chen entwickelt, wie sie beispielsweise beim Bohren in gekr\u00fcmmten Oberfl\u00e4chen oder durch Bohren in einem Winkel entstehen. Ellipti-Bur erm\u00f6glicht es dem Anwender, diese anspruchsvollen Entgratarbeiten schnell und pr\u00e4zise und ohne Vorrichtungen, Spannvorrichtungen oder spezielle Bedienerkenntnisse durchzuf\u00fchren. <\/p>\n<p>Das Messer kann frei auf die unregelm\u00e4\u00dfige Oberfl\u00e4chengeometrie des Lochs reagieren und sowohl radiale als auch axiale Verlagerungen aufgrund der elliptischen Form von winklig gebohrten L\u00f6chern sowie axiale Verlagerungen (\u201eAuf und Ab\u201c) aufgrund der sattelf\u00f6rmigen Konfiguration von gebohrten L\u00f6chern zulassen, auf zylindrischen Oberfl\u00e4chen. <\/p>\n<p>Diese automatische Selbstf\u00fchrungsfunktion erzeugt einen relativ gleichm\u00e4\u00dfigen Bruch an der Lochkante.<\/p>\n<\/div>\n","protected":false},"featured_media":36294,"template":"","meta":{"_acf_changed":false},"product_brand":[],"product_cat":[480,352],"product_tag":[481],"class_list":{"0":"post-33541","1":"product","2":"type-product","3":"status-publish","4":"has-post-thumbnail","6":"product_cat-cogsdill-entgratwerkzeuge","7":"product_cat-nicht-kategorisiert","8":"product_tag-zahnrad","10":"first","11":"instock","12":"taxable","13":"shipping-taxable","14":"product-type-simple"},"acf":[],"yoast_head":"<!-- This site is optimized with the Yoast SEO plugin v20.2.1 - https:\/\/yoast.com\/wordpress\/plugins\/seo\/ -->\n<title>Elipti-Bur - Tecus Teknoloji<\/title>\n<meta name=\"robots\" content=\"index, follow, max-snippet:-1, max-image-preview:large, max-video-preview:-1\" \/>\n<link rel=\"canonical\" href=\"https:\/\/tecus.com.tr\/de\/produkt\/elipti-bur\/\" \/>\n<meta property=\"og:locale\" content=\"de_DE\" \/>\n<meta property=\"og:type\" content=\"article\" \/>\n<meta property=\"og:title\" content=\"Elipti-Bur - Tecus Teknoloji\" \/>\n<meta property=\"og:description\" content=\"Elliptische T\u00e4uschung  Entgraten von zylindrischen, elliptischen oder anderen geneigten Fl\u00e4chen, die selbst die erfahrensten Ingenieure vor eine Herausforderung stellen. Mit Ellipti-Bur ist dies jedoch von nun an m\u00fchelose Einfachheit.  Ellipti-Bur \u00ae wurde zum Entgraten von unregelm\u00e4\u00dfigen Lochoberfl\u00e4chen entwickelt, wie sie beispielsweise beim Bohren in gekr\u00fcmmten Oberfl\u00e4chen oder durch Bohren in einem Winkel entstehen. Ellipti-Bur erm\u00f6glicht es dem Anwender, diese anspruchsvollen Entgratarbeiten schnell und pr\u00e4zise und ohne Vorrichtungen, Spannvorrichtungen oder spezielle Bedienerkenntnisse durchzuf\u00fchren.  Das Messer kann frei auf die unregelm\u00e4\u00dfige Oberfl\u00e4chengeometrie des Lochs reagieren und sowohl radiale als auch axiale Verlagerungen aufgrund der elliptischen Form von winklig gebohrten L\u00f6chern sowie axiale Verlagerungen (\u201eAuf und Ab\u201c) aufgrund der sattelf\u00f6rmigen Konfiguration von gebohrten L\u00f6chern zulassen, auf zylindrischen Oberfl\u00e4chen.  Diese automatische Selbstf\u00fchrungsfunktion erzeugt einen relativ gleichm\u00e4\u00dfigen Bruch an der Lochkante.\" \/>\n<meta property=\"og:url\" content=\"https:\/\/tecus.com.tr\/de\/produkt\/elipti-bur\/\" \/>\n<meta property=\"og:site_name\" content=\"Tecus Teknoloji\" \/>\n<meta property=\"article:modified_time\" content=\"2025-09-22T19:51:29+00:00\" \/>\n<meta property=\"og:image\" content=\"https:\/\/tecus.com.tr\/wp-content\/uploads\/2021\/04\/ellipti-bur-front-on.png\" \/>\n\t<meta property=\"og:image:width\" content=\"1024\" \/>\n\t<meta property=\"og:image:height\" content=\"1024\" \/>\n\t<meta property=\"og:image:type\" content=\"image\/png\" \/>\n<meta name=\"twitter:card\" content=\"summary_large_image\" \/>\n<script type=\"application\/ld+json\" class=\"yoast-schema-graph\">{\"@context\":\"https:\/\/schema.org\",\"@graph\":[{\"@type\":\"WebPage\",\"@id\":\"https:\/\/tecus.com.tr\/de\/produkt\/elipti-bur\/\",\"url\":\"https:\/\/tecus.com.tr\/de\/produkt\/elipti-bur\/\",\"name\":\"Elipti-Bur - Tecus Teknoloji\",\"isPartOf\":{\"@id\":\"https:\/\/tecus.com.tr\/de\/#website\"},\"datePublished\":\"2021-04-05T19:45:22+00:00\",\"dateModified\":\"2025-09-22T19:51:29+00:00\",\"breadcrumb\":{\"@id\":\"https:\/\/tecus.com.tr\/de\/produkt\/elipti-bur\/#breadcrumb\"},\"inLanguage\":\"de\",\"potentialAction\":[{\"@type\":\"ReadAction\",\"target\":[\"https:\/\/tecus.com.tr\/de\/produkt\/elipti-bur\/\"]}]},{\"@type\":\"BreadcrumbList\",\"@id\":\"https:\/\/tecus.com.tr\/de\/produkt\/elipti-bur\/#breadcrumb\",\"itemListElement\":[{\"@type\":\"ListItem\",\"position\":1,\"name\":\"Ana sayfa\",\"item\":\"https:\/\/tecus.com.tr\/de\/\"},{\"@type\":\"ListItem\",\"position\":2,\"name\":\"Ma\u011faza\",\"item\":\"https:\/\/tecus.com.tr\/magaza\/\"},{\"@type\":\"ListItem\",\"position\":3,\"name\":\"Elipti-Bur\"}]},{\"@type\":\"WebSite\",\"@id\":\"https:\/\/tecus.com.tr\/de\/#website\",\"url\":\"https:\/\/tecus.com.tr\/de\/\",\"name\":\"Tecus Teknoloji\",\"description\":\"CNC par\u00e7a ba\u011flama \u00e7\u00f6z\u00fcmleri\",\"publisher\":{\"@id\":\"https:\/\/tecus.com.tr\/de\/#organization\"},\"potentialAction\":[{\"@type\":\"SearchAction\",\"target\":{\"@type\":\"EntryPoint\",\"urlTemplate\":\"https:\/\/tecus.com.tr\/de\/?s={search_term_string}\"},\"query-input\":\"required name=search_term_string\"}],\"inLanguage\":\"de\"},{\"@type\":\"Organization\",\"@id\":\"https:\/\/tecus.com.tr\/de\/#organization\",\"name\":\"Tecus Teknoloji\",\"url\":\"https:\/\/tecus.com.tr\/de\/\",\"logo\":{\"@type\":\"ImageObject\",\"inLanguage\":\"de\",\"@id\":\"https:\/\/tecus.com.tr\/de\/#\/schema\/logo\/image\/\",\"url\":\"https:\/\/tecus.com.tr\/wp-content\/uploads\/2018\/04\/tecus-logo-beyaz-2-e1528750997765.png\",\"contentUrl\":\"https:\/\/tecus.com.tr\/wp-content\/uploads\/2018\/04\/tecus-logo-beyaz-2-e1528750997765.png\",\"width\":250,\"height\":53,\"caption\":\"Tecus Teknoloji\"},\"image\":{\"@id\":\"https:\/\/tecus.com.tr\/de\/#\/schema\/logo\/image\/\"}}]}<\/script>\n<!-- \/ Yoast SEO plugin. -->","yoast_head_json":{"title":"Elipti-Bur - Tecus Teknoloji","robots":{"index":"index","follow":"follow","max-snippet":"max-snippet:-1","max-image-preview":"max-image-preview:large","max-video-preview":"max-video-preview:-1"},"canonical":"https:\/\/tecus.com.tr\/de\/produkt\/elipti-bur\/","og_locale":"de_DE","og_type":"article","og_title":"Elipti-Bur - Tecus Teknoloji","og_description":"Elliptische T\u00e4uschung  Entgraten von zylindrischen, elliptischen oder anderen geneigten Fl\u00e4chen, die selbst die erfahrensten Ingenieure vor eine Herausforderung stellen. Mit Ellipti-Bur ist dies jedoch von nun an m\u00fchelose Einfachheit.  Ellipti-Bur \u00ae wurde zum Entgraten von unregelm\u00e4\u00dfigen Lochoberfl\u00e4chen entwickelt, wie sie beispielsweise beim Bohren in gekr\u00fcmmten Oberfl\u00e4chen oder durch Bohren in einem Winkel entstehen. Ellipti-Bur erm\u00f6glicht es dem Anwender, diese anspruchsvollen Entgratarbeiten schnell und pr\u00e4zise und ohne Vorrichtungen, Spannvorrichtungen oder spezielle Bedienerkenntnisse durchzuf\u00fchren.  Das Messer kann frei auf die unregelm\u00e4\u00dfige Oberfl\u00e4chengeometrie des Lochs reagieren und sowohl radiale als auch axiale Verlagerungen aufgrund der elliptischen Form von winklig gebohrten L\u00f6chern sowie axiale Verlagerungen (\u201eAuf und Ab\u201c) aufgrund der sattelf\u00f6rmigen Konfiguration von gebohrten L\u00f6chern zulassen, auf zylindrischen Oberfl\u00e4chen.  Diese automatische Selbstf\u00fchrungsfunktion erzeugt einen relativ gleichm\u00e4\u00dfigen Bruch an der Lochkante.","og_url":"https:\/\/tecus.com.tr\/de\/produkt\/elipti-bur\/","og_site_name":"Tecus Teknoloji","article_modified_time":"2025-09-22T19:51:29+00:00","og_image":[{"width":1024,"height":1024,"url":"https:\/\/tecus.com.tr\/wp-content\/uploads\/2021\/04\/ellipti-bur-front-on.png","type":"image\/png"}],"twitter_card":"summary_large_image","schema":{"@context":"https:\/\/schema.org","@graph":[{"@type":"WebPage","@id":"https:\/\/tecus.com.tr\/de\/produkt\/elipti-bur\/","url":"https:\/\/tecus.com.tr\/de\/produkt\/elipti-bur\/","name":"Elipti-Bur - Tecus Teknoloji","isPartOf":{"@id":"https:\/\/tecus.com.tr\/de\/#website"},"datePublished":"2021-04-05T19:45:22+00:00","dateModified":"2025-09-22T19:51:29+00:00","breadcrumb":{"@id":"https:\/\/tecus.com.tr\/de\/produkt\/elipti-bur\/#breadcrumb"},"inLanguage":"de","potentialAction":[{"@type":"ReadAction","target":["https:\/\/tecus.com.tr\/de\/produkt\/elipti-bur\/"]}]},{"@type":"BreadcrumbList","@id":"https:\/\/tecus.com.tr\/de\/produkt\/elipti-bur\/#breadcrumb","itemListElement":[{"@type":"ListItem","position":1,"name":"Ana sayfa","item":"https:\/\/tecus.com.tr\/de\/"},{"@type":"ListItem","position":2,"name":"Ma\u011faza","item":"https:\/\/tecus.com.tr\/magaza\/"},{"@type":"ListItem","position":3,"name":"Elipti-Bur"}]},{"@type":"WebSite","@id":"https:\/\/tecus.com.tr\/de\/#website","url":"https:\/\/tecus.com.tr\/de\/","name":"Tecus Teknoloji","description":"CNC par\u00e7a ba\u011flama \u00e7\u00f6z\u00fcmleri","publisher":{"@id":"https:\/\/tecus.com.tr\/de\/#organization"},"potentialAction":[{"@type":"SearchAction","target":{"@type":"EntryPoint","urlTemplate":"https:\/\/tecus.com.tr\/de\/?s={search_term_string}"},"query-input":"required name=search_term_string"}],"inLanguage":"de"},{"@type":"Organization","@id":"https:\/\/tecus.com.tr\/de\/#organization","name":"Tecus Teknoloji","url":"https:\/\/tecus.com.tr\/de\/","logo":{"@type":"ImageObject","inLanguage":"de","@id":"https:\/\/tecus.com.tr\/de\/#\/schema\/logo\/image\/","url":"https:\/\/tecus.com.tr\/wp-content\/uploads\/2018\/04\/tecus-logo-beyaz-2-e1528750997765.png","contentUrl":"https:\/\/tecus.com.tr\/wp-content\/uploads\/2018\/04\/tecus-logo-beyaz-2-e1528750997765.png","width":250,"height":53,"caption":"Tecus Teknoloji"},"image":{"@id":"https:\/\/tecus.com.tr\/de\/#\/schema\/logo\/image\/"}}]}},"_links":{"self":[{"href":"https:\/\/tecus.com.tr\/de\/wp-json\/wp\/v2\/product\/33541","targetHints":{"allow":["GET"]}}],"collection":[{"href":"https:\/\/tecus.com.tr\/de\/wp-json\/wp\/v2\/product"}],"about":[{"href":"https:\/\/tecus.com.tr\/de\/wp-json\/wp\/v2\/types\/product"}],"version-history":[{"count":1,"href":"https:\/\/tecus.com.tr\/de\/wp-json\/wp\/v2\/product\/33541\/revisions"}],"predecessor-version":[{"id":40367,"href":"https:\/\/tecus.com.tr\/de\/wp-json\/wp\/v2\/product\/33541\/revisions\/40367"}],"wp:featuredmedia":[{"embeddable":true,"href":"https:\/\/tecus.com.tr\/de\/wp-json\/wp\/v2\/media\/36294"}],"wp:attachment":[{"href":"https:\/\/tecus.com.tr\/de\/wp-json\/wp\/v2\/media?parent=33541"}],"wp:term":[{"taxonomy":"product_brand","embeddable":true,"href":"https:\/\/tecus.com.tr\/de\/wp-json\/wp\/v2\/product_brand?post=33541"},{"taxonomy":"product_cat","embeddable":true,"href":"https:\/\/tecus.com.tr\/de\/wp-json\/wp\/v2\/product_cat?post=33541"},{"taxonomy":"product_tag","embeddable":true,"href":"https:\/\/tecus.com.tr\/de\/wp-json\/wp\/v2\/product_tag?post=33541"}],"curies":[{"name":"wp","href":"https:\/\/api.w.org\/{rel}","templated":true}]}}