{"id":33494,"date":"2025-08-23T15:06:59","date_gmt":"2025-08-23T15:06:59","guid":{"rendered":"https:\/\/tecus.com.tr\/urun\/zeroca\/"},"modified":"2025-10-27T19:55:14","modified_gmt":"2025-10-27T19:55:14","slug":"zeroca","status":"publish","type":"product","link":"https:\/\/tecus.com.tr\/de\/produkt\/zeroca\/","title":{"rendered":"zeroCA"},"content":{"rendered":"","protected":false},"excerpt":{"rendered":"<p>Das <strong>Schnellwechselsystem f\u00fcr Tische mit 96-52-mm-Adapterplatte<\/strong> bietet eine einzige L\u00f6sung f\u00fcr sowohl 96-mm- als auch 52-mm-Achsabst\u00e4nde nach Industriestandard. Es ist dank seiner Konstruktion aus geh\u00e4rtetem Spezialstahl langlebig. Dank der kompatiblen unteren und oberen Ausr\u00fcstung ist es ein hervorragendes System, das einen schnellen \u00dcbergang und eine Steigerung der Effizienz in Ihrer Produktionslinie erm\u00f6glicht.  <\/p>\n","protected":false},"featured_media":31950,"template":"","meta":{"_acf_changed":false},"product_brand":[589],"product_cat":[391,476],"product_tag":[],"class_list":{"0":"post-33494","1":"product","2":"type-product","3":"status-publish","4":"has-post-thumbnail","6":"product_brand-canaca","7":"product_cat-quick-change","8":"product_cat-spannvorrichtungen-mit-unterdruck","10":"first","11":"instock","12":"sale","13":"taxable","14":"shipping-taxable","15":"purchasable","16":"product-type-simple"},"acf":[],"yoast_head":"<!-- This site is optimized with the Yoast SEO plugin v20.2.1 - https:\/\/yoast.com\/wordpress\/plugins\/seo\/ -->\n<title>zeroCA - Tecus Teknoloji<\/title>\n<meta name=\"robots\" content=\"index, follow, max-snippet:-1, max-image-preview:large, max-video-preview:-1\" \/>\n<link rel=\"canonical\" href=\"https:\/\/tecus.com.tr\/de\/produkt\/zeroca\/\" \/>\n<meta property=\"og:locale\" content=\"de_DE\" \/>\n<meta property=\"og:type\" content=\"article\" \/>\n<meta property=\"og:title\" content=\"zeroCA - Tecus Teknoloji\" \/>\n<meta property=\"og:description\" content=\"Das Schnellwechselsystem f\u00fcr Tische mit 96-52-mm-Adapterplatte bietet eine einzige L\u00f6sung f\u00fcr sowohl 96-mm- als auch 52-mm-Achsabst\u00e4nde nach Industriestandard. Es ist dank seiner Konstruktion aus geh\u00e4rtetem Spezialstahl langlebig. Dank der kompatiblen unteren und oberen Ausr\u00fcstung ist es ein hervorragendes System, das einen schnellen \u00dcbergang und eine Steigerung der Effizienz in Ihrer Produktionslinie erm\u00f6glicht.\" \/>\n<meta property=\"og:url\" content=\"https:\/\/tecus.com.tr\/de\/produkt\/zeroca\/\" \/>\n<meta property=\"og:site_name\" content=\"Tecus Teknoloji\" \/>\n<meta property=\"article:modified_time\" content=\"2025-10-27T19:55:14+00:00\" \/>\n<meta property=\"og:image\" content=\"https:\/\/tecus.com.tr\/wp-content\/uploads\/2025\/08\/zeroca.png\" \/>\n\t<meta property=\"og:image:width\" content=\"1024\" \/>\n\t<meta property=\"og:image:height\" content=\"1024\" \/>\n\t<meta property=\"og:image:type\" content=\"image\/png\" \/>\n<meta name=\"twitter:card\" content=\"summary_large_image\" \/>\n<script type=\"application\/ld+json\" class=\"yoast-schema-graph\">{\"@context\":\"https:\/\/schema.org\",\"@graph\":[{\"@type\":\"WebPage\",\"@id\":\"https:\/\/tecus.com.tr\/de\/produkt\/zeroca\/\",\"url\":\"https:\/\/tecus.com.tr\/de\/produkt\/zeroca\/\",\"name\":\"zeroCA - Tecus Teknoloji\",\"isPartOf\":{\"@id\":\"https:\/\/tecus.com.tr\/de\/#website\"},\"datePublished\":\"2025-08-23T15:06:59+00:00\",\"dateModified\":\"2025-10-27T19:55:14+00:00\",\"breadcrumb\":{\"@id\":\"https:\/\/tecus.com.tr\/de\/produkt\/zeroca\/#breadcrumb\"},\"inLanguage\":\"de\",\"potentialAction\":[{\"@type\":\"ReadAction\",\"target\":[\"https:\/\/tecus.com.tr\/de\/produkt\/zeroca\/\"]}]},{\"@type\":\"BreadcrumbList\",\"@id\":\"https:\/\/tecus.com.tr\/de\/produkt\/zeroca\/#breadcrumb\",\"itemListElement\":[{\"@type\":\"ListItem\",\"position\":1,\"name\":\"Ana sayfa\",\"item\":\"https:\/\/tecus.com.tr\/de\/\"},{\"@type\":\"ListItem\",\"position\":2,\"name\":\"Ma\u011faza\",\"item\":\"https:\/\/tecus.com.tr\/magaza\/\"},{\"@type\":\"ListItem\",\"position\":3,\"name\":\"zeroCA\"}]},{\"@type\":\"WebSite\",\"@id\":\"https:\/\/tecus.com.tr\/de\/#website\",\"url\":\"https:\/\/tecus.com.tr\/de\/\",\"name\":\"Tecus Teknoloji\",\"description\":\"CNC par\u00e7a ba\u011flama \u00e7\u00f6z\u00fcmleri\",\"publisher\":{\"@id\":\"https:\/\/tecus.com.tr\/de\/#organization\"},\"potentialAction\":[{\"@type\":\"SearchAction\",\"target\":{\"@type\":\"EntryPoint\",\"urlTemplate\":\"https:\/\/tecus.com.tr\/de\/?s={search_term_string}\"},\"query-input\":\"required name=search_term_string\"}],\"inLanguage\":\"de\"},{\"@type\":\"Organization\",\"@id\":\"https:\/\/tecus.com.tr\/de\/#organization\",\"name\":\"Tecus Teknoloji\",\"url\":\"https:\/\/tecus.com.tr\/de\/\",\"logo\":{\"@type\":\"ImageObject\",\"inLanguage\":\"de\",\"@id\":\"https:\/\/tecus.com.tr\/de\/#\/schema\/logo\/image\/\",\"url\":\"https:\/\/tecus.com.tr\/wp-content\/uploads\/2018\/04\/tecus-logo-beyaz-2-e1528750997765.png\",\"contentUrl\":\"https:\/\/tecus.com.tr\/wp-content\/uploads\/2018\/04\/tecus-logo-beyaz-2-e1528750997765.png\",\"width\":250,\"height\":53,\"caption\":\"Tecus Teknoloji\"},\"image\":{\"@id\":\"https:\/\/tecus.com.tr\/de\/#\/schema\/logo\/image\/\"}}]}<\/script>\n<!-- \/ Yoast SEO plugin. -->","yoast_head_json":{"title":"zeroCA - Tecus Teknoloji","robots":{"index":"index","follow":"follow","max-snippet":"max-snippet:-1","max-image-preview":"max-image-preview:large","max-video-preview":"max-video-preview:-1"},"canonical":"https:\/\/tecus.com.tr\/de\/produkt\/zeroca\/","og_locale":"de_DE","og_type":"article","og_title":"zeroCA - Tecus Teknoloji","og_description":"Das Schnellwechselsystem f\u00fcr Tische mit 96-52-mm-Adapterplatte bietet eine einzige L\u00f6sung f\u00fcr sowohl 96-mm- als auch 52-mm-Achsabst\u00e4nde nach Industriestandard. Es ist dank seiner Konstruktion aus geh\u00e4rtetem Spezialstahl langlebig. Dank der kompatiblen unteren und oberen Ausr\u00fcstung ist es ein hervorragendes System, das einen schnellen \u00dcbergang und eine Steigerung der Effizienz in Ihrer Produktionslinie erm\u00f6glicht.","og_url":"https:\/\/tecus.com.tr\/de\/produkt\/zeroca\/","og_site_name":"Tecus Teknoloji","article_modified_time":"2025-10-27T19:55:14+00:00","og_image":[{"width":1024,"height":1024,"url":"https:\/\/tecus.com.tr\/wp-content\/uploads\/2025\/08\/zeroca.png","type":"image\/png"}],"twitter_card":"summary_large_image","schema":{"@context":"https:\/\/schema.org","@graph":[{"@type":"WebPage","@id":"https:\/\/tecus.com.tr\/de\/produkt\/zeroca\/","url":"https:\/\/tecus.com.tr\/de\/produkt\/zeroca\/","name":"zeroCA - Tecus Teknoloji","isPartOf":{"@id":"https:\/\/tecus.com.tr\/de\/#website"},"datePublished":"2025-08-23T15:06:59+00:00","dateModified":"2025-10-27T19:55:14+00:00","breadcrumb":{"@id":"https:\/\/tecus.com.tr\/de\/produkt\/zeroca\/#breadcrumb"},"inLanguage":"de","potentialAction":[{"@type":"ReadAction","target":["https:\/\/tecus.com.tr\/de\/produkt\/zeroca\/"]}]},{"@type":"BreadcrumbList","@id":"https:\/\/tecus.com.tr\/de\/produkt\/zeroca\/#breadcrumb","itemListElement":[{"@type":"ListItem","position":1,"name":"Ana sayfa","item":"https:\/\/tecus.com.tr\/de\/"},{"@type":"ListItem","position":2,"name":"Ma\u011faza","item":"https:\/\/tecus.com.tr\/magaza\/"},{"@type":"ListItem","position":3,"name":"zeroCA"}]},{"@type":"WebSite","@id":"https:\/\/tecus.com.tr\/de\/#website","url":"https:\/\/tecus.com.tr\/de\/","name":"Tecus Teknoloji","description":"CNC par\u00e7a ba\u011flama \u00e7\u00f6z\u00fcmleri","publisher":{"@id":"https:\/\/tecus.com.tr\/de\/#organization"},"potentialAction":[{"@type":"SearchAction","target":{"@type":"EntryPoint","urlTemplate":"https:\/\/tecus.com.tr\/de\/?s={search_term_string}"},"query-input":"required name=search_term_string"}],"inLanguage":"de"},{"@type":"Organization","@id":"https:\/\/tecus.com.tr\/de\/#organization","name":"Tecus Teknoloji","url":"https:\/\/tecus.com.tr\/de\/","logo":{"@type":"ImageObject","inLanguage":"de","@id":"https:\/\/tecus.com.tr\/de\/#\/schema\/logo\/image\/","url":"https:\/\/tecus.com.tr\/wp-content\/uploads\/2018\/04\/tecus-logo-beyaz-2-e1528750997765.png","contentUrl":"https:\/\/tecus.com.tr\/wp-content\/uploads\/2018\/04\/tecus-logo-beyaz-2-e1528750997765.png","width":250,"height":53,"caption":"Tecus Teknoloji"},"image":{"@id":"https:\/\/tecus.com.tr\/de\/#\/schema\/logo\/image\/"}}]}},"_links":{"self":[{"href":"https:\/\/tecus.com.tr\/de\/wp-json\/wp\/v2\/product\/33494","targetHints":{"allow":["GET"]}}],"collection":[{"href":"https:\/\/tecus.com.tr\/de\/wp-json\/wp\/v2\/product"}],"about":[{"href":"https:\/\/tecus.com.tr\/de\/wp-json\/wp\/v2\/types\/product"}],"version-history":[{"count":2,"href":"https:\/\/tecus.com.tr\/de\/wp-json\/wp\/v2\/product\/33494\/revisions"}],"predecessor-version":[{"id":47798,"href":"https:\/\/tecus.com.tr\/de\/wp-json\/wp\/v2\/product\/33494\/revisions\/47798"}],"wp:featuredmedia":[{"embeddable":true,"href":"https:\/\/tecus.com.tr\/de\/wp-json\/wp\/v2\/media\/31950"}],"wp:attachment":[{"href":"https:\/\/tecus.com.tr\/de\/wp-json\/wp\/v2\/media?parent=33494"}],"wp:term":[{"taxonomy":"product_brand","embeddable":true,"href":"https:\/\/tecus.com.tr\/de\/wp-json\/wp\/v2\/product_brand?post=33494"},{"taxonomy":"product_cat","embeddable":true,"href":"https:\/\/tecus.com.tr\/de\/wp-json\/wp\/v2\/product_cat?post=33494"},{"taxonomy":"product_tag","embeddable":true,"href":"https:\/\/tecus.com.tr\/de\/wp-json\/wp\/v2\/product_tag?post=33494"}],"curies":[{"name":"wp","href":"https:\/\/api.w.org\/{rel}","templated":true}]}}