{"id":33458,"date":"2025-08-23T15:07:07","date_gmt":"2025-08-23T15:07:07","guid":{"rendered":"https:\/\/tecus.com.tr\/urun\/pica-s\/"},"modified":"2025-10-27T19:56:47","modified_gmt":"2025-10-27T19:56:47","slug":"pica-s","status":"publish","type":"product","link":"https:\/\/tecus.com.tr\/de\/produkt\/pica-s\/","title":{"rendered":"piCA-s"},"content":{"rendered":"","protected":false},"excerpt":{"rendered":"<p>Der modulare Schraubstock hat feste Backen mit den Ma\u00dfen 200x50x28 mm und bewegliche Backen mit den Ma\u00dfen 200x115x28 mm; er ist kompatibel mit Schlitzsystemen von 50, 75 und 100 mm.<\/p>\n<p>Dank einer Spannkraft von mehr als 2,5 mm bietet er eine zuverl\u00e4ssige Spannung mit minimalem Materialverlust. Durch seine modulare Bauweise lassen sich Teile von 1 cm bis zu mehreren Metern L\u00e4nge einfach positionieren und fixieren. <\/p>\n<p>Mit unabh\u00e4ngigen Pitbull-Haltern k\u00f6nnen mehrere Teile gleichzeitig gespannt werden. Dank der abnehmbaren vorderen Backen k\u00f6nnen auch Werkst\u00fccke mit einer H\u00f6he von 30 mm f\u00fcr zweite Arbeitsg\u00e4nge gespannt werden. Er stellt eine starke Alternative zu klassischen Schraubst\u00f6cken dar.  <\/p>\n<p>&nbsp;<\/p>\n<p>Inhalt des Sets:<br \/>\n\u25cf 1 St\u00fcck M6 Pitbull (1,6 Tonnen Spannkraft)<br \/>\n\u25cf 3 St\u00fcck M6 Pitbull mit scharfen Kanten<br \/>\n\u25cf 2 St\u00fcck M6 Pitbull mit geraden Kanten<br \/>\n\u25cf 3 St\u00fcck Talon Grip<br \/>\n\u25cf 2 St\u00fcck Auflagebl\u00f6cke<br \/>\n\u25cf M12 T-Nut-Verbindungsst\u00fccke<\/p>\n","protected":false},"featured_media":31927,"template":"","meta":{"_acf_changed":false},"product_brand":[589],"product_cat":[466,474,436],"product_tag":[],"class_list":{"0":"post-33458","1":"product","2":"type-product","3":"status-publish","4":"has-post-thumbnail","6":"product_brand-canaca","7":"product_cat-3-4-5-achsen-schraubstocke","8":"product_cat-modulare-spannung","9":"product_cat-seitliche-spannpratzen","11":"first","12":"instock","13":"sale","14":"taxable","15":"shipping-taxable","16":"purchasable","17":"product-type-simple"},"acf":[],"yoast_head":"<!-- This site is optimized with the Yoast SEO plugin v20.2.1 - https:\/\/yoast.com\/wordpress\/plugins\/seo\/ -->\n<title>piCA-s - Tecus Teknoloji<\/title>\n<meta name=\"robots\" content=\"index, follow, max-snippet:-1, max-image-preview:large, max-video-preview:-1\" \/>\n<link rel=\"canonical\" href=\"https:\/\/tecus.com.tr\/de\/produkt\/pica-s\/\" \/>\n<meta property=\"og:locale\" content=\"de_DE\" \/>\n<meta property=\"og:type\" content=\"article\" \/>\n<meta property=\"og:title\" content=\"piCA-s - Tecus Teknoloji\" \/>\n<meta property=\"og:description\" content=\"Der modulare Schraubstock hat feste Backen mit den Ma\u00dfen 200x50x28 mm und bewegliche Backen mit den Ma\u00dfen 200x115x28 mm; er ist kompatibel mit Schlitzsystemen von 50, 75 und 100 mm. Dank einer Spannkraft von mehr als 2,5 mm bietet er eine zuverl\u00e4ssige Spannung mit minimalem Materialverlust. Durch seine modulare Bauweise lassen sich Teile von 1 cm bis zu mehreren Metern L\u00e4nge einfach positionieren und fixieren.  Mit unabh\u00e4ngigen Pitbull-Haltern k\u00f6nnen mehrere Teile gleichzeitig gespannt werden. Dank der abnehmbaren vorderen Backen k\u00f6nnen auch Werkst\u00fccke mit einer H\u00f6he von 30 mm f\u00fcr zweite Arbeitsg\u00e4nge gespannt werden. Er stellt eine starke Alternative zu klassischen Schraubst\u00f6cken dar.  &nbsp; Inhalt des Sets: \u25cf 1 St\u00fcck M6 Pitbull (1,6 Tonnen Spannkraft) \u25cf 3 St\u00fcck M6 Pitbull mit scharfen Kanten \u25cf 2 St\u00fcck M6 Pitbull mit geraden Kanten \u25cf 3 St\u00fcck Talon Grip \u25cf 2 St\u00fcck Auflagebl\u00f6cke \u25cf M12 T-Nut-Verbindungsst\u00fccke\" \/>\n<meta property=\"og:url\" content=\"https:\/\/tecus.com.tr\/de\/produkt\/pica-s\/\" \/>\n<meta property=\"og:site_name\" content=\"Tecus Teknoloji\" \/>\n<meta property=\"article:modified_time\" content=\"2025-10-27T19:56:47+00:00\" \/>\n<meta property=\"og:image\" content=\"https:\/\/tecus.com.tr\/wp-content\/uploads\/2025\/08\/pica_s_kit.png\" \/>\n\t<meta property=\"og:image:width\" content=\"1024\" \/>\n\t<meta property=\"og:image:height\" content=\"1024\" \/>\n\t<meta property=\"og:image:type\" content=\"image\/png\" \/>\n<meta name=\"twitter:card\" content=\"summary_large_image\" \/>\n<script type=\"application\/ld+json\" class=\"yoast-schema-graph\">{\"@context\":\"https:\/\/schema.org\",\"@graph\":[{\"@type\":\"WebPage\",\"@id\":\"https:\/\/tecus.com.tr\/de\/produkt\/pica-s\/\",\"url\":\"https:\/\/tecus.com.tr\/de\/produkt\/pica-s\/\",\"name\":\"piCA-s - Tecus Teknoloji\",\"isPartOf\":{\"@id\":\"https:\/\/tecus.com.tr\/de\/#website\"},\"datePublished\":\"2025-08-23T15:07:07+00:00\",\"dateModified\":\"2025-10-27T19:56:47+00:00\",\"breadcrumb\":{\"@id\":\"https:\/\/tecus.com.tr\/de\/produkt\/pica-s\/#breadcrumb\"},\"inLanguage\":\"de\",\"potentialAction\":[{\"@type\":\"ReadAction\",\"target\":[\"https:\/\/tecus.com.tr\/de\/produkt\/pica-s\/\"]}]},{\"@type\":\"BreadcrumbList\",\"@id\":\"https:\/\/tecus.com.tr\/de\/produkt\/pica-s\/#breadcrumb\",\"itemListElement\":[{\"@type\":\"ListItem\",\"position\":1,\"name\":\"Ana sayfa\",\"item\":\"https:\/\/tecus.com.tr\/de\/\"},{\"@type\":\"ListItem\",\"position\":2,\"name\":\"Ma\u011faza\",\"item\":\"https:\/\/tecus.com.tr\/magaza\/\"},{\"@type\":\"ListItem\",\"position\":3,\"name\":\"piCA-s\"}]},{\"@type\":\"WebSite\",\"@id\":\"https:\/\/tecus.com.tr\/de\/#website\",\"url\":\"https:\/\/tecus.com.tr\/de\/\",\"name\":\"Tecus Teknoloji\",\"description\":\"CNC par\u00e7a ba\u011flama \u00e7\u00f6z\u00fcmleri\",\"publisher\":{\"@id\":\"https:\/\/tecus.com.tr\/de\/#organization\"},\"potentialAction\":[{\"@type\":\"SearchAction\",\"target\":{\"@type\":\"EntryPoint\",\"urlTemplate\":\"https:\/\/tecus.com.tr\/de\/?s={search_term_string}\"},\"query-input\":\"required name=search_term_string\"}],\"inLanguage\":\"de\"},{\"@type\":\"Organization\",\"@id\":\"https:\/\/tecus.com.tr\/de\/#organization\",\"name\":\"Tecus Teknoloji\",\"url\":\"https:\/\/tecus.com.tr\/de\/\",\"logo\":{\"@type\":\"ImageObject\",\"inLanguage\":\"de\",\"@id\":\"https:\/\/tecus.com.tr\/de\/#\/schema\/logo\/image\/\",\"url\":\"https:\/\/tecus.com.tr\/wp-content\/uploads\/2018\/04\/tecus-logo-beyaz-2-e1528750997765.png\",\"contentUrl\":\"https:\/\/tecus.com.tr\/wp-content\/uploads\/2018\/04\/tecus-logo-beyaz-2-e1528750997765.png\",\"width\":250,\"height\":53,\"caption\":\"Tecus Teknoloji\"},\"image\":{\"@id\":\"https:\/\/tecus.com.tr\/de\/#\/schema\/logo\/image\/\"}}]}<\/script>\n<!-- \/ Yoast SEO plugin. -->","yoast_head_json":{"title":"piCA-s - Tecus Teknoloji","robots":{"index":"index","follow":"follow","max-snippet":"max-snippet:-1","max-image-preview":"max-image-preview:large","max-video-preview":"max-video-preview:-1"},"canonical":"https:\/\/tecus.com.tr\/de\/produkt\/pica-s\/","og_locale":"de_DE","og_type":"article","og_title":"piCA-s - Tecus Teknoloji","og_description":"Der modulare Schraubstock hat feste Backen mit den Ma\u00dfen 200x50x28 mm und bewegliche Backen mit den Ma\u00dfen 200x115x28 mm; er ist kompatibel mit Schlitzsystemen von 50, 75 und 100 mm. Dank einer Spannkraft von mehr als 2,5 mm bietet er eine zuverl\u00e4ssige Spannung mit minimalem Materialverlust. Durch seine modulare Bauweise lassen sich Teile von 1 cm bis zu mehreren Metern L\u00e4nge einfach positionieren und fixieren.  Mit unabh\u00e4ngigen Pitbull-Haltern k\u00f6nnen mehrere Teile gleichzeitig gespannt werden. Dank der abnehmbaren vorderen Backen k\u00f6nnen auch Werkst\u00fccke mit einer H\u00f6he von 30 mm f\u00fcr zweite Arbeitsg\u00e4nge gespannt werden. Er stellt eine starke Alternative zu klassischen Schraubst\u00f6cken dar.  &nbsp; Inhalt des Sets: \u25cf 1 St\u00fcck M6 Pitbull (1,6 Tonnen Spannkraft) \u25cf 3 St\u00fcck M6 Pitbull mit scharfen Kanten \u25cf 2 St\u00fcck M6 Pitbull mit geraden Kanten \u25cf 3 St\u00fcck Talon Grip \u25cf 2 St\u00fcck Auflagebl\u00f6cke \u25cf M12 T-Nut-Verbindungsst\u00fccke","og_url":"https:\/\/tecus.com.tr\/de\/produkt\/pica-s\/","og_site_name":"Tecus Teknoloji","article_modified_time":"2025-10-27T19:56:47+00:00","og_image":[{"width":1024,"height":1024,"url":"https:\/\/tecus.com.tr\/wp-content\/uploads\/2025\/08\/pica_s_kit.png","type":"image\/png"}],"twitter_card":"summary_large_image","schema":{"@context":"https:\/\/schema.org","@graph":[{"@type":"WebPage","@id":"https:\/\/tecus.com.tr\/de\/produkt\/pica-s\/","url":"https:\/\/tecus.com.tr\/de\/produkt\/pica-s\/","name":"piCA-s - Tecus Teknoloji","isPartOf":{"@id":"https:\/\/tecus.com.tr\/de\/#website"},"datePublished":"2025-08-23T15:07:07+00:00","dateModified":"2025-10-27T19:56:47+00:00","breadcrumb":{"@id":"https:\/\/tecus.com.tr\/de\/produkt\/pica-s\/#breadcrumb"},"inLanguage":"de","potentialAction":[{"@type":"ReadAction","target":["https:\/\/tecus.com.tr\/de\/produkt\/pica-s\/"]}]},{"@type":"BreadcrumbList","@id":"https:\/\/tecus.com.tr\/de\/produkt\/pica-s\/#breadcrumb","itemListElement":[{"@type":"ListItem","position":1,"name":"Ana sayfa","item":"https:\/\/tecus.com.tr\/de\/"},{"@type":"ListItem","position":2,"name":"Ma\u011faza","item":"https:\/\/tecus.com.tr\/magaza\/"},{"@type":"ListItem","position":3,"name":"piCA-s"}]},{"@type":"WebSite","@id":"https:\/\/tecus.com.tr\/de\/#website","url":"https:\/\/tecus.com.tr\/de\/","name":"Tecus Teknoloji","description":"CNC par\u00e7a ba\u011flama \u00e7\u00f6z\u00fcmleri","publisher":{"@id":"https:\/\/tecus.com.tr\/de\/#organization"},"potentialAction":[{"@type":"SearchAction","target":{"@type":"EntryPoint","urlTemplate":"https:\/\/tecus.com.tr\/de\/?s={search_term_string}"},"query-input":"required name=search_term_string"}],"inLanguage":"de"},{"@type":"Organization","@id":"https:\/\/tecus.com.tr\/de\/#organization","name":"Tecus Teknoloji","url":"https:\/\/tecus.com.tr\/de\/","logo":{"@type":"ImageObject","inLanguage":"de","@id":"https:\/\/tecus.com.tr\/de\/#\/schema\/logo\/image\/","url":"https:\/\/tecus.com.tr\/wp-content\/uploads\/2018\/04\/tecus-logo-beyaz-2-e1528750997765.png","contentUrl":"https:\/\/tecus.com.tr\/wp-content\/uploads\/2018\/04\/tecus-logo-beyaz-2-e1528750997765.png","width":250,"height":53,"caption":"Tecus Teknoloji"},"image":{"@id":"https:\/\/tecus.com.tr\/de\/#\/schema\/logo\/image\/"}}]}},"_links":{"self":[{"href":"https:\/\/tecus.com.tr\/de\/wp-json\/wp\/v2\/product\/33458","targetHints":{"allow":["GET"]}}],"collection":[{"href":"https:\/\/tecus.com.tr\/de\/wp-json\/wp\/v2\/product"}],"about":[{"href":"https:\/\/tecus.com.tr\/de\/wp-json\/wp\/v2\/types\/product"}],"version-history":[{"count":2,"href":"https:\/\/tecus.com.tr\/de\/wp-json\/wp\/v2\/product\/33458\/revisions"}],"predecessor-version":[{"id":47869,"href":"https:\/\/tecus.com.tr\/de\/wp-json\/wp\/v2\/product\/33458\/revisions\/47869"}],"wp:featuredmedia":[{"embeddable":true,"href":"https:\/\/tecus.com.tr\/de\/wp-json\/wp\/v2\/media\/31927"}],"wp:attachment":[{"href":"https:\/\/tecus.com.tr\/de\/wp-json\/wp\/v2\/media?parent=33458"}],"wp:term":[{"taxonomy":"product_brand","embeddable":true,"href":"https:\/\/tecus.com.tr\/de\/wp-json\/wp\/v2\/product_brand?post=33458"},{"taxonomy":"product_cat","embeddable":true,"href":"https:\/\/tecus.com.tr\/de\/wp-json\/wp\/v2\/product_cat?post=33458"},{"taxonomy":"product_tag","embeddable":true,"href":"https:\/\/tecus.com.tr\/de\/wp-json\/wp\/v2\/product_tag?post=33458"}],"curies":[{"name":"wp","href":"https:\/\/api.w.org\/{rel}","templated":true}]}}