{"id":33454,"date":"2025-08-23T15:07:11","date_gmt":"2025-08-23T15:07:11","guid":{"rendered":"https:\/\/tecus.com.tr\/urun\/pica-j\/"},"modified":"2025-10-26T18:16:06","modified_gmt":"2025-10-26T18:16:06","slug":"pica-j","status":"publish","type":"product","link":"https:\/\/tecus.com.tr\/de\/produkt\/pica-j\/","title":{"rendered":"piCA-j"},"content":{"rendered":"","protected":false},"excerpt":{"rendered":"<p>Der modulare Schraubstock hat feste Backen mit den Ma\u00dfen 200x50x28 mm und bewegliche Backen mit den Ma\u00dfen 200x115x18 mm; er ist mit 50-mm-Slot-Systemen kompatibel.<br \/>\nDank einer Spannkraft von mehr als 1,5 mm bietet er eine zuverl\u00e4ssige Spannung mit minimalem Materialverlust. Seine modulare Bauweise erm\u00f6glicht das Spannen von Werkst\u00fccken mit einem Abstand von weniger als 10 cm.<br \/>\nMit unabh\u00e4ngigen Pitbull-Haltern k\u00f6nnen mehrere Werkst\u00fccke gespannt werden. <\/p>\n<p>Inhalt des Sets:<br \/>\n\u25cf 3 M3-Pitbulls mit scharfen Kanten<br \/>\n\u25cf 2 M3-Pitbulls mit geraden Kanten<br \/>\n\u25cf 3 Talon Grips<br \/>\n\u25cf 2 Auflagebl\u00f6cke<br \/>\n\u25cf M6 T-Nut-Verbindungszubeh\u00f6r<\/p>\n","protected":false},"featured_media":31925,"template":"","meta":{"_acf_changed":false},"product_brand":[589],"product_cat":[466,474],"product_tag":[],"class_list":{"0":"post-33454","1":"product","2":"type-product","3":"status-publish","4":"has-post-thumbnail","6":"product_brand-canaca","7":"product_cat-3-4-5-achsen-schraubstocke","8":"product_cat-modulare-spannung","10":"first","11":"instock","12":"sale","13":"taxable","14":"shipping-taxable","15":"purchasable","16":"product-type-simple"},"acf":[],"yoast_head":"<!-- This site is optimized with the Yoast SEO plugin v20.2.1 - https:\/\/yoast.com\/wordpress\/plugins\/seo\/ -->\n<title>piCA-j - Tecus Teknoloji<\/title>\n<meta name=\"robots\" content=\"index, follow, max-snippet:-1, max-image-preview:large, max-video-preview:-1\" \/>\n<link rel=\"canonical\" href=\"https:\/\/tecus.com.tr\/de\/produkt\/pica-j\/\" \/>\n<meta property=\"og:locale\" content=\"de_DE\" \/>\n<meta property=\"og:type\" content=\"article\" \/>\n<meta property=\"og:title\" content=\"piCA-j - Tecus Teknoloji\" \/>\n<meta property=\"og:description\" content=\"Der modulare Schraubstock hat feste Backen mit den Ma\u00dfen 200x50x28 mm und bewegliche Backen mit den Ma\u00dfen 200x115x18 mm; er ist mit 50-mm-Slot-Systemen kompatibel. Dank einer Spannkraft von mehr als 1,5 mm bietet er eine zuverl\u00e4ssige Spannung mit minimalem Materialverlust. Seine modulare Bauweise erm\u00f6glicht das Spannen von Werkst\u00fccken mit einem Abstand von weniger als 10 cm. Mit unabh\u00e4ngigen Pitbull-Haltern k\u00f6nnen mehrere Werkst\u00fccke gespannt werden.  Inhalt des Sets: \u25cf 3 M3-Pitbulls mit scharfen Kanten \u25cf 2 M3-Pitbulls mit geraden Kanten \u25cf 3 Talon Grips \u25cf 2 Auflagebl\u00f6cke \u25cf M6 T-Nut-Verbindungszubeh\u00f6r\" \/>\n<meta property=\"og:url\" content=\"https:\/\/tecus.com.tr\/de\/produkt\/pica-j\/\" \/>\n<meta property=\"og:site_name\" content=\"Tecus Teknoloji\" \/>\n<meta property=\"article:modified_time\" content=\"2025-10-26T18:16:06+00:00\" \/>\n<meta property=\"og:image\" content=\"https:\/\/tecus.com.tr\/wp-content\/uploads\/2025\/08\/pica_j_kit.png\" \/>\n\t<meta property=\"og:image:width\" content=\"1024\" \/>\n\t<meta property=\"og:image:height\" content=\"1024\" \/>\n\t<meta property=\"og:image:type\" content=\"image\/png\" \/>\n<meta name=\"twitter:card\" content=\"summary_large_image\" \/>\n<script type=\"application\/ld+json\" class=\"yoast-schema-graph\">{\"@context\":\"https:\/\/schema.org\",\"@graph\":[{\"@type\":\"WebPage\",\"@id\":\"https:\/\/tecus.com.tr\/de\/produkt\/pica-j\/\",\"url\":\"https:\/\/tecus.com.tr\/de\/produkt\/pica-j\/\",\"name\":\"piCA-j - Tecus Teknoloji\",\"isPartOf\":{\"@id\":\"https:\/\/tecus.com.tr\/de\/#website\"},\"datePublished\":\"2025-08-23T15:07:11+00:00\",\"dateModified\":\"2025-10-26T18:16:06+00:00\",\"breadcrumb\":{\"@id\":\"https:\/\/tecus.com.tr\/de\/produkt\/pica-j\/#breadcrumb\"},\"inLanguage\":\"de\",\"potentialAction\":[{\"@type\":\"ReadAction\",\"target\":[\"https:\/\/tecus.com.tr\/de\/produkt\/pica-j\/\"]}]},{\"@type\":\"BreadcrumbList\",\"@id\":\"https:\/\/tecus.com.tr\/de\/produkt\/pica-j\/#breadcrumb\",\"itemListElement\":[{\"@type\":\"ListItem\",\"position\":1,\"name\":\"Ana sayfa\",\"item\":\"https:\/\/tecus.com.tr\/de\/\"},{\"@type\":\"ListItem\",\"position\":2,\"name\":\"Ma\u011faza\",\"item\":\"https:\/\/tecus.com.tr\/magaza\/\"},{\"@type\":\"ListItem\",\"position\":3,\"name\":\"piCA-j\"}]},{\"@type\":\"WebSite\",\"@id\":\"https:\/\/tecus.com.tr\/de\/#website\",\"url\":\"https:\/\/tecus.com.tr\/de\/\",\"name\":\"Tecus Teknoloji\",\"description\":\"CNC par\u00e7a ba\u011flama \u00e7\u00f6z\u00fcmleri\",\"publisher\":{\"@id\":\"https:\/\/tecus.com.tr\/de\/#organization\"},\"potentialAction\":[{\"@type\":\"SearchAction\",\"target\":{\"@type\":\"EntryPoint\",\"urlTemplate\":\"https:\/\/tecus.com.tr\/de\/?s={search_term_string}\"},\"query-input\":\"required name=search_term_string\"}],\"inLanguage\":\"de\"},{\"@type\":\"Organization\",\"@id\":\"https:\/\/tecus.com.tr\/de\/#organization\",\"name\":\"Tecus Teknoloji\",\"url\":\"https:\/\/tecus.com.tr\/de\/\",\"logo\":{\"@type\":\"ImageObject\",\"inLanguage\":\"de\",\"@id\":\"https:\/\/tecus.com.tr\/de\/#\/schema\/logo\/image\/\",\"url\":\"https:\/\/tecus.com.tr\/wp-content\/uploads\/2018\/04\/tecus-logo-beyaz-2-e1528750997765.png\",\"contentUrl\":\"https:\/\/tecus.com.tr\/wp-content\/uploads\/2018\/04\/tecus-logo-beyaz-2-e1528750997765.png\",\"width\":250,\"height\":53,\"caption\":\"Tecus Teknoloji\"},\"image\":{\"@id\":\"https:\/\/tecus.com.tr\/de\/#\/schema\/logo\/image\/\"}}]}<\/script>\n<!-- \/ Yoast SEO plugin. -->","yoast_head_json":{"title":"piCA-j - Tecus Teknoloji","robots":{"index":"index","follow":"follow","max-snippet":"max-snippet:-1","max-image-preview":"max-image-preview:large","max-video-preview":"max-video-preview:-1"},"canonical":"https:\/\/tecus.com.tr\/de\/produkt\/pica-j\/","og_locale":"de_DE","og_type":"article","og_title":"piCA-j - Tecus Teknoloji","og_description":"Der modulare Schraubstock hat feste Backen mit den Ma\u00dfen 200x50x28 mm und bewegliche Backen mit den Ma\u00dfen 200x115x18 mm; er ist mit 50-mm-Slot-Systemen kompatibel. Dank einer Spannkraft von mehr als 1,5 mm bietet er eine zuverl\u00e4ssige Spannung mit minimalem Materialverlust. Seine modulare Bauweise erm\u00f6glicht das Spannen von Werkst\u00fccken mit einem Abstand von weniger als 10 cm. Mit unabh\u00e4ngigen Pitbull-Haltern k\u00f6nnen mehrere Werkst\u00fccke gespannt werden.  Inhalt des Sets: \u25cf 3 M3-Pitbulls mit scharfen Kanten \u25cf 2 M3-Pitbulls mit geraden Kanten \u25cf 3 Talon Grips \u25cf 2 Auflagebl\u00f6cke \u25cf M6 T-Nut-Verbindungszubeh\u00f6r","og_url":"https:\/\/tecus.com.tr\/de\/produkt\/pica-j\/","og_site_name":"Tecus Teknoloji","article_modified_time":"2025-10-26T18:16:06+00:00","og_image":[{"width":1024,"height":1024,"url":"https:\/\/tecus.com.tr\/wp-content\/uploads\/2025\/08\/pica_j_kit.png","type":"image\/png"}],"twitter_card":"summary_large_image","schema":{"@context":"https:\/\/schema.org","@graph":[{"@type":"WebPage","@id":"https:\/\/tecus.com.tr\/de\/produkt\/pica-j\/","url":"https:\/\/tecus.com.tr\/de\/produkt\/pica-j\/","name":"piCA-j - Tecus Teknoloji","isPartOf":{"@id":"https:\/\/tecus.com.tr\/de\/#website"},"datePublished":"2025-08-23T15:07:11+00:00","dateModified":"2025-10-26T18:16:06+00:00","breadcrumb":{"@id":"https:\/\/tecus.com.tr\/de\/produkt\/pica-j\/#breadcrumb"},"inLanguage":"de","potentialAction":[{"@type":"ReadAction","target":["https:\/\/tecus.com.tr\/de\/produkt\/pica-j\/"]}]},{"@type":"BreadcrumbList","@id":"https:\/\/tecus.com.tr\/de\/produkt\/pica-j\/#breadcrumb","itemListElement":[{"@type":"ListItem","position":1,"name":"Ana sayfa","item":"https:\/\/tecus.com.tr\/de\/"},{"@type":"ListItem","position":2,"name":"Ma\u011faza","item":"https:\/\/tecus.com.tr\/magaza\/"},{"@type":"ListItem","position":3,"name":"piCA-j"}]},{"@type":"WebSite","@id":"https:\/\/tecus.com.tr\/de\/#website","url":"https:\/\/tecus.com.tr\/de\/","name":"Tecus Teknoloji","description":"CNC par\u00e7a ba\u011flama \u00e7\u00f6z\u00fcmleri","publisher":{"@id":"https:\/\/tecus.com.tr\/de\/#organization"},"potentialAction":[{"@type":"SearchAction","target":{"@type":"EntryPoint","urlTemplate":"https:\/\/tecus.com.tr\/de\/?s={search_term_string}"},"query-input":"required name=search_term_string"}],"inLanguage":"de"},{"@type":"Organization","@id":"https:\/\/tecus.com.tr\/de\/#organization","name":"Tecus Teknoloji","url":"https:\/\/tecus.com.tr\/de\/","logo":{"@type":"ImageObject","inLanguage":"de","@id":"https:\/\/tecus.com.tr\/de\/#\/schema\/logo\/image\/","url":"https:\/\/tecus.com.tr\/wp-content\/uploads\/2018\/04\/tecus-logo-beyaz-2-e1528750997765.png","contentUrl":"https:\/\/tecus.com.tr\/wp-content\/uploads\/2018\/04\/tecus-logo-beyaz-2-e1528750997765.png","width":250,"height":53,"caption":"Tecus Teknoloji"},"image":{"@id":"https:\/\/tecus.com.tr\/de\/#\/schema\/logo\/image\/"}}]}},"_links":{"self":[{"href":"https:\/\/tecus.com.tr\/de\/wp-json\/wp\/v2\/product\/33454","targetHints":{"allow":["GET"]}}],"collection":[{"href":"https:\/\/tecus.com.tr\/de\/wp-json\/wp\/v2\/product"}],"about":[{"href":"https:\/\/tecus.com.tr\/de\/wp-json\/wp\/v2\/types\/product"}],"version-history":[{"count":2,"href":"https:\/\/tecus.com.tr\/de\/wp-json\/wp\/v2\/product\/33454\/revisions"}],"predecessor-version":[{"id":45651,"href":"https:\/\/tecus.com.tr\/de\/wp-json\/wp\/v2\/product\/33454\/revisions\/45651"}],"wp:featuredmedia":[{"embeddable":true,"href":"https:\/\/tecus.com.tr\/de\/wp-json\/wp\/v2\/media\/31925"}],"wp:attachment":[{"href":"https:\/\/tecus.com.tr\/de\/wp-json\/wp\/v2\/media?parent=33454"}],"wp:term":[{"taxonomy":"product_brand","embeddable":true,"href":"https:\/\/tecus.com.tr\/de\/wp-json\/wp\/v2\/product_brand?post=33454"},{"taxonomy":"product_cat","embeddable":true,"href":"https:\/\/tecus.com.tr\/de\/wp-json\/wp\/v2\/product_cat?post=33454"},{"taxonomy":"product_tag","embeddable":true,"href":"https:\/\/tecus.com.tr\/de\/wp-json\/wp\/v2\/product_tag?post=33454"}],"curies":[{"name":"wp","href":"https:\/\/api.w.org\/{rel}","templated":true}]}}