{"id":33448,"date":"2025-08-23T15:07:10","date_gmt":"2025-08-23T15:07:10","guid":{"rendered":"https:\/\/tecus.com.tr\/urun\/pica-5x\/"},"modified":"2025-10-26T18:15:04","modified_gmt":"2025-10-26T18:15:04","slug":"pica-5x","status":"publish","type":"product","link":"https:\/\/tecus.com.tr\/de\/produkt\/pica-5x\/","title":{"rendered":"piCA-5X"},"content":{"rendered":"","protected":false},"excerpt":{"rendered":"<p>Die <strong>Modulare Schraubstock<\/strong> hat feste Backen mit den Ma\u00dfen 200x50x28 mm und bewegliche Backen mit den Ma\u00dfen 200x115x18 mm; er ist kompatibel mit 50-mm-Slot-Systemen.<br \/>\nDank einer Spannkraft von mehr als 2,5 mm bietet er eine zuverl\u00e4ssige Spannung mit minimalem Materialverlust. Seine modulare Bauweise erm\u00f6glicht das Spannen von Werkst\u00fccken mit einer L\u00e4nge von 1 cm bis zu mehreren Metern.<br \/>\nMit unabh\u00e4ngigen Pitbull-Haltern k\u00f6nnen mehrere Werkst\u00fccke gleichzeitig gespannt werden. Dank der abnehmbaren vorderen Backen k\u00f6nnen Werkst\u00fccke bis zu einer H\u00f6he von 30 mm in zweiten Arbeitsg\u00e4ngen gespannt werden. Er ist eine starke Alternative zu klassischen Schraubst\u00f6cken.   <\/p>\n<p>&nbsp;<\/p>\n<p>&nbsp;<\/p>\n<p>Inhalt des Sets:<br \/>\n\u25cf 1 St\u00fcck M6 Pitbull (1,6 Tonnen Spannkraft)<br \/>\n\u25cf 3 St\u00fcck M6 Pitbull mit scharfen Kanten<br \/>\n\u25cf 2 St\u00fcck M6 Pitbull mit geraden Kanten<br \/>\n\u25cf 3 St\u00fcck Talon Grip<br \/>\n\u25cf 2 St\u00fcck Auflagebl\u00f6cke<br \/>\n\u25cf M12 T-Nut-Verbindungsst\u00fccke<\/p>\n","protected":false},"featured_media":31922,"template":"","meta":{"_acf_changed":false},"product_brand":[589],"product_cat":[466,474,436],"product_tag":[],"class_list":{"0":"post-33448","1":"product","2":"type-product","3":"status-publish","4":"has-post-thumbnail","6":"product_brand-canaca","7":"product_cat-3-4-5-achsen-schraubstocke","8":"product_cat-modulare-spannung","9":"product_cat-seitliche-spannpratzen","11":"first","12":"instock","13":"sale","14":"taxable","15":"shipping-taxable","16":"purchasable","17":"product-type-simple"},"acf":[],"yoast_head":"<!-- This site is optimized with the Yoast SEO plugin v20.2.1 - https:\/\/yoast.com\/wordpress\/plugins\/seo\/ -->\n<title>piCA-5X - Tecus Teknoloji<\/title>\n<meta name=\"robots\" content=\"index, follow, max-snippet:-1, max-image-preview:large, max-video-preview:-1\" \/>\n<link rel=\"canonical\" href=\"https:\/\/tecus.com.tr\/de\/produkt\/pica-5x\/\" \/>\n<meta property=\"og:locale\" content=\"de_DE\" \/>\n<meta property=\"og:type\" content=\"article\" \/>\n<meta property=\"og:title\" content=\"piCA-5X - Tecus Teknoloji\" \/>\n<meta property=\"og:description\" content=\"Die Modulare Schraubstock hat feste Backen mit den Ma\u00dfen 200x50x28 mm und bewegliche Backen mit den Ma\u00dfen 200x115x18 mm; er ist kompatibel mit 50-mm-Slot-Systemen. Dank einer Spannkraft von mehr als 2,5 mm bietet er eine zuverl\u00e4ssige Spannung mit minimalem Materialverlust. Seine modulare Bauweise erm\u00f6glicht das Spannen von Werkst\u00fccken mit einer L\u00e4nge von 1 cm bis zu mehreren Metern. Mit unabh\u00e4ngigen Pitbull-Haltern k\u00f6nnen mehrere Werkst\u00fccke gleichzeitig gespannt werden. Dank der abnehmbaren vorderen Backen k\u00f6nnen Werkst\u00fccke bis zu einer H\u00f6he von 30 mm in zweiten Arbeitsg\u00e4ngen gespannt werden. Er ist eine starke Alternative zu klassischen Schraubst\u00f6cken.   &nbsp; &nbsp; Inhalt des Sets: \u25cf 1 St\u00fcck M6 Pitbull (1,6 Tonnen Spannkraft) \u25cf 3 St\u00fcck M6 Pitbull mit scharfen Kanten \u25cf 2 St\u00fcck M6 Pitbull mit geraden Kanten \u25cf 3 St\u00fcck Talon Grip \u25cf 2 St\u00fcck Auflagebl\u00f6cke \u25cf M12 T-Nut-Verbindungsst\u00fccke\" \/>\n<meta property=\"og:url\" content=\"https:\/\/tecus.com.tr\/de\/produkt\/pica-5x\/\" \/>\n<meta property=\"og:site_name\" content=\"Tecus Teknoloji\" \/>\n<meta property=\"article:modified_time\" content=\"2025-10-26T18:15:04+00:00\" \/>\n<meta property=\"og:image\" content=\"https:\/\/tecus.com.tr\/wp-content\/uploads\/2025\/08\/pica_5x_kit.png\" \/>\n\t<meta property=\"og:image:width\" content=\"1024\" \/>\n\t<meta property=\"og:image:height\" content=\"1024\" \/>\n\t<meta property=\"og:image:type\" content=\"image\/png\" \/>\n<meta name=\"twitter:card\" content=\"summary_large_image\" \/>\n<script type=\"application\/ld+json\" class=\"yoast-schema-graph\">{\"@context\":\"https:\/\/schema.org\",\"@graph\":[{\"@type\":\"WebPage\",\"@id\":\"https:\/\/tecus.com.tr\/de\/produkt\/pica-5x\/\",\"url\":\"https:\/\/tecus.com.tr\/de\/produkt\/pica-5x\/\",\"name\":\"piCA-5X - Tecus Teknoloji\",\"isPartOf\":{\"@id\":\"https:\/\/tecus.com.tr\/de\/#website\"},\"datePublished\":\"2025-08-23T15:07:10+00:00\",\"dateModified\":\"2025-10-26T18:15:04+00:00\",\"breadcrumb\":{\"@id\":\"https:\/\/tecus.com.tr\/de\/produkt\/pica-5x\/#breadcrumb\"},\"inLanguage\":\"de\",\"potentialAction\":[{\"@type\":\"ReadAction\",\"target\":[\"https:\/\/tecus.com.tr\/de\/produkt\/pica-5x\/\"]}]},{\"@type\":\"BreadcrumbList\",\"@id\":\"https:\/\/tecus.com.tr\/de\/produkt\/pica-5x\/#breadcrumb\",\"itemListElement\":[{\"@type\":\"ListItem\",\"position\":1,\"name\":\"Ana sayfa\",\"item\":\"https:\/\/tecus.com.tr\/de\/\"},{\"@type\":\"ListItem\",\"position\":2,\"name\":\"Ma\u011faza\",\"item\":\"https:\/\/tecus.com.tr\/magaza\/\"},{\"@type\":\"ListItem\",\"position\":3,\"name\":\"piCA-5X\"}]},{\"@type\":\"WebSite\",\"@id\":\"https:\/\/tecus.com.tr\/de\/#website\",\"url\":\"https:\/\/tecus.com.tr\/de\/\",\"name\":\"Tecus Teknoloji\",\"description\":\"CNC par\u00e7a ba\u011flama \u00e7\u00f6z\u00fcmleri\",\"publisher\":{\"@id\":\"https:\/\/tecus.com.tr\/de\/#organization\"},\"potentialAction\":[{\"@type\":\"SearchAction\",\"target\":{\"@type\":\"EntryPoint\",\"urlTemplate\":\"https:\/\/tecus.com.tr\/de\/?s={search_term_string}\"},\"query-input\":\"required name=search_term_string\"}],\"inLanguage\":\"de\"},{\"@type\":\"Organization\",\"@id\":\"https:\/\/tecus.com.tr\/de\/#organization\",\"name\":\"Tecus Teknoloji\",\"url\":\"https:\/\/tecus.com.tr\/de\/\",\"logo\":{\"@type\":\"ImageObject\",\"inLanguage\":\"de\",\"@id\":\"https:\/\/tecus.com.tr\/de\/#\/schema\/logo\/image\/\",\"url\":\"https:\/\/tecus.com.tr\/wp-content\/uploads\/2018\/04\/tecus-logo-beyaz-2-e1528750997765.png\",\"contentUrl\":\"https:\/\/tecus.com.tr\/wp-content\/uploads\/2018\/04\/tecus-logo-beyaz-2-e1528750997765.png\",\"width\":250,\"height\":53,\"caption\":\"Tecus Teknoloji\"},\"image\":{\"@id\":\"https:\/\/tecus.com.tr\/de\/#\/schema\/logo\/image\/\"}}]}<\/script>\n<!-- \/ Yoast SEO plugin. -->","yoast_head_json":{"title":"piCA-5X - Tecus Teknoloji","robots":{"index":"index","follow":"follow","max-snippet":"max-snippet:-1","max-image-preview":"max-image-preview:large","max-video-preview":"max-video-preview:-1"},"canonical":"https:\/\/tecus.com.tr\/de\/produkt\/pica-5x\/","og_locale":"de_DE","og_type":"article","og_title":"piCA-5X - Tecus Teknoloji","og_description":"Die Modulare Schraubstock hat feste Backen mit den Ma\u00dfen 200x50x28 mm und bewegliche Backen mit den Ma\u00dfen 200x115x18 mm; er ist kompatibel mit 50-mm-Slot-Systemen. Dank einer Spannkraft von mehr als 2,5 mm bietet er eine zuverl\u00e4ssige Spannung mit minimalem Materialverlust. Seine modulare Bauweise erm\u00f6glicht das Spannen von Werkst\u00fccken mit einer L\u00e4nge von 1 cm bis zu mehreren Metern. Mit unabh\u00e4ngigen Pitbull-Haltern k\u00f6nnen mehrere Werkst\u00fccke gleichzeitig gespannt werden. Dank der abnehmbaren vorderen Backen k\u00f6nnen Werkst\u00fccke bis zu einer H\u00f6he von 30 mm in zweiten Arbeitsg\u00e4ngen gespannt werden. Er ist eine starke Alternative zu klassischen Schraubst\u00f6cken.   &nbsp; &nbsp; Inhalt des Sets: \u25cf 1 St\u00fcck M6 Pitbull (1,6 Tonnen Spannkraft) \u25cf 3 St\u00fcck M6 Pitbull mit scharfen Kanten \u25cf 2 St\u00fcck M6 Pitbull mit geraden Kanten \u25cf 3 St\u00fcck Talon Grip \u25cf 2 St\u00fcck Auflagebl\u00f6cke \u25cf M12 T-Nut-Verbindungsst\u00fccke","og_url":"https:\/\/tecus.com.tr\/de\/produkt\/pica-5x\/","og_site_name":"Tecus Teknoloji","article_modified_time":"2025-10-26T18:15:04+00:00","og_image":[{"width":1024,"height":1024,"url":"https:\/\/tecus.com.tr\/wp-content\/uploads\/2025\/08\/pica_5x_kit.png","type":"image\/png"}],"twitter_card":"summary_large_image","schema":{"@context":"https:\/\/schema.org","@graph":[{"@type":"WebPage","@id":"https:\/\/tecus.com.tr\/de\/produkt\/pica-5x\/","url":"https:\/\/tecus.com.tr\/de\/produkt\/pica-5x\/","name":"piCA-5X - Tecus Teknoloji","isPartOf":{"@id":"https:\/\/tecus.com.tr\/de\/#website"},"datePublished":"2025-08-23T15:07:10+00:00","dateModified":"2025-10-26T18:15:04+00:00","breadcrumb":{"@id":"https:\/\/tecus.com.tr\/de\/produkt\/pica-5x\/#breadcrumb"},"inLanguage":"de","potentialAction":[{"@type":"ReadAction","target":["https:\/\/tecus.com.tr\/de\/produkt\/pica-5x\/"]}]},{"@type":"BreadcrumbList","@id":"https:\/\/tecus.com.tr\/de\/produkt\/pica-5x\/#breadcrumb","itemListElement":[{"@type":"ListItem","position":1,"name":"Ana sayfa","item":"https:\/\/tecus.com.tr\/de\/"},{"@type":"ListItem","position":2,"name":"Ma\u011faza","item":"https:\/\/tecus.com.tr\/magaza\/"},{"@type":"ListItem","position":3,"name":"piCA-5X"}]},{"@type":"WebSite","@id":"https:\/\/tecus.com.tr\/de\/#website","url":"https:\/\/tecus.com.tr\/de\/","name":"Tecus Teknoloji","description":"CNC par\u00e7a ba\u011flama \u00e7\u00f6z\u00fcmleri","publisher":{"@id":"https:\/\/tecus.com.tr\/de\/#organization"},"potentialAction":[{"@type":"SearchAction","target":{"@type":"EntryPoint","urlTemplate":"https:\/\/tecus.com.tr\/de\/?s={search_term_string}"},"query-input":"required name=search_term_string"}],"inLanguage":"de"},{"@type":"Organization","@id":"https:\/\/tecus.com.tr\/de\/#organization","name":"Tecus Teknoloji","url":"https:\/\/tecus.com.tr\/de\/","logo":{"@type":"ImageObject","inLanguage":"de","@id":"https:\/\/tecus.com.tr\/de\/#\/schema\/logo\/image\/","url":"https:\/\/tecus.com.tr\/wp-content\/uploads\/2018\/04\/tecus-logo-beyaz-2-e1528750997765.png","contentUrl":"https:\/\/tecus.com.tr\/wp-content\/uploads\/2018\/04\/tecus-logo-beyaz-2-e1528750997765.png","width":250,"height":53,"caption":"Tecus Teknoloji"},"image":{"@id":"https:\/\/tecus.com.tr\/de\/#\/schema\/logo\/image\/"}}]}},"_links":{"self":[{"href":"https:\/\/tecus.com.tr\/de\/wp-json\/wp\/v2\/product\/33448","targetHints":{"allow":["GET"]}}],"collection":[{"href":"https:\/\/tecus.com.tr\/de\/wp-json\/wp\/v2\/product"}],"about":[{"href":"https:\/\/tecus.com.tr\/de\/wp-json\/wp\/v2\/types\/product"}],"version-history":[{"count":2,"href":"https:\/\/tecus.com.tr\/de\/wp-json\/wp\/v2\/product\/33448\/revisions"}],"predecessor-version":[{"id":45600,"href":"https:\/\/tecus.com.tr\/de\/wp-json\/wp\/v2\/product\/33448\/revisions\/45600"}],"wp:featuredmedia":[{"embeddable":true,"href":"https:\/\/tecus.com.tr\/de\/wp-json\/wp\/v2\/media\/31922"}],"wp:attachment":[{"href":"https:\/\/tecus.com.tr\/de\/wp-json\/wp\/v2\/media?parent=33448"}],"wp:term":[{"taxonomy":"product_brand","embeddable":true,"href":"https:\/\/tecus.com.tr\/de\/wp-json\/wp\/v2\/product_brand?post=33448"},{"taxonomy":"product_cat","embeddable":true,"href":"https:\/\/tecus.com.tr\/de\/wp-json\/wp\/v2\/product_cat?post=33448"},{"taxonomy":"product_tag","embeddable":true,"href":"https:\/\/tecus.com.tr\/de\/wp-json\/wp\/v2\/product_tag?post=33448"}],"curies":[{"name":"wp","href":"https:\/\/api.w.org\/{rel}","templated":true}]}}