{"id":33381,"date":"2018-04-15T11:16:12","date_gmt":"2018-04-15T11:16:12","guid":{"rendered":"https:\/\/tecus.com.tr\/urun\/side-loc-xpansion-klemmen\/"},"modified":"2025-10-26T18:20:47","modified_gmt":"2025-10-26T18:20:47","slug":"side-loc-xpansion-klemmen","status":"publish","type":"product","link":"https:\/\/tecus.com.tr\/de\/produkt\/side-loc-xpansion-klemmen\/","title":{"rendered":"Side-Loc Xpansion Klemmen"},"content":{"rendered":"<p><img fetchpriority=\"high\" decoding=\"async\" class=\"alignnone wp-image-457\" src=\"https:\/\/e-market.tecus.com.tr\/wp-content\/uploads\/2018\/03\/sideloc_draw-300x132.png\" alt=\"\" width=\"916\" height=\"403\"><\/p>\n<p>[table id=&#8220;SideLocXpansionClamps&#8220; \/]<\/p>\n","protected":false},"excerpt":{"rendered":"<p>Die Side-Loc Xpansion Klemme wird seitlich bet\u00e4tigt und ist somit ideal f\u00fcr Sacklochanwendungen. Sie ist sowohl f\u00fcr Dreh- als auch f\u00fcr Fr\u00e4sanwendungen geeignet. Eine Nockenwelle und ein Kolben spreizen die Klemme seitlich. Gleiche Montageabmessungen wie bei unserer urspr\u00fcnglichen ID-Klemme.   <\/p>\n<p>Die Side-Loc Xpansion Klemme wird durch Drehen einer seitlichen Innensechskant-Nockenwelle bet\u00e4tigt, die einen konischen Kolben bewegt, um die Klemme zu spreizen. Ein Sicherungsring sorgt f\u00fcr einen pr\u00e4zisen, voreingestellten Durchmesser und Steifigkeit f\u00fcr die Bearbeitung. Das maximale Drehmoment am Sicherungsring betr\u00e4gt 13 Nm. Wie unsere urspr\u00fcnglichen ID Xpansion \u2122 Klemmen verf\u00fcgt die Side-Loc Xpansion Klemme \u00fcber eine Totl\u00e4ngenfunktion, die f\u00fcr enge Toleranzabmessungen entscheidend ist.    <\/p>\n<p>Die Side-Loc Xpansion Klemme ist in zwei Ausf\u00fchrungen erh\u00e4ltlich: eine f\u00fcr Fr\u00e4sbearbeitungen und eine f\u00fcr Drehanwendungen. F\u00fcr jedes Modell ist eine Gr\u00f6\u00dfe erh\u00e4ltlich. Die Fr\u00e4s-Side-Loc Xpansion Klemme ist zwischen 28,4 und 18 mm bearbeitbar, die Drehversion zwischen 53 und 18 mm. Die Drehversion hat einen geraden Schaft von 25 mm.   <\/p>\n","protected":false},"featured_media":29183,"template":"","meta":{"_acf_changed":false},"product_brand":[],"product_cat":[435],"product_tag":[438],"class_list":{"0":"post-33381","1":"product","2":"type-product","3":"status-publish","4":"has-post-thumbnail","6":"product_cat-clampler-mit-durchmesserklemmung","7":"product_tag-xpansion-clamps","9":"first","10":"instock","11":"taxable","12":"shipping-taxable","13":"product-type-simple"},"acf":[],"yoast_head":"<!-- This site is optimized with the Yoast SEO plugin v20.2.1 - https:\/\/yoast.com\/wordpress\/plugins\/seo\/ -->\n<title>Side-Loc Xpansion Klemmen - Tecus Teknoloji<\/title>\n<meta name=\"robots\" content=\"index, follow, max-snippet:-1, max-image-preview:large, max-video-preview:-1\" \/>\n<link rel=\"canonical\" href=\"https:\/\/tecus.com.tr\/de\/produkt\/side-loc-xpansion-klemmen\/\" \/>\n<meta property=\"og:locale\" content=\"de_DE\" \/>\n<meta property=\"og:type\" content=\"article\" \/>\n<meta property=\"og:title\" content=\"Side-Loc Xpansion Klemmen - Tecus Teknoloji\" \/>\n<meta property=\"og:description\" content=\"Die Side-Loc Xpansion Klemme wird seitlich bet\u00e4tigt und ist somit ideal f\u00fcr Sacklochanwendungen. Sie ist sowohl f\u00fcr Dreh- als auch f\u00fcr Fr\u00e4sanwendungen geeignet. Eine Nockenwelle und ein Kolben spreizen die Klemme seitlich. Gleiche Montageabmessungen wie bei unserer urspr\u00fcnglichen ID-Klemme.   Die Side-Loc Xpansion Klemme wird durch Drehen einer seitlichen Innensechskant-Nockenwelle bet\u00e4tigt, die einen konischen Kolben bewegt, um die Klemme zu spreizen. Ein Sicherungsring sorgt f\u00fcr einen pr\u00e4zisen, voreingestellten Durchmesser und Steifigkeit f\u00fcr die Bearbeitung. Das maximale Drehmoment am Sicherungsring betr\u00e4gt 13 Nm. Wie unsere urspr\u00fcnglichen ID Xpansion \u2122 Klemmen verf\u00fcgt die Side-Loc Xpansion Klemme \u00fcber eine Totl\u00e4ngenfunktion, die f\u00fcr enge Toleranzabmessungen entscheidend ist.   Die Side-Loc Xpansion Klemme ist in zwei Ausf\u00fchrungen erh\u00e4ltlich: eine f\u00fcr Fr\u00e4sbearbeitungen und eine f\u00fcr Drehanwendungen. F\u00fcr jedes Modell ist eine Gr\u00f6\u00dfe erh\u00e4ltlich. Die Fr\u00e4s-Side-Loc Xpansion Klemme ist zwischen 28,4 und 18 mm bearbeitbar, die Drehversion zwischen 53 und 18 mm. Die Drehversion hat einen geraden Schaft von 25 mm.\" \/>\n<meta property=\"og:url\" content=\"https:\/\/tecus.com.tr\/de\/produkt\/side-loc-xpansion-klemmen\/\" \/>\n<meta property=\"og:site_name\" content=\"Tecus Teknoloji\" \/>\n<meta property=\"article:modified_time\" content=\"2025-10-26T18:20:47+00:00\" \/>\n<meta property=\"og:image\" content=\"https:\/\/tecus.com.tr\/wp-content\/uploads\/2018\/04\/SIDE-LOC-EXP-glam-copy-1.png\" \/>\n\t<meta property=\"og:image:width\" content=\"500\" \/>\n\t<meta property=\"og:image:height\" content=\"500\" \/>\n\t<meta property=\"og:image:type\" content=\"image\/png\" \/>\n<meta name=\"twitter:card\" content=\"summary_large_image\" \/>\n<script type=\"application\/ld+json\" class=\"yoast-schema-graph\">{\"@context\":\"https:\/\/schema.org\",\"@graph\":[{\"@type\":\"WebPage\",\"@id\":\"https:\/\/tecus.com.tr\/de\/produkt\/side-loc-xpansion-klemmen\/\",\"url\":\"https:\/\/tecus.com.tr\/de\/produkt\/side-loc-xpansion-klemmen\/\",\"name\":\"Side-Loc Xpansion Klemmen - Tecus Teknoloji\",\"isPartOf\":{\"@id\":\"https:\/\/tecus.com.tr\/de\/#website\"},\"datePublished\":\"2018-04-15T11:16:12+00:00\",\"dateModified\":\"2025-10-26T18:20:47+00:00\",\"breadcrumb\":{\"@id\":\"https:\/\/tecus.com.tr\/de\/produkt\/side-loc-xpansion-klemmen\/#breadcrumb\"},\"inLanguage\":\"de\",\"potentialAction\":[{\"@type\":\"ReadAction\",\"target\":[\"https:\/\/tecus.com.tr\/de\/produkt\/side-loc-xpansion-klemmen\/\"]}]},{\"@type\":\"BreadcrumbList\",\"@id\":\"https:\/\/tecus.com.tr\/de\/produkt\/side-loc-xpansion-klemmen\/#breadcrumb\",\"itemListElement\":[{\"@type\":\"ListItem\",\"position\":1,\"name\":\"Ana sayfa\",\"item\":\"https:\/\/tecus.com.tr\/de\/\"},{\"@type\":\"ListItem\",\"position\":2,\"name\":\"Ma\u011faza\",\"item\":\"https:\/\/tecus.com.tr\/magaza\/\"},{\"@type\":\"ListItem\",\"position\":3,\"name\":\"Side-Loc Xpansion Klemmen\"}]},{\"@type\":\"WebSite\",\"@id\":\"https:\/\/tecus.com.tr\/de\/#website\",\"url\":\"https:\/\/tecus.com.tr\/de\/\",\"name\":\"Tecus Teknoloji\",\"description\":\"CNC par\u00e7a ba\u011flama \u00e7\u00f6z\u00fcmleri\",\"publisher\":{\"@id\":\"https:\/\/tecus.com.tr\/de\/#organization\"},\"potentialAction\":[{\"@type\":\"SearchAction\",\"target\":{\"@type\":\"EntryPoint\",\"urlTemplate\":\"https:\/\/tecus.com.tr\/de\/?s={search_term_string}\"},\"query-input\":\"required name=search_term_string\"}],\"inLanguage\":\"de\"},{\"@type\":\"Organization\",\"@id\":\"https:\/\/tecus.com.tr\/de\/#organization\",\"name\":\"Tecus Teknoloji\",\"url\":\"https:\/\/tecus.com.tr\/de\/\",\"logo\":{\"@type\":\"ImageObject\",\"inLanguage\":\"de\",\"@id\":\"https:\/\/tecus.com.tr\/de\/#\/schema\/logo\/image\/\",\"url\":\"https:\/\/tecus.com.tr\/wp-content\/uploads\/2018\/04\/tecus-logo-beyaz-2-e1528750997765.png\",\"contentUrl\":\"https:\/\/tecus.com.tr\/wp-content\/uploads\/2018\/04\/tecus-logo-beyaz-2-e1528750997765.png\",\"width\":250,\"height\":53,\"caption\":\"Tecus Teknoloji\"},\"image\":{\"@id\":\"https:\/\/tecus.com.tr\/de\/#\/schema\/logo\/image\/\"}}]}<\/script>\n<!-- \/ Yoast SEO plugin. -->","yoast_head_json":{"title":"Side-Loc Xpansion Klemmen - Tecus Teknoloji","robots":{"index":"index","follow":"follow","max-snippet":"max-snippet:-1","max-image-preview":"max-image-preview:large","max-video-preview":"max-video-preview:-1"},"canonical":"https:\/\/tecus.com.tr\/de\/produkt\/side-loc-xpansion-klemmen\/","og_locale":"de_DE","og_type":"article","og_title":"Side-Loc Xpansion Klemmen - Tecus Teknoloji","og_description":"Die Side-Loc Xpansion Klemme wird seitlich bet\u00e4tigt und ist somit ideal f\u00fcr Sacklochanwendungen. Sie ist sowohl f\u00fcr Dreh- als auch f\u00fcr Fr\u00e4sanwendungen geeignet. Eine Nockenwelle und ein Kolben spreizen die Klemme seitlich. Gleiche Montageabmessungen wie bei unserer urspr\u00fcnglichen ID-Klemme.   Die Side-Loc Xpansion Klemme wird durch Drehen einer seitlichen Innensechskant-Nockenwelle bet\u00e4tigt, die einen konischen Kolben bewegt, um die Klemme zu spreizen. Ein Sicherungsring sorgt f\u00fcr einen pr\u00e4zisen, voreingestellten Durchmesser und Steifigkeit f\u00fcr die Bearbeitung. Das maximale Drehmoment am Sicherungsring betr\u00e4gt 13 Nm. Wie unsere urspr\u00fcnglichen ID Xpansion \u2122 Klemmen verf\u00fcgt die Side-Loc Xpansion Klemme \u00fcber eine Totl\u00e4ngenfunktion, die f\u00fcr enge Toleranzabmessungen entscheidend ist.   Die Side-Loc Xpansion Klemme ist in zwei Ausf\u00fchrungen erh\u00e4ltlich: eine f\u00fcr Fr\u00e4sbearbeitungen und eine f\u00fcr Drehanwendungen. F\u00fcr jedes Modell ist eine Gr\u00f6\u00dfe erh\u00e4ltlich. Die Fr\u00e4s-Side-Loc Xpansion Klemme ist zwischen 28,4 und 18 mm bearbeitbar, die Drehversion zwischen 53 und 18 mm. Die Drehversion hat einen geraden Schaft von 25 mm.","og_url":"https:\/\/tecus.com.tr\/de\/produkt\/side-loc-xpansion-klemmen\/","og_site_name":"Tecus Teknoloji","article_modified_time":"2025-10-26T18:20:47+00:00","og_image":[{"width":500,"height":500,"url":"https:\/\/tecus.com.tr\/wp-content\/uploads\/2018\/04\/SIDE-LOC-EXP-glam-copy-1.png","type":"image\/png"}],"twitter_card":"summary_large_image","schema":{"@context":"https:\/\/schema.org","@graph":[{"@type":"WebPage","@id":"https:\/\/tecus.com.tr\/de\/produkt\/side-loc-xpansion-klemmen\/","url":"https:\/\/tecus.com.tr\/de\/produkt\/side-loc-xpansion-klemmen\/","name":"Side-Loc Xpansion Klemmen - Tecus Teknoloji","isPartOf":{"@id":"https:\/\/tecus.com.tr\/de\/#website"},"datePublished":"2018-04-15T11:16:12+00:00","dateModified":"2025-10-26T18:20:47+00:00","breadcrumb":{"@id":"https:\/\/tecus.com.tr\/de\/produkt\/side-loc-xpansion-klemmen\/#breadcrumb"},"inLanguage":"de","potentialAction":[{"@type":"ReadAction","target":["https:\/\/tecus.com.tr\/de\/produkt\/side-loc-xpansion-klemmen\/"]}]},{"@type":"BreadcrumbList","@id":"https:\/\/tecus.com.tr\/de\/produkt\/side-loc-xpansion-klemmen\/#breadcrumb","itemListElement":[{"@type":"ListItem","position":1,"name":"Ana sayfa","item":"https:\/\/tecus.com.tr\/de\/"},{"@type":"ListItem","position":2,"name":"Ma\u011faza","item":"https:\/\/tecus.com.tr\/magaza\/"},{"@type":"ListItem","position":3,"name":"Side-Loc Xpansion Klemmen"}]},{"@type":"WebSite","@id":"https:\/\/tecus.com.tr\/de\/#website","url":"https:\/\/tecus.com.tr\/de\/","name":"Tecus Teknoloji","description":"CNC par\u00e7a ba\u011flama \u00e7\u00f6z\u00fcmleri","publisher":{"@id":"https:\/\/tecus.com.tr\/de\/#organization"},"potentialAction":[{"@type":"SearchAction","target":{"@type":"EntryPoint","urlTemplate":"https:\/\/tecus.com.tr\/de\/?s={search_term_string}"},"query-input":"required name=search_term_string"}],"inLanguage":"de"},{"@type":"Organization","@id":"https:\/\/tecus.com.tr\/de\/#organization","name":"Tecus Teknoloji","url":"https:\/\/tecus.com.tr\/de\/","logo":{"@type":"ImageObject","inLanguage":"de","@id":"https:\/\/tecus.com.tr\/de\/#\/schema\/logo\/image\/","url":"https:\/\/tecus.com.tr\/wp-content\/uploads\/2018\/04\/tecus-logo-beyaz-2-e1528750997765.png","contentUrl":"https:\/\/tecus.com.tr\/wp-content\/uploads\/2018\/04\/tecus-logo-beyaz-2-e1528750997765.png","width":250,"height":53,"caption":"Tecus Teknoloji"},"image":{"@id":"https:\/\/tecus.com.tr\/de\/#\/schema\/logo\/image\/"}}]}},"_links":{"self":[{"href":"https:\/\/tecus.com.tr\/de\/wp-json\/wp\/v2\/product\/33381","targetHints":{"allow":["GET"]}}],"collection":[{"href":"https:\/\/tecus.com.tr\/de\/wp-json\/wp\/v2\/product"}],"about":[{"href":"https:\/\/tecus.com.tr\/de\/wp-json\/wp\/v2\/types\/product"}],"version-history":[{"count":1,"href":"https:\/\/tecus.com.tr\/de\/wp-json\/wp\/v2\/product\/33381\/revisions"}],"predecessor-version":[{"id":40201,"href":"https:\/\/tecus.com.tr\/de\/wp-json\/wp\/v2\/product\/33381\/revisions\/40201"}],"wp:featuredmedia":[{"embeddable":true,"href":"https:\/\/tecus.com.tr\/de\/wp-json\/wp\/v2\/media\/29183"}],"wp:attachment":[{"href":"https:\/\/tecus.com.tr\/de\/wp-json\/wp\/v2\/media?parent=33381"}],"wp:term":[{"taxonomy":"product_brand","embeddable":true,"href":"https:\/\/tecus.com.tr\/de\/wp-json\/wp\/v2\/product_brand?post=33381"},{"taxonomy":"product_cat","embeddable":true,"href":"https:\/\/tecus.com.tr\/de\/wp-json\/wp\/v2\/product_cat?post=33381"},{"taxonomy":"product_tag","embeddable":true,"href":"https:\/\/tecus.com.tr\/de\/wp-json\/wp\/v2\/product_tag?post=33381"}],"curies":[{"name":"wp","href":"https:\/\/api.w.org\/{rel}","templated":true}]}}