{"id":33374,"date":"2018-04-15T11:05:08","date_gmt":"2018-04-15T11:05:08","guid":{"rendered":"https:\/\/tecus.com.tr\/urun\/modulare-pitbull-spannvorrichtung\/"},"modified":"2025-09-22T19:57:04","modified_gmt":"2025-09-22T19:57:04","slug":"modulare-pitbull-spannvorrichtung","status":"publish","type":"product","link":"https:\/\/tecus.com.tr\/de\/produkt\/modulare-pitbull-spannvorrichtung\/","title":{"rendered":"MODULARE PITBULL-SPANNVORRICHTUNG"},"content":{"rendered":"<p>&nbsp;<br \/>\n<img fetchpriority=\"high\" decoding=\"async\" src=\"https:\/\/e-market.tecus.com.tr\/wp-content\/uploads\/2018\/03\/mod_pitbull_drawing-300x149.png\" alt=\"\" width=\"559\" height=\"279\"><br \/>\n[table id=ModularPitbullClamps\/]<\/p>\n<h2>UYGULAMA \u00d6RNEKLER\u0130<\/h2>\n<figure class=\"gallery-item\">\n\t\t\t\t<a data-elementor-open-lightbox=\"default\" data-elementor-lightbox-slideshow=\"18a3ff2a\" href=\"https:\/\/tecus.com.tr\/wp-content\/uploads\/2018\/06\/Modular-Pitbulls-1.jpg\"><img decoding=\"async\" width=\"200\" height=\"150\" src=\"https:\/\/tecus.com.tr\/wp-content\/uploads\/2018\/06\/Modular-Pitbulls-1-200x150.jpg\" alt=\"Modular Pitbulls (1)\" aria-describedby=\"gallery-1-6912\" srcset=\"https:\/\/tecus.com.tr\/wp-content\/uploads\/2018\/06\/Modular-Pitbulls-1-200x150.jpg 200w, https:\/\/tecus.com.tr\/wp-content\/uploads\/2018\/06\/Modular-Pitbulls-1-250x188.jpg 250w, https:\/\/tecus.com.tr\/wp-content\/uploads\/2018\/06\/Modular-Pitbulls-1-300x225.jpg 300w, https:\/\/tecus.com.tr\/wp-content\/uploads\/2018\/06\/Modular-Pitbulls-1-350x263.jpg 350w, https:\/\/tecus.com.tr\/wp-content\/uploads\/2018\/06\/Modular-Pitbulls-1-500x375.jpg 500w, https:\/\/tecus.com.tr\/wp-content\/uploads\/2018\/06\/Modular-Pitbulls-1.jpg 512w\" sizes=\"(max-width: 200px) 100vw, 200px\"><\/a><figcaption class=\"wp-caption-text gallery-caption\" id=\"gallery-1-6912\">\n\t\t\t\tModular Pitbulls (1)<br \/>\n<\/figcaption><\/figure>\n<figure class=\"gallery-item\">\n\t\t\t\t<a data-elementor-open-lightbox=\"default\" data-elementor-lightbox-slideshow=\"18a3ff2a\" href=\"https:\/\/tecus.com.tr\/wp-content\/uploads\/2018\/06\/Modular-Pitbulls-2.jpg\"><img decoding=\"async\" width=\"200\" height=\"150\" src=\"https:\/\/tecus.com.tr\/wp-content\/uploads\/2018\/06\/Modular-Pitbulls-2-200x150.jpg\" alt=\"Modular Pitbulls\" aria-describedby=\"gallery-1-6913\"><\/a><figcaption class=\"wp-caption-text gallery-caption\" id=\"gallery-1-6913\">\n\t\t\t\tModular Pitbulls<br \/>\n<\/figcaption><\/figure>\n<figure class=\"gallery-item\">\n\t\t\t\t<a data-elementor-open-lightbox=\"default\" data-elementor-lightbox-slideshow=\"18a3ff2a\" href=\"https:\/\/tecus.com.tr\/wp-content\/uploads\/2018\/06\/Modular-Pitbulls-3.jpg\"><img loading=\"lazy\" decoding=\"async\" width=\"200\" height=\"150\" src=\"https:\/\/tecus.com.tr\/wp-content\/uploads\/2018\/06\/Modular-Pitbulls-3-200x150.jpg\" alt=\"\"><\/a><\/figure>\n<figure class=\"gallery-item\">\n\t\t\t\t<a data-elementor-open-lightbox=\"default\" data-elementor-lightbox-slideshow=\"18a3ff2a\" href=\"https:\/\/tecus.com.tr\/wp-content\/uploads\/2018\/06\/Modular-Pitbulls-4.jpg\"><img loading=\"lazy\" decoding=\"async\" width=\"200\" height=\"150\" src=\"https:\/\/tecus.com.tr\/wp-content\/uploads\/2018\/06\/Modular-Pitbulls-4-200x150.jpg\" alt=\"\" srcset=\"https:\/\/tecus.com.tr\/wp-content\/uploads\/2018\/06\/Modular-Pitbulls-4-200x150.jpg 200w, https:\/\/tecus.com.tr\/wp-content\/uploads\/2018\/06\/Modular-Pitbulls-4-250x188.jpg 250w, https:\/\/tecus.com.tr\/wp-content\/uploads\/2018\/06\/Modular-Pitbulls-4-300x225.jpg 300w, https:\/\/tecus.com.tr\/wp-content\/uploads\/2018\/06\/Modular-Pitbulls-4-350x263.jpg 350w, https:\/\/tecus.com.tr\/wp-content\/uploads\/2018\/06\/Modular-Pitbulls-4-500x375.jpg 500w, https:\/\/tecus.com.tr\/wp-content\/uploads\/2018\/06\/Modular-Pitbulls-4.jpg 512w\" sizes=\"(max-width: 200px) 100vw, 200px\"><\/a><\/figure>\n","protected":false},"excerpt":{"rendered":"<p>Die Pitbull\u00ae-Spannvorrichtung ist aufgrund ihres niedrigen Profils und ihrer positiven Abw\u00e4rtskraft sehr bekannt. Sie ist jetzt als modulare Spannvorrichtung in zwei Ausf\u00fchrungen erh\u00e4ltlich. <\/p>\n<p>Die gestufte und geschlitzte modulare Pitbull\u00ae-Spannvorrichtung bietet durch ihr einzigartiges Erh\u00f6hungsdesign eine vielseitige Verwendung. Diese Spannvorrichtung unterst\u00fctzt das Werkst\u00fcck auf der Werkzeugmaschine zum Fr\u00e4sen und Bohren. Die geh\u00e4rteten und geschliffenen Spannvorrichtungen sind f\u00fcr Tische mit F\u00fchrungsbohrungen oder T-Nut-Konfigurationen ausgelegt.  <\/p>\n<p>Die kompakte modulare Pitbull\u00ae-Spannvorrichtung ist ideal zum seriellen Spannen von Teilen, wobei die R\u00fcckseite einer Spannvorrichtung zum Positionieren des nachfolgenden Werkst\u00fccks verwendet wird. Die H\u00f6he der Spannvorrichtung kann durch die Tiefe des bearbeiteten Schlitzes zum Positionieren eingestellt werden. <\/p>\n","protected":false},"featured_media":29275,"template":"","meta":{"_acf_changed":false},"product_brand":[],"product_cat":[436],"product_tag":[],"class_list":{"0":"post-33374","1":"product","2":"type-product","3":"status-publish","4":"has-post-thumbnail","6":"product_cat-seitliche-spannpratzen","8":"first","9":"instock","10":"taxable","11":"shipping-taxable","12":"product-type-simple"},"acf":[],"yoast_head":"<!-- This site is optimized with the Yoast SEO plugin v20.2.1 - https:\/\/yoast.com\/wordpress\/plugins\/seo\/ -->\n<title>MODULARE PITBULL-SPANNVORRICHTUNG - Tecus Teknoloji<\/title>\n<meta name=\"robots\" content=\"index, follow, max-snippet:-1, max-image-preview:large, max-video-preview:-1\" \/>\n<link rel=\"canonical\" href=\"https:\/\/tecus.com.tr\/de\/produkt\/modulare-pitbull-spannvorrichtung\/\" \/>\n<meta property=\"og:locale\" content=\"de_DE\" \/>\n<meta property=\"og:type\" content=\"article\" \/>\n<meta property=\"og:title\" content=\"MODULARE PITBULL-SPANNVORRICHTUNG - Tecus Teknoloji\" \/>\n<meta property=\"og:description\" content=\"Die Pitbull\u00ae-Spannvorrichtung ist aufgrund ihres niedrigen Profils und ihrer positiven Abw\u00e4rtskraft sehr bekannt. Sie ist jetzt als modulare Spannvorrichtung in zwei Ausf\u00fchrungen erh\u00e4ltlich.  Die gestufte und geschlitzte modulare Pitbull\u00ae-Spannvorrichtung bietet durch ihr einzigartiges Erh\u00f6hungsdesign eine vielseitige Verwendung. Diese Spannvorrichtung unterst\u00fctzt das Werkst\u00fcck auf der Werkzeugmaschine zum Fr\u00e4sen und Bohren. Die geh\u00e4rteten und geschliffenen Spannvorrichtungen sind f\u00fcr Tische mit F\u00fchrungsbohrungen oder T-Nut-Konfigurationen ausgelegt.  Die kompakte modulare Pitbull\u00ae-Spannvorrichtung ist ideal zum seriellen Spannen von Teilen, wobei die R\u00fcckseite einer Spannvorrichtung zum Positionieren des nachfolgenden Werkst\u00fccks verwendet wird. Die H\u00f6he der Spannvorrichtung kann durch die Tiefe des bearbeiteten Schlitzes zum Positionieren eingestellt werden.\" \/>\n<meta property=\"og:url\" content=\"https:\/\/tecus.com.tr\/de\/produkt\/modulare-pitbull-spannvorrichtung\/\" \/>\n<meta property=\"og:site_name\" content=\"Tecus Teknoloji\" \/>\n<meta property=\"article:modified_time\" content=\"2025-09-22T19:57:04+00:00\" \/>\n<meta property=\"og:image\" content=\"https:\/\/tecus.com.tr\/wp-content\/uploads\/2018\/04\/moduler-pitbull-clamp-2.png\" \/>\n\t<meta property=\"og:image:width\" content=\"500\" \/>\n\t<meta property=\"og:image:height\" content=\"500\" \/>\n\t<meta property=\"og:image:type\" content=\"image\/png\" \/>\n<meta name=\"twitter:card\" content=\"summary_large_image\" \/>\n<script type=\"application\/ld+json\" class=\"yoast-schema-graph\">{\"@context\":\"https:\/\/schema.org\",\"@graph\":[{\"@type\":\"WebPage\",\"@id\":\"https:\/\/tecus.com.tr\/de\/produkt\/modulare-pitbull-spannvorrichtung\/\",\"url\":\"https:\/\/tecus.com.tr\/de\/produkt\/modulare-pitbull-spannvorrichtung\/\",\"name\":\"MODULARE PITBULL-SPANNVORRICHTUNG - Tecus Teknoloji\",\"isPartOf\":{\"@id\":\"https:\/\/tecus.com.tr\/de\/#website\"},\"datePublished\":\"2018-04-15T11:05:08+00:00\",\"dateModified\":\"2025-09-22T19:57:04+00:00\",\"breadcrumb\":{\"@id\":\"https:\/\/tecus.com.tr\/de\/produkt\/modulare-pitbull-spannvorrichtung\/#breadcrumb\"},\"inLanguage\":\"de\",\"potentialAction\":[{\"@type\":\"ReadAction\",\"target\":[\"https:\/\/tecus.com.tr\/de\/produkt\/modulare-pitbull-spannvorrichtung\/\"]}]},{\"@type\":\"BreadcrumbList\",\"@id\":\"https:\/\/tecus.com.tr\/de\/produkt\/modulare-pitbull-spannvorrichtung\/#breadcrumb\",\"itemListElement\":[{\"@type\":\"ListItem\",\"position\":1,\"name\":\"Ana sayfa\",\"item\":\"https:\/\/tecus.com.tr\/de\/\"},{\"@type\":\"ListItem\",\"position\":2,\"name\":\"Ma\u011faza\",\"item\":\"https:\/\/tecus.com.tr\/magaza\/\"},{\"@type\":\"ListItem\",\"position\":3,\"name\":\"MODULARE PITBULL-SPANNVORRICHTUNG\"}]},{\"@type\":\"WebSite\",\"@id\":\"https:\/\/tecus.com.tr\/de\/#website\",\"url\":\"https:\/\/tecus.com.tr\/de\/\",\"name\":\"Tecus Teknoloji\",\"description\":\"CNC par\u00e7a ba\u011flama \u00e7\u00f6z\u00fcmleri\",\"publisher\":{\"@id\":\"https:\/\/tecus.com.tr\/de\/#organization\"},\"potentialAction\":[{\"@type\":\"SearchAction\",\"target\":{\"@type\":\"EntryPoint\",\"urlTemplate\":\"https:\/\/tecus.com.tr\/de\/?s={search_term_string}\"},\"query-input\":\"required name=search_term_string\"}],\"inLanguage\":\"de\"},{\"@type\":\"Organization\",\"@id\":\"https:\/\/tecus.com.tr\/de\/#organization\",\"name\":\"Tecus Teknoloji\",\"url\":\"https:\/\/tecus.com.tr\/de\/\",\"logo\":{\"@type\":\"ImageObject\",\"inLanguage\":\"de\",\"@id\":\"https:\/\/tecus.com.tr\/de\/#\/schema\/logo\/image\/\",\"url\":\"https:\/\/tecus.com.tr\/wp-content\/uploads\/2018\/04\/tecus-logo-beyaz-2-e1528750997765.png\",\"contentUrl\":\"https:\/\/tecus.com.tr\/wp-content\/uploads\/2018\/04\/tecus-logo-beyaz-2-e1528750997765.png\",\"width\":250,\"height\":53,\"caption\":\"Tecus Teknoloji\"},\"image\":{\"@id\":\"https:\/\/tecus.com.tr\/de\/#\/schema\/logo\/image\/\"}}]}<\/script>\n<!-- \/ Yoast SEO plugin. -->","yoast_head_json":{"title":"MODULARE PITBULL-SPANNVORRICHTUNG - Tecus Teknoloji","robots":{"index":"index","follow":"follow","max-snippet":"max-snippet:-1","max-image-preview":"max-image-preview:large","max-video-preview":"max-video-preview:-1"},"canonical":"https:\/\/tecus.com.tr\/de\/produkt\/modulare-pitbull-spannvorrichtung\/","og_locale":"de_DE","og_type":"article","og_title":"MODULARE PITBULL-SPANNVORRICHTUNG - Tecus Teknoloji","og_description":"Die Pitbull\u00ae-Spannvorrichtung ist aufgrund ihres niedrigen Profils und ihrer positiven Abw\u00e4rtskraft sehr bekannt. Sie ist jetzt als modulare Spannvorrichtung in zwei Ausf\u00fchrungen erh\u00e4ltlich.  Die gestufte und geschlitzte modulare Pitbull\u00ae-Spannvorrichtung bietet durch ihr einzigartiges Erh\u00f6hungsdesign eine vielseitige Verwendung. Diese Spannvorrichtung unterst\u00fctzt das Werkst\u00fcck auf der Werkzeugmaschine zum Fr\u00e4sen und Bohren. Die geh\u00e4rteten und geschliffenen Spannvorrichtungen sind f\u00fcr Tische mit F\u00fchrungsbohrungen oder T-Nut-Konfigurationen ausgelegt.  Die kompakte modulare Pitbull\u00ae-Spannvorrichtung ist ideal zum seriellen Spannen von Teilen, wobei die R\u00fcckseite einer Spannvorrichtung zum Positionieren des nachfolgenden Werkst\u00fccks verwendet wird. Die H\u00f6he der Spannvorrichtung kann durch die Tiefe des bearbeiteten Schlitzes zum Positionieren eingestellt werden.","og_url":"https:\/\/tecus.com.tr\/de\/produkt\/modulare-pitbull-spannvorrichtung\/","og_site_name":"Tecus Teknoloji","article_modified_time":"2025-09-22T19:57:04+00:00","og_image":[{"width":500,"height":500,"url":"https:\/\/tecus.com.tr\/wp-content\/uploads\/2018\/04\/moduler-pitbull-clamp-2.png","type":"image\/png"}],"twitter_card":"summary_large_image","schema":{"@context":"https:\/\/schema.org","@graph":[{"@type":"WebPage","@id":"https:\/\/tecus.com.tr\/de\/produkt\/modulare-pitbull-spannvorrichtung\/","url":"https:\/\/tecus.com.tr\/de\/produkt\/modulare-pitbull-spannvorrichtung\/","name":"MODULARE PITBULL-SPANNVORRICHTUNG - Tecus Teknoloji","isPartOf":{"@id":"https:\/\/tecus.com.tr\/de\/#website"},"datePublished":"2018-04-15T11:05:08+00:00","dateModified":"2025-09-22T19:57:04+00:00","breadcrumb":{"@id":"https:\/\/tecus.com.tr\/de\/produkt\/modulare-pitbull-spannvorrichtung\/#breadcrumb"},"inLanguage":"de","potentialAction":[{"@type":"ReadAction","target":["https:\/\/tecus.com.tr\/de\/produkt\/modulare-pitbull-spannvorrichtung\/"]}]},{"@type":"BreadcrumbList","@id":"https:\/\/tecus.com.tr\/de\/produkt\/modulare-pitbull-spannvorrichtung\/#breadcrumb","itemListElement":[{"@type":"ListItem","position":1,"name":"Ana sayfa","item":"https:\/\/tecus.com.tr\/de\/"},{"@type":"ListItem","position":2,"name":"Ma\u011faza","item":"https:\/\/tecus.com.tr\/magaza\/"},{"@type":"ListItem","position":3,"name":"MODULARE PITBULL-SPANNVORRICHTUNG"}]},{"@type":"WebSite","@id":"https:\/\/tecus.com.tr\/de\/#website","url":"https:\/\/tecus.com.tr\/de\/","name":"Tecus Teknoloji","description":"CNC par\u00e7a ba\u011flama \u00e7\u00f6z\u00fcmleri","publisher":{"@id":"https:\/\/tecus.com.tr\/de\/#organization"},"potentialAction":[{"@type":"SearchAction","target":{"@type":"EntryPoint","urlTemplate":"https:\/\/tecus.com.tr\/de\/?s={search_term_string}"},"query-input":"required name=search_term_string"}],"inLanguage":"de"},{"@type":"Organization","@id":"https:\/\/tecus.com.tr\/de\/#organization","name":"Tecus Teknoloji","url":"https:\/\/tecus.com.tr\/de\/","logo":{"@type":"ImageObject","inLanguage":"de","@id":"https:\/\/tecus.com.tr\/de\/#\/schema\/logo\/image\/","url":"https:\/\/tecus.com.tr\/wp-content\/uploads\/2018\/04\/tecus-logo-beyaz-2-e1528750997765.png","contentUrl":"https:\/\/tecus.com.tr\/wp-content\/uploads\/2018\/04\/tecus-logo-beyaz-2-e1528750997765.png","width":250,"height":53,"caption":"Tecus Teknoloji"},"image":{"@id":"https:\/\/tecus.com.tr\/de\/#\/schema\/logo\/image\/"}}]}},"_links":{"self":[{"href":"https:\/\/tecus.com.tr\/de\/wp-json\/wp\/v2\/product\/33374","targetHints":{"allow":["GET"]}}],"collection":[{"href":"https:\/\/tecus.com.tr\/de\/wp-json\/wp\/v2\/product"}],"about":[{"href":"https:\/\/tecus.com.tr\/de\/wp-json\/wp\/v2\/types\/product"}],"version-history":[{"count":5,"href":"https:\/\/tecus.com.tr\/de\/wp-json\/wp\/v2\/product\/33374\/revisions"}],"predecessor-version":[{"id":40560,"href":"https:\/\/tecus.com.tr\/de\/wp-json\/wp\/v2\/product\/33374\/revisions\/40560"}],"wp:featuredmedia":[{"embeddable":true,"href":"https:\/\/tecus.com.tr\/de\/wp-json\/wp\/v2\/media\/29275"}],"wp:attachment":[{"href":"https:\/\/tecus.com.tr\/de\/wp-json\/wp\/v2\/media?parent=33374"}],"wp:term":[{"taxonomy":"product_brand","embeddable":true,"href":"https:\/\/tecus.com.tr\/de\/wp-json\/wp\/v2\/product_brand?post=33374"},{"taxonomy":"product_cat","embeddable":true,"href":"https:\/\/tecus.com.tr\/de\/wp-json\/wp\/v2\/product_cat?post=33374"},{"taxonomy":"product_tag","embeddable":true,"href":"https:\/\/tecus.com.tr\/de\/wp-json\/wp\/v2\/product_tag?post=33374"}],"curies":[{"name":"wp","href":"https:\/\/api.w.org\/{rel}","templated":true}]}}