{"id":33365,"date":"2018-04-15T11:16:13","date_gmt":"2018-04-15T11:16:13","guid":{"rendered":"https:\/\/tecus.com.tr\/urun\/vorrichtungsklammern\/"},"modified":"2025-10-26T18:22:25","modified_gmt":"2025-10-26T18:22:25","slug":"vorrichtungsklammern","status":"publish","type":"product","link":"https:\/\/tecus.com.tr\/de\/produkt\/vorrichtungsklammern\/","title":{"rendered":"Vorrichtungsklammern"},"content":{"rendered":"<p>[table id=FixtureClamps \/]<\/p>\n","protected":false},"excerpt":{"rendered":"<p>Die <strong>MITEE-BITE-Vorrichtungsklemme mit Nockenbewegung<\/strong> besteht aus zwei Hauptkomponenten:<\/p>\n<ul>\n<li>Eine Schraube mit exzentrischem Kopf aus geh\u00e4rtetem Stahl<\/li>\n<li>Eine Sechskantmutter aus Messing<\/li>\n<\/ul>\n<p><strong>Hervorstechende Merkmale:<\/strong><\/p>\n<ul>\n<li>Wird f\u00fcr die schnelle und einfache Montage von Linearf\u00fchrungen verwendet<\/li>\n<li>Erm\u00f6glicht dank des Nockenmechanismus ein starkes und schnelles Spannen<\/li>\n<li>Die kompakte Bauweise erm\u00f6glicht die Befestigung von mehr Teilen pro Last<\/li>\n<li>Bietet dank des einfachen Designs einen Kostenvorteil<\/li>\n<\/ul>\n<p><em>Hinweis:<\/em> Es wird empfohlen, den Spannvorgang <strong>im Uhrzeigersinn<\/strong> durchzuf\u00fchren. Der Positionierungsstift sollte sich auf der <strong>rechten Seite<\/strong> des Werkst\u00fccks befinden. <\/p>\n","protected":false},"featured_media":29333,"template":"","meta":{"_acf_changed":false},"product_brand":[],"product_cat":[436],"product_tag":[460],"class_list":{"0":"post-33365","1":"product","2":"type-product","3":"status-publish","4":"has-post-thumbnail","6":"product_cat-seitliche-spannpratzen","7":"product_tag-seitenklemmen","9":"first","10":"instock","11":"taxable","12":"shipping-taxable","13":"product-type-simple"},"acf":[],"yoast_head":"<!-- This site is optimized with the Yoast SEO plugin v20.2.1 - https:\/\/yoast.com\/wordpress\/plugins\/seo\/ -->\n<title>Vorrichtungsklammern - Tecus Teknoloji<\/title>\n<meta name=\"robots\" content=\"index, follow, max-snippet:-1, max-image-preview:large, max-video-preview:-1\" \/>\n<link rel=\"canonical\" href=\"https:\/\/tecus.com.tr\/de\/produkt\/vorrichtungsklammern\/\" \/>\n<meta property=\"og:locale\" content=\"de_DE\" \/>\n<meta property=\"og:type\" content=\"article\" \/>\n<meta property=\"og:title\" content=\"Vorrichtungsklammern - Tecus Teknoloji\" \/>\n<meta property=\"og:description\" content=\"Die MITEE-BITE-Vorrichtungsklemme mit Nockenbewegung besteht aus zwei Hauptkomponenten:  Eine Schraube mit exzentrischem Kopf aus geh\u00e4rtetem Stahl  Eine Sechskantmutter aus Messing Hervorstechende Merkmale:  Wird f\u00fcr die schnelle und einfache Montage von Linearf\u00fchrungen verwendet  Erm\u00f6glicht dank des Nockenmechanismus ein starkes und schnelles Spannen  Die kompakte Bauweise erm\u00f6glicht die Befestigung von mehr Teilen pro Last  Bietet dank des einfachen Designs einen Kostenvorteil Hinweis: Es wird empfohlen, den Spannvorgang im Uhrzeigersinn durchzuf\u00fchren. Der Positionierungsstift sollte sich auf der rechten Seite des Werkst\u00fccks befinden.\" \/>\n<meta property=\"og:url\" content=\"https:\/\/tecus.com.tr\/de\/produkt\/vorrichtungsklammern\/\" \/>\n<meta property=\"og:site_name\" content=\"Tecus Teknoloji\" \/>\n<meta property=\"article:modified_time\" content=\"2025-10-26T18:22:25+00:00\" \/>\n<meta property=\"og:image\" content=\"https:\/\/tecus.com.tr\/wp-content\/uploads\/2018\/04\/fixture_clamp2_thumb-copy-2.png\" \/>\n\t<meta property=\"og:image:width\" content=\"500\" \/>\n\t<meta property=\"og:image:height\" content=\"500\" \/>\n\t<meta property=\"og:image:type\" content=\"image\/png\" \/>\n<meta name=\"twitter:card\" content=\"summary_large_image\" \/>\n<script type=\"application\/ld+json\" class=\"yoast-schema-graph\">{\"@context\":\"https:\/\/schema.org\",\"@graph\":[{\"@type\":\"WebPage\",\"@id\":\"https:\/\/tecus.com.tr\/de\/produkt\/vorrichtungsklammern\/\",\"url\":\"https:\/\/tecus.com.tr\/de\/produkt\/vorrichtungsklammern\/\",\"name\":\"Vorrichtungsklammern - Tecus Teknoloji\",\"isPartOf\":{\"@id\":\"https:\/\/tecus.com.tr\/de\/#website\"},\"datePublished\":\"2018-04-15T11:16:13+00:00\",\"dateModified\":\"2025-10-26T18:22:25+00:00\",\"breadcrumb\":{\"@id\":\"https:\/\/tecus.com.tr\/de\/produkt\/vorrichtungsklammern\/#breadcrumb\"},\"inLanguage\":\"de\",\"potentialAction\":[{\"@type\":\"ReadAction\",\"target\":[\"https:\/\/tecus.com.tr\/de\/produkt\/vorrichtungsklammern\/\"]}]},{\"@type\":\"BreadcrumbList\",\"@id\":\"https:\/\/tecus.com.tr\/de\/produkt\/vorrichtungsklammern\/#breadcrumb\",\"itemListElement\":[{\"@type\":\"ListItem\",\"position\":1,\"name\":\"Ana sayfa\",\"item\":\"https:\/\/tecus.com.tr\/de\/\"},{\"@type\":\"ListItem\",\"position\":2,\"name\":\"Ma\u011faza\",\"item\":\"https:\/\/tecus.com.tr\/magaza\/\"},{\"@type\":\"ListItem\",\"position\":3,\"name\":\"Vorrichtungsklammern\"}]},{\"@type\":\"WebSite\",\"@id\":\"https:\/\/tecus.com.tr\/de\/#website\",\"url\":\"https:\/\/tecus.com.tr\/de\/\",\"name\":\"Tecus Teknoloji\",\"description\":\"CNC par\u00e7a ba\u011flama \u00e7\u00f6z\u00fcmleri\",\"publisher\":{\"@id\":\"https:\/\/tecus.com.tr\/de\/#organization\"},\"potentialAction\":[{\"@type\":\"SearchAction\",\"target\":{\"@type\":\"EntryPoint\",\"urlTemplate\":\"https:\/\/tecus.com.tr\/de\/?s={search_term_string}\"},\"query-input\":\"required name=search_term_string\"}],\"inLanguage\":\"de\"},{\"@type\":\"Organization\",\"@id\":\"https:\/\/tecus.com.tr\/de\/#organization\",\"name\":\"Tecus Teknoloji\",\"url\":\"https:\/\/tecus.com.tr\/de\/\",\"logo\":{\"@type\":\"ImageObject\",\"inLanguage\":\"de\",\"@id\":\"https:\/\/tecus.com.tr\/de\/#\/schema\/logo\/image\/\",\"url\":\"https:\/\/tecus.com.tr\/wp-content\/uploads\/2018\/04\/tecus-logo-beyaz-2-e1528750997765.png\",\"contentUrl\":\"https:\/\/tecus.com.tr\/wp-content\/uploads\/2018\/04\/tecus-logo-beyaz-2-e1528750997765.png\",\"width\":250,\"height\":53,\"caption\":\"Tecus Teknoloji\"},\"image\":{\"@id\":\"https:\/\/tecus.com.tr\/de\/#\/schema\/logo\/image\/\"}}]}<\/script>\n<!-- \/ Yoast SEO plugin. -->","yoast_head_json":{"title":"Vorrichtungsklammern - Tecus Teknoloji","robots":{"index":"index","follow":"follow","max-snippet":"max-snippet:-1","max-image-preview":"max-image-preview:large","max-video-preview":"max-video-preview:-1"},"canonical":"https:\/\/tecus.com.tr\/de\/produkt\/vorrichtungsklammern\/","og_locale":"de_DE","og_type":"article","og_title":"Vorrichtungsklammern - Tecus Teknoloji","og_description":"Die MITEE-BITE-Vorrichtungsklemme mit Nockenbewegung besteht aus zwei Hauptkomponenten:  Eine Schraube mit exzentrischem Kopf aus geh\u00e4rtetem Stahl  Eine Sechskantmutter aus Messing Hervorstechende Merkmale:  Wird f\u00fcr die schnelle und einfache Montage von Linearf\u00fchrungen verwendet  Erm\u00f6glicht dank des Nockenmechanismus ein starkes und schnelles Spannen  Die kompakte Bauweise erm\u00f6glicht die Befestigung von mehr Teilen pro Last  Bietet dank des einfachen Designs einen Kostenvorteil Hinweis: Es wird empfohlen, den Spannvorgang im Uhrzeigersinn durchzuf\u00fchren. Der Positionierungsstift sollte sich auf der rechten Seite des Werkst\u00fccks befinden.","og_url":"https:\/\/tecus.com.tr\/de\/produkt\/vorrichtungsklammern\/","og_site_name":"Tecus Teknoloji","article_modified_time":"2025-10-26T18:22:25+00:00","og_image":[{"width":500,"height":500,"url":"https:\/\/tecus.com.tr\/wp-content\/uploads\/2018\/04\/fixture_clamp2_thumb-copy-2.png","type":"image\/png"}],"twitter_card":"summary_large_image","schema":{"@context":"https:\/\/schema.org","@graph":[{"@type":"WebPage","@id":"https:\/\/tecus.com.tr\/de\/produkt\/vorrichtungsklammern\/","url":"https:\/\/tecus.com.tr\/de\/produkt\/vorrichtungsklammern\/","name":"Vorrichtungsklammern - Tecus Teknoloji","isPartOf":{"@id":"https:\/\/tecus.com.tr\/de\/#website"},"datePublished":"2018-04-15T11:16:13+00:00","dateModified":"2025-10-26T18:22:25+00:00","breadcrumb":{"@id":"https:\/\/tecus.com.tr\/de\/produkt\/vorrichtungsklammern\/#breadcrumb"},"inLanguage":"de","potentialAction":[{"@type":"ReadAction","target":["https:\/\/tecus.com.tr\/de\/produkt\/vorrichtungsklammern\/"]}]},{"@type":"BreadcrumbList","@id":"https:\/\/tecus.com.tr\/de\/produkt\/vorrichtungsklammern\/#breadcrumb","itemListElement":[{"@type":"ListItem","position":1,"name":"Ana sayfa","item":"https:\/\/tecus.com.tr\/de\/"},{"@type":"ListItem","position":2,"name":"Ma\u011faza","item":"https:\/\/tecus.com.tr\/magaza\/"},{"@type":"ListItem","position":3,"name":"Vorrichtungsklammern"}]},{"@type":"WebSite","@id":"https:\/\/tecus.com.tr\/de\/#website","url":"https:\/\/tecus.com.tr\/de\/","name":"Tecus Teknoloji","description":"CNC par\u00e7a ba\u011flama \u00e7\u00f6z\u00fcmleri","publisher":{"@id":"https:\/\/tecus.com.tr\/de\/#organization"},"potentialAction":[{"@type":"SearchAction","target":{"@type":"EntryPoint","urlTemplate":"https:\/\/tecus.com.tr\/de\/?s={search_term_string}"},"query-input":"required name=search_term_string"}],"inLanguage":"de"},{"@type":"Organization","@id":"https:\/\/tecus.com.tr\/de\/#organization","name":"Tecus Teknoloji","url":"https:\/\/tecus.com.tr\/de\/","logo":{"@type":"ImageObject","inLanguage":"de","@id":"https:\/\/tecus.com.tr\/de\/#\/schema\/logo\/image\/","url":"https:\/\/tecus.com.tr\/wp-content\/uploads\/2018\/04\/tecus-logo-beyaz-2-e1528750997765.png","contentUrl":"https:\/\/tecus.com.tr\/wp-content\/uploads\/2018\/04\/tecus-logo-beyaz-2-e1528750997765.png","width":250,"height":53,"caption":"Tecus Teknoloji"},"image":{"@id":"https:\/\/tecus.com.tr\/de\/#\/schema\/logo\/image\/"}}]}},"_links":{"self":[{"href":"https:\/\/tecus.com.tr\/de\/wp-json\/wp\/v2\/product\/33365","targetHints":{"allow":["GET"]}}],"collection":[{"href":"https:\/\/tecus.com.tr\/de\/wp-json\/wp\/v2\/product"}],"about":[{"href":"https:\/\/tecus.com.tr\/de\/wp-json\/wp\/v2\/types\/product"}],"version-history":[{"count":3,"href":"https:\/\/tecus.com.tr\/de\/wp-json\/wp\/v2\/product\/33365\/revisions"}],"predecessor-version":[{"id":46251,"href":"https:\/\/tecus.com.tr\/de\/wp-json\/wp\/v2\/product\/33365\/revisions\/46251"}],"wp:featuredmedia":[{"embeddable":true,"href":"https:\/\/tecus.com.tr\/de\/wp-json\/wp\/v2\/media\/29333"}],"wp:attachment":[{"href":"https:\/\/tecus.com.tr\/de\/wp-json\/wp\/v2\/media?parent=33365"}],"wp:term":[{"taxonomy":"product_brand","embeddable":true,"href":"https:\/\/tecus.com.tr\/de\/wp-json\/wp\/v2\/product_brand?post=33365"},{"taxonomy":"product_cat","embeddable":true,"href":"https:\/\/tecus.com.tr\/de\/wp-json\/wp\/v2\/product_cat?post=33365"},{"taxonomy":"product_tag","embeddable":true,"href":"https:\/\/tecus.com.tr\/de\/wp-json\/wp\/v2\/product_tag?post=33365"}],"curies":[{"name":"wp","href":"https:\/\/api.w.org\/{rel}","templated":true}]}}