{"id":33357,"date":"2018-04-15T08:30:37","date_gmt":"2018-04-15T08:30:37","guid":{"rendered":"https:\/\/tecus.com.tr\/urun\/loc-down-system\/"},"modified":"2025-10-27T19:52:10","modified_gmt":"2025-10-27T19:52:10","slug":"loc-down-system","status":"publish","type":"product","link":"https:\/\/tecus.com.tr\/de\/produkt\/loc-down-system\/","title":{"rendered":"Loc-Down\u00ae"},"content":{"rendered":"\t\t<div data-elementor-type=\"wp-post\" data-elementor-id=\"33357\" class=\"elementor elementor-33357 elementor-8648\" data-elementor-post-type=\"product\">\n\t\t\t\t\t\t<section class=\"elementor-section elementor-top-section elementor-element elementor-element-3624d1 elementor-section-boxed elementor-section-height-default elementor-section-height-default\" data-id=\"3624d1\" data-element_type=\"section\">\n\t\t\t\t\t\t<div class=\"elementor-container elementor-column-gap-default\">\n\t\t\t\t\t<div class=\"elementor-column elementor-col-100 elementor-top-column elementor-element elementor-element-4396956c\" data-id=\"4396956c\" data-element_type=\"column\">\n\t\t\t<div class=\"elementor-widget-wrap elementor-element-populated\">\n\t\t\t\t\t\t<div class=\"elementor-element elementor-element-4c558a8 elementor-widget elementor-widget-text-editor\" data-id=\"4c558a8\" data-element_type=\"widget\" data-widget_type=\"text-editor.default\">\n\t\t\t\t<div class=\"elementor-widget-container\">\n\t\t\t\t\t\t\t\t\t<div class=\"prodinfocont\"><div class=\"proddescript\"><h2 class=\"white\">Loc-Down\u00ae-System<\/h2><p>Das Mitee-Bite Loc-Down\u00ae-System wurde als Traum f\u00fcr Programmierer und Bediener entwickelt, um kleine bis gro\u00dfe Luft- und Raumfahrtteile schnell und einfach zu sichern. Sein kompaktes Design erm\u00f6glicht im Vergleich zu anderen Optionen auf dem Markt eine engere Anordnung auf Rasterplatten, wodurch Materialkosten bei teuren Luft- und Raumfahrtlegierungen gespart werden. <\/p><p>Das Loc-Down\u00ae erzeugt eine hohe Haltekraft und erm\u00f6glicht durch seine flache, \u201enicht im Weg befindliche\u201c Klemmung eine sehr kreative Programmierung. Es erm\u00f6glicht eine aggressive Bearbeitung ohne Werkzeuginterferenz oder Krafteinwirkung auf das Teil, um die Produktion f\u00fcr die Luft- und Raumfahrtindustrie zu rationalisieren. <\/p><ul><li>Ideal f\u00fcr Rasterplatten, Aufspannt\u00fcrme und kundenspezifische Anwendungen<\/li><li>100 % w\u00e4rmebehandelter Edelstahl<\/li><\/ul><\/div><\/div><table class=\"smalltable tablepad\"><tbody><tr class=\"tbbordbot\"><th> <\/th><th align=\"left\">Beschreibung<\/th><th>Artikelnummer<\/th><th> <\/th><th>Gewinde-<br>Gr\u00f6\u00dfe<\/th><th align=\"center\">Buchsen-<br>Artikelnummer<\/th><th align=\"center\">Fr\u00e4ser-<br>Artikelnummer<\/th><th align=\"center\">Loc-Down\u00ae<br>Schnellwechsel-Kit*<br>Artikelnummer<\/th><\/tr><tr><td>ZOLL<\/td><td>Loc-Down\u00ae-Klemme<\/td><td align=\"center\">11538<\/td><td><a href=\"https:\/\/miteebite.com\/MB%20CAD%20FILES\/Loc-Down%20Clamp\/11538.STEP\" target=\"_blank\" rel=\"noopener\">CAD<\/a><\/td><td align=\"center\">3\/8-16<\/td><td align=\"center\">11524<\/td><td align=\"center\">11531<\/td><td> <\/td><\/tr><tr><td> <\/td><td>Loc-Down\u00ae-Klemme<\/td><td align=\"center\">11500<\/td><td><a href=\"https:\/\/miteebite.com\/MB%20CAD%20FILES\/Loc-Down%20Clamp\/11500.STEP\" target=\"_blank\" rel=\"noopener\">CAD<\/a><\/td><td align=\"center\">1\/2-13<\/td><td align=\"center\">11520<\/td><td align=\"center\">11530<\/td><td align=\"center\">11550<\/td><\/tr><tr><td> <\/td><td>Loc-Down\u00ae-Klemme<\/td><td align=\"center\">11558<\/td><td><a href=\"https:\/\/miteebite.com\/MB%20CAD%20FILES\/Loc-Down%20Clamp\/11558.STEP\" target=\"_blank\" rel=\"noopener\">CAD<\/a><\/td><td align=\"center\">5\/8-11<\/td><td align=\"center\">11528<\/td><td align=\"center\">11530<\/td><td> <\/td><\/tr><tr><td>METRISCH<\/td><td>Loc-Down\u00ae-Klemme<\/td><td align=\"center\">11610<\/td><td><a href=\"https:\/\/miteebite.com\/MB%20CAD%20FILES\/Loc-Down%20Clamp\/11610.STEP\" target=\"_blank\" rel=\"noopener\">CAD<\/a><\/td><td align=\"center\">M10-1.5<\/td><td align=\"center\">11524<\/td><td align=\"center\">11531<\/td><td> <\/td><\/tr><tr><td> <\/td><td>Loc-Down\u00ae-Klemme<\/td><td align=\"center\">11612<\/td><td><a href=\"https:\/\/miteebite.com\/MB%20CAD%20FILES\/Loc-Down%20Clamp\/11612.STEP\" target=\"_blank\" rel=\"noopener\">CAD<\/a><\/td><td align=\"center\">M12-1.75<\/td><td align=\"center\">11520<\/td><td align=\"center\">11530<\/td><td align=\"center\">11650<\/td><\/tr><tr><td> <\/td><td>Loc-Down\u00ae-Klemme<\/td><td align=\"center\">11616<\/td><td><a href=\"https:\/\/miteebite.com\/MB%20CAD%20FILES\/Loc-Down%20Clamp\/11616.STEP\" target=\"_blank\" rel=\"noopener\">CAD<\/a><\/td><td align=\"center\">M16-2.0<\/td><td align=\"center\">11528<\/td><td align=\"center\">11530<\/td><td> <\/td><\/tr><\/tbody><\/table><table class=\"smalltable tablepad\"><tbody><tr class=\"tbbordbot\"><th align=\"left\">Beschreibung<\/th><th>Artikelnummer<\/th><th> <\/th> <\/tr><tr><td>Loc-Down\u00ae Hartmetallfr\u00e4ser 1\/2\u2033<\/td><td align=\"center\">11530<\/td><td><a href=\"https:\/\/miteebite.com\/MB%20CAD%20FILES\/Loc-Down%20Clamp\/11530.STEP\" target=\"_blank\" rel=\"noopener\">CAD<\/a><\/td><\/tr><tr><td>Loc-Down\u00ae Hartmetallfr\u00e4ser 3\/8\u2033<\/td><td align=\"center\">11531<\/td><td><a href=\"https:\/\/miteebite.com\/MB%20CAD%20FILES\/Loc-Down%20Clamp\/11531.STEP\" target=\"_blank\" rel=\"noopener\">CAD<\/a><\/td><\/tr><tr><td>Loc-Down\u00ae Einsetzwerkzeug<\/td><td align=\"center\">11535<\/td><td><a href=\"https:\/\/miteebite.com\/MB%20CAD%20FILES\/Loc-Down%20Clamp\/11535.STEP\" target=\"_blank\" rel=\"noopener\">CAD<\/a><\/td><\/tr><tr><td>Loc-Down\u00ae Buchse mit dicker Wand \u2013 3\/8 (M10)<\/td><td align=\"center\">11524<\/td><td><a href=\"https:\/\/miteebite.com\/MB%20CAD%20FILES\/Loc-Down%20Clamp\/11524.STEP\" target=\"_blank\" rel=\"noopener\">CAD<\/a><\/td><\/tr><tr><td>Loc-Down\u00ae Buchse mit dicker Wand \u2013 1\/2-13 (M12)<\/td><td align=\"center\">11520<\/td><td><a href=\"https:\/\/miteebite.com\/MB%20CAD%20FILES\/Loc-Down%20Clamp\/11520.STEP\" target=\"_blank\" rel=\"noopener\">CAD<\/a><\/td><\/tr><tr><td>Loc-Down\u00ae Buchse mit dicker Wand \u2013 5\/8-11 (M16)<\/td><td align=\"center\">11528<\/td><td><a href=\"https:\/\/miteebite.com\/MB%20CAD%20FILES\/Loc-Down%20Clamp\/11528.STEP\" target=\"_blank\" rel=\"noopener\">CAD<\/a><\/td><\/tr><\/tbody><\/table><p><b>Verwenden Sie niemals einen Schlagschrauber zum Festziehen <i>oder L\u00f6sen.<\/i><\/b><br>Handfestes Anziehen ist f\u00fcr die meisten Anwendungen ausreichend \u2013 <b><span style=\"color: #f7d417;\">Maximales Drehmoment 20 Nm <\/span><\/b><br>*Kit enth\u00e4lt 4 Loc-Downs, 4 kundenspezifische Buchsen, Einsetzwerkzeug,<br>4 Auskleidungen, 1 Diamant- und Kegelstift mit Befestigungsschrauben.<\/p><div><div class=\"wp-caption alignnone\"><img decoding=\"async\" class=\"alignnone size-medium wp-image-2463\" src=\"https:\/\/www.miteebite.com\/wp-content\/uploads\/2017\/12\/LOCDOWNCUSTBUSHING.png\" alt=\"OLYMPUS DIGITAL KAMERA\" width=\"163\" height=\"144\"><p class=\"wp-caption-text\">11520 NEUE Loc-Down-Buchse<br>mit dicker Wand<\/p><\/div><\/div><p><a href=\"https:\/\/www.miteebite.com\/wp-content\/uploads\/2018\/03\/LOC-DOWN-SYSTEM-e1625689117942.jpg\" rel=\"lightbox[4551]\"><img fetchpriority=\"high\" decoding=\"async\" class=\"alignnone size-medium wp-image-1786\" src=\"https:\/\/www.miteebite.com\/wp-content\/uploads\/2018\/03\/LOC-DOWN-SYSTEM-e1625689117942.jpg\" alt=\"Loc-Down-Kit mit Sp\u00e4nekappen\" width=\"300\" height=\"193\"><\/a><br>Wir haben unsere Loc-Down\u00ae, kundenspezifischen Buchsen<br>und Positionierstifte und -auskleidungen in einem praktischen Kit kombiniert (das<br>ein kosteng\u00fcnstiges, hochpr\u00e4zises Schnellwechsel-Palettensystem<br>mit einer Wiederholgenauigkeit von .0004\u2033\/0.01mm oder besser bietet!<\/p>\t\t\t\t\t\t\t\t<\/div>\n\t\t\t\t<\/div>\n\t\t\t\t\t<\/div>\n\t\t<\/div>\n\t\t\t\t\t<\/div>\n\t\t<\/section>\n\t\t\t\t<\/div>\n\t\t","protected":false},"excerpt":{"rendered":"<p>Das Mitee-Bite Loc-Down\u00ae-System wurde als Traum eines Programmierers und Bedieners konzipiert, um kleine und gro\u00dfe Luftfahrtteile schnell und einfach zu fixieren. Sein kompaktes Design erm\u00f6glicht ein engeres Muster auf Rasterplatten im Vergleich zu anderen Optionen auf dem Markt, wodurch Materialkosten bei teuren Luftfahrtlegierungen gespart werden. <\/p>\n<p>Loc-Down\u00ae erzeugt eine hohe Haltekraft und erm\u00f6glicht eine flache \u201eAus-dem-Weg\u201c-Spannung, die es Programmierern erm\u00f6glicht, sehr kreativ zu sein. Es zielt darauf ab, die Produktion f\u00fcr die L\u00fcftungsindustrie zu beschleunigen und erm\u00f6glicht eine aggressive Bearbeitung, indem es Kr\u00e4fte aus\u00fcbt, die das Teil beeinflussen oder beeintr\u00e4chtigen. <\/p>\n<ul>\n<li>Ideal f\u00fcr Rasterplatten, T\u00fcrme und kundenspezifische Anwendungen<\/li>\n<li>100 % w\u00e4rmebehandelter Edelstahl<\/li>\n<\/ul>\n","protected":false},"featured_media":32107,"template":"","meta":{"_acf_changed":false},"product_brand":[],"product_cat":[391],"product_tag":[],"class_list":{"0":"post-33357","1":"product","2":"type-product","3":"status-publish","4":"has-post-thumbnail","6":"product_cat-quick-change","8":"first","9":"instock","10":"taxable","11":"shipping-taxable","12":"product-type-simple"},"acf":[],"yoast_head":"<!-- This site is optimized with the Yoast SEO plugin v20.2.1 - https:\/\/yoast.com\/wordpress\/plugins\/seo\/ -->\n<title>Loc-Down\u00ae - Tecus Teknoloji<\/title>\n<meta name=\"robots\" content=\"index, follow, max-snippet:-1, max-image-preview:large, max-video-preview:-1\" \/>\n<link rel=\"canonical\" href=\"https:\/\/tecus.com.tr\/de\/produkt\/loc-down-system\/\" \/>\n<meta property=\"og:locale\" content=\"de_DE\" \/>\n<meta property=\"og:type\" content=\"article\" \/>\n<meta property=\"og:title\" content=\"Loc-Down\u00ae - Tecus Teknoloji\" \/>\n<meta property=\"og:description\" content=\"Das Mitee-Bite Loc-Down\u00ae-System wurde als Traum eines Programmierers und Bedieners konzipiert, um kleine und gro\u00dfe Luftfahrtteile schnell und einfach zu fixieren. Sein kompaktes Design erm\u00f6glicht ein engeres Muster auf Rasterplatten im Vergleich zu anderen Optionen auf dem Markt, wodurch Materialkosten bei teuren Luftfahrtlegierungen gespart werden.  Loc-Down\u00ae erzeugt eine hohe Haltekraft und erm\u00f6glicht eine flache \u201eAus-dem-Weg\u201c-Spannung, die es Programmierern erm\u00f6glicht, sehr kreativ zu sein. Es zielt darauf ab, die Produktion f\u00fcr die L\u00fcftungsindustrie zu beschleunigen und erm\u00f6glicht eine aggressive Bearbeitung, indem es Kr\u00e4fte aus\u00fcbt, die das Teil beeinflussen oder beeintr\u00e4chtigen.   Ideal f\u00fcr Rasterplatten, T\u00fcrme und kundenspezifische Anwendungen  100 % w\u00e4rmebehandelter Edelstahl\" \/>\n<meta property=\"og:url\" content=\"https:\/\/tecus.com.tr\/de\/produkt\/loc-down-system\/\" \/>\n<meta property=\"og:site_name\" content=\"Tecus Teknoloji\" \/>\n<meta property=\"article:modified_time\" content=\"2025-10-27T19:52:10+00:00\" \/>\n<meta property=\"og:image\" content=\"https:\/\/tecus.com.tr\/wp-content\/uploads\/2018\/04\/loc_down.png\" \/>\n\t<meta property=\"og:image:width\" content=\"1000\" \/>\n\t<meta property=\"og:image:height\" content=\"1000\" \/>\n\t<meta property=\"og:image:type\" content=\"image\/png\" \/>\n<meta name=\"twitter:card\" content=\"summary_large_image\" \/>\n<meta name=\"twitter:label1\" content=\"Gesch\u00e4tzte Lesezeit\" \/>\n\t<meta name=\"twitter:data1\" content=\"1\u00a0Minute\" \/>\n<script type=\"application\/ld+json\" class=\"yoast-schema-graph\">{\"@context\":\"https:\/\/schema.org\",\"@graph\":[{\"@type\":\"WebPage\",\"@id\":\"https:\/\/tecus.com.tr\/de\/produkt\/loc-down-system\/\",\"url\":\"https:\/\/tecus.com.tr\/de\/produkt\/loc-down-system\/\",\"name\":\"Loc-Down\u00ae - Tecus Teknoloji\",\"isPartOf\":{\"@id\":\"https:\/\/tecus.com.tr\/de\/#website\"},\"datePublished\":\"2018-04-15T08:30:37+00:00\",\"dateModified\":\"2025-10-27T19:52:10+00:00\",\"breadcrumb\":{\"@id\":\"https:\/\/tecus.com.tr\/de\/produkt\/loc-down-system\/#breadcrumb\"},\"inLanguage\":\"de\",\"potentialAction\":[{\"@type\":\"ReadAction\",\"target\":[\"https:\/\/tecus.com.tr\/de\/produkt\/loc-down-system\/\"]}]},{\"@type\":\"BreadcrumbList\",\"@id\":\"https:\/\/tecus.com.tr\/de\/produkt\/loc-down-system\/#breadcrumb\",\"itemListElement\":[{\"@type\":\"ListItem\",\"position\":1,\"name\":\"Ana sayfa\",\"item\":\"https:\/\/tecus.com.tr\/de\/\"},{\"@type\":\"ListItem\",\"position\":2,\"name\":\"Ma\u011faza\",\"item\":\"https:\/\/tecus.com.tr\/magaza\/\"},{\"@type\":\"ListItem\",\"position\":3,\"name\":\"Loc-Down\u00ae\"}]},{\"@type\":\"WebSite\",\"@id\":\"https:\/\/tecus.com.tr\/de\/#website\",\"url\":\"https:\/\/tecus.com.tr\/de\/\",\"name\":\"Tecus Teknoloji\",\"description\":\"CNC par\u00e7a ba\u011flama \u00e7\u00f6z\u00fcmleri\",\"publisher\":{\"@id\":\"https:\/\/tecus.com.tr\/de\/#organization\"},\"potentialAction\":[{\"@type\":\"SearchAction\",\"target\":{\"@type\":\"EntryPoint\",\"urlTemplate\":\"https:\/\/tecus.com.tr\/de\/?s={search_term_string}\"},\"query-input\":\"required name=search_term_string\"}],\"inLanguage\":\"de\"},{\"@type\":\"Organization\",\"@id\":\"https:\/\/tecus.com.tr\/de\/#organization\",\"name\":\"Tecus Teknoloji\",\"url\":\"https:\/\/tecus.com.tr\/de\/\",\"logo\":{\"@type\":\"ImageObject\",\"inLanguage\":\"de\",\"@id\":\"https:\/\/tecus.com.tr\/de\/#\/schema\/logo\/image\/\",\"url\":\"https:\/\/tecus.com.tr\/wp-content\/uploads\/2018\/04\/tecus-logo-beyaz-2-e1528750997765.png\",\"contentUrl\":\"https:\/\/tecus.com.tr\/wp-content\/uploads\/2018\/04\/tecus-logo-beyaz-2-e1528750997765.png\",\"width\":250,\"height\":53,\"caption\":\"Tecus Teknoloji\"},\"image\":{\"@id\":\"https:\/\/tecus.com.tr\/de\/#\/schema\/logo\/image\/\"}}]}<\/script>\n<!-- \/ Yoast SEO plugin. -->","yoast_head_json":{"title":"Loc-Down\u00ae - Tecus Teknoloji","robots":{"index":"index","follow":"follow","max-snippet":"max-snippet:-1","max-image-preview":"max-image-preview:large","max-video-preview":"max-video-preview:-1"},"canonical":"https:\/\/tecus.com.tr\/de\/produkt\/loc-down-system\/","og_locale":"de_DE","og_type":"article","og_title":"Loc-Down\u00ae - Tecus Teknoloji","og_description":"Das Mitee-Bite Loc-Down\u00ae-System wurde als Traum eines Programmierers und Bedieners konzipiert, um kleine und gro\u00dfe Luftfahrtteile schnell und einfach zu fixieren. Sein kompaktes Design erm\u00f6glicht ein engeres Muster auf Rasterplatten im Vergleich zu anderen Optionen auf dem Markt, wodurch Materialkosten bei teuren Luftfahrtlegierungen gespart werden.  Loc-Down\u00ae erzeugt eine hohe Haltekraft und erm\u00f6glicht eine flache \u201eAus-dem-Weg\u201c-Spannung, die es Programmierern erm\u00f6glicht, sehr kreativ zu sein. Es zielt darauf ab, die Produktion f\u00fcr die L\u00fcftungsindustrie zu beschleunigen und erm\u00f6glicht eine aggressive Bearbeitung, indem es Kr\u00e4fte aus\u00fcbt, die das Teil beeinflussen oder beeintr\u00e4chtigen.   Ideal f\u00fcr Rasterplatten, T\u00fcrme und kundenspezifische Anwendungen  100 % w\u00e4rmebehandelter Edelstahl","og_url":"https:\/\/tecus.com.tr\/de\/produkt\/loc-down-system\/","og_site_name":"Tecus Teknoloji","article_modified_time":"2025-10-27T19:52:10+00:00","og_image":[{"width":1000,"height":1000,"url":"https:\/\/tecus.com.tr\/wp-content\/uploads\/2018\/04\/loc_down.png","type":"image\/png"}],"twitter_card":"summary_large_image","twitter_misc":{"Gesch\u00e4tzte Lesezeit":"1\u00a0Minute"},"schema":{"@context":"https:\/\/schema.org","@graph":[{"@type":"WebPage","@id":"https:\/\/tecus.com.tr\/de\/produkt\/loc-down-system\/","url":"https:\/\/tecus.com.tr\/de\/produkt\/loc-down-system\/","name":"Loc-Down\u00ae - Tecus Teknoloji","isPartOf":{"@id":"https:\/\/tecus.com.tr\/de\/#website"},"datePublished":"2018-04-15T08:30:37+00:00","dateModified":"2025-10-27T19:52:10+00:00","breadcrumb":{"@id":"https:\/\/tecus.com.tr\/de\/produkt\/loc-down-system\/#breadcrumb"},"inLanguage":"de","potentialAction":[{"@type":"ReadAction","target":["https:\/\/tecus.com.tr\/de\/produkt\/loc-down-system\/"]}]},{"@type":"BreadcrumbList","@id":"https:\/\/tecus.com.tr\/de\/produkt\/loc-down-system\/#breadcrumb","itemListElement":[{"@type":"ListItem","position":1,"name":"Ana sayfa","item":"https:\/\/tecus.com.tr\/de\/"},{"@type":"ListItem","position":2,"name":"Ma\u011faza","item":"https:\/\/tecus.com.tr\/magaza\/"},{"@type":"ListItem","position":3,"name":"Loc-Down\u00ae"}]},{"@type":"WebSite","@id":"https:\/\/tecus.com.tr\/de\/#website","url":"https:\/\/tecus.com.tr\/de\/","name":"Tecus Teknoloji","description":"CNC par\u00e7a ba\u011flama \u00e7\u00f6z\u00fcmleri","publisher":{"@id":"https:\/\/tecus.com.tr\/de\/#organization"},"potentialAction":[{"@type":"SearchAction","target":{"@type":"EntryPoint","urlTemplate":"https:\/\/tecus.com.tr\/de\/?s={search_term_string}"},"query-input":"required name=search_term_string"}],"inLanguage":"de"},{"@type":"Organization","@id":"https:\/\/tecus.com.tr\/de\/#organization","name":"Tecus Teknoloji","url":"https:\/\/tecus.com.tr\/de\/","logo":{"@type":"ImageObject","inLanguage":"de","@id":"https:\/\/tecus.com.tr\/de\/#\/schema\/logo\/image\/","url":"https:\/\/tecus.com.tr\/wp-content\/uploads\/2018\/04\/tecus-logo-beyaz-2-e1528750997765.png","contentUrl":"https:\/\/tecus.com.tr\/wp-content\/uploads\/2018\/04\/tecus-logo-beyaz-2-e1528750997765.png","width":250,"height":53,"caption":"Tecus Teknoloji"},"image":{"@id":"https:\/\/tecus.com.tr\/de\/#\/schema\/logo\/image\/"}}]}},"_links":{"self":[{"href":"https:\/\/tecus.com.tr\/de\/wp-json\/wp\/v2\/product\/33357","targetHints":{"allow":["GET"]}}],"collection":[{"href":"https:\/\/tecus.com.tr\/de\/wp-json\/wp\/v2\/product"}],"about":[{"href":"https:\/\/tecus.com.tr\/de\/wp-json\/wp\/v2\/types\/product"}],"version-history":[{"count":9,"href":"https:\/\/tecus.com.tr\/de\/wp-json\/wp\/v2\/product\/33357\/revisions"}],"predecessor-version":[{"id":47312,"href":"https:\/\/tecus.com.tr\/de\/wp-json\/wp\/v2\/product\/33357\/revisions\/47312"}],"wp:featuredmedia":[{"embeddable":true,"href":"https:\/\/tecus.com.tr\/de\/wp-json\/wp\/v2\/media\/32107"}],"wp:attachment":[{"href":"https:\/\/tecus.com.tr\/de\/wp-json\/wp\/v2\/media?parent=33357"}],"wp:term":[{"taxonomy":"product_brand","embeddable":true,"href":"https:\/\/tecus.com.tr\/de\/wp-json\/wp\/v2\/product_brand?post=33357"},{"taxonomy":"product_cat","embeddable":true,"href":"https:\/\/tecus.com.tr\/de\/wp-json\/wp\/v2\/product_cat?post=33357"},{"taxonomy":"product_tag","embeddable":true,"href":"https:\/\/tecus.com.tr\/de\/wp-json\/wp\/v2\/product_tag?post=33357"}],"curies":[{"name":"wp","href":"https:\/\/api.w.org\/{rel}","templated":true}]}}