{"id":33350,"date":"2018-04-15T08:38:14","date_gmt":"2018-04-15T08:38:14","guid":{"rendered":"https:\/\/tecus.com.tr\/urun\/loc-jaw-system\/"},"modified":"2025-10-26T18:20:46","modified_gmt":"2025-10-26T18:20:46","slug":"loc-jaw-system","status":"publish","type":"product","link":"https:\/\/tecus.com.tr\/de\/produkt\/loc-jaw-system\/","title":{"rendered":"Loc-Jaw\u00ae"},"content":{"rendered":"<ul>\n<li>Loc-Jaw\u00ae sistemi, Miteebite \u00fcr\u00fcnleri aras\u0131nda , 4. ve 5. eksenli par\u00e7alar\u0131n i\u015flenmesinde daha iyi tak\u0131m eri\u015fimi i\u00e7in tasarlanm\u0131\u015ft\u0131r. Hammadde bir \u00f6n operasyon olmadan mengene \u00e7enelerinde g\u00fc\u00e7l\u00fc bir \u015fekilde tutulur. Keskin kenarl\u0131 \u00e7eneler kaba malzemeyi tutmak ve kaba kenarl\u0131 tutucularda i\u015flenmi\u015f y\u00fczeyleri deforme etmeden s\u0131kmak amac\u0131 ile kullan\u0131l\u0131r. Her iki \u00e7enede \u00fcr\u00fcnler birlikte gelir.\n<ul>\n<li>Benzersiz tasar\u0131m i\u015f par\u00e7as\u0131n\u0131na \u00e7ok yak\u0131n eri\u015fim sa\u011flar<\/li>\n<li>\u0130ste\u011fe ba\u011fl\u0131 uzatma kitiyle 12 mm den 1 metreye kadar par\u00e7alar\u0131 tutabilir.<\/li>\n<li>3.1 mm tutma pay\u0131 ile malzemeyi s\u0131kabilir.<\/li>\n<li>Keskin kenerl\u0131 \u00e7eneler, 1.5 derinli\u011fe kadar malzemeye n\u00fcfuz etmek i\u00e7in tasarlanm\u0131\u015ft\u0131r. D\u00fcz \u00e7eneler i\u015flenmi\u015f malzemeyi deforme etmeden s\u0131kar.T\u00fcm kavray\u0131c\u0131lar \u0131s\u0131l i\u015flem g\u00f6rm\u00fc\u015ft\u00fcr.<\/li>\n<\/ul>\n<\/li>\n<\/ul>\n<table>\n<tbody>\n<tr>\n<th>Par\u00e7a No:<\/th>\n<th>A\u00e7\u0131klama<\/th>\n<\/tr>\n<tr>\n<td>14500<\/td>\n<td>Loc-Jaw\u00ae Sistemi<\/td>\n<td align=\"RIGHT\"><\/td>\n<\/tr>\n<tr>\n<td>14525<\/td>\n<td>Loc-Jaw\u00ae Uzatma Seti<br \/>\nRayl\u0131 taban plakas\u0131, 1 metre uzunlu\u011funda di\u015fli \u00e7ubuk ve ara\u00a0par\u00e7al\u0131\u00a0kilitleme somunu i\u00e7erir<\/td>\n<\/tr>\n<\/tbody>\n<\/table>\n<h3><\/h3>\n","protected":false},"excerpt":{"rendered":"<p>Das <strong>Loc-Jaw\u00ae-System<\/strong> wurde entwickelt, um die Spannung von Teilen bei der Bearbeitung von 4- und 5-Achsen-Teilen zu vereinfachen, den Zugang zu gr\u00f6\u00dferen Werkzeugen zu erm\u00f6glichen und eine vielseitige Verwendung zu bieten.<br \/>\nEs kann Rohmaterial nach dem Tr\u00e4gerprinzip ohne ersten Arbeitsgang greifen; es kann das Material mit Messerkantenhaltern verbinden, ohne es zu durchbohren, oder bearbeitete Oberfl\u00e4chen mit groben Kantenhaltern sicher halten.<\/p>\n","protected":false},"featured_media":36095,"template":"","meta":{"_acf_changed":false},"product_brand":[],"product_cat":[466],"product_tag":[],"class_list":{"0":"post-33350","1":"product","2":"type-product","3":"status-publish","4":"has-post-thumbnail","6":"product_cat-3-4-5-achsen-schraubstocke","8":"first","9":"instock","10":"taxable","11":"shipping-taxable","12":"product-type-simple"},"acf":[],"yoast_head":"<!-- This site is optimized with the Yoast SEO plugin v20.2.1 - https:\/\/yoast.com\/wordpress\/plugins\/seo\/ -->\n<title>Loc-Jaw\u00ae - Tecus Teknoloji<\/title>\n<meta name=\"robots\" content=\"index, follow, max-snippet:-1, max-image-preview:large, max-video-preview:-1\" \/>\n<link rel=\"canonical\" href=\"https:\/\/tecus.com.tr\/de\/produkt\/loc-jaw-system\/\" \/>\n<meta property=\"og:locale\" content=\"de_DE\" \/>\n<meta property=\"og:type\" content=\"article\" \/>\n<meta property=\"og:title\" content=\"Loc-Jaw\u00ae - Tecus Teknoloji\" \/>\n<meta property=\"og:description\" content=\"Das Loc-Jaw\u00ae-System wurde entwickelt, um die Spannung von Teilen bei der Bearbeitung von 4- und 5-Achsen-Teilen zu vereinfachen, den Zugang zu gr\u00f6\u00dferen Werkzeugen zu erm\u00f6glichen und eine vielseitige Verwendung zu bieten. Es kann Rohmaterial nach dem Tr\u00e4gerprinzip ohne ersten Arbeitsgang greifen; es kann das Material mit Messerkantenhaltern verbinden, ohne es zu durchbohren, oder bearbeitete Oberfl\u00e4chen mit groben Kantenhaltern sicher halten.\" \/>\n<meta property=\"og:url\" content=\"https:\/\/tecus.com.tr\/de\/produkt\/loc-jaw-system\/\" \/>\n<meta property=\"og:site_name\" content=\"Tecus Teknoloji\" \/>\n<meta property=\"article:modified_time\" content=\"2025-10-26T18:20:46+00:00\" \/>\n<meta property=\"og:image\" content=\"https:\/\/tecus.com.tr\/wp-content\/uploads\/2018\/04\/loc-ja2.png\" \/>\n\t<meta property=\"og:image:width\" content=\"1024\" \/>\n\t<meta property=\"og:image:height\" content=\"1024\" \/>\n\t<meta property=\"og:image:type\" content=\"image\/png\" \/>\n<meta name=\"twitter:card\" content=\"summary_large_image\" \/>\n<meta name=\"twitter:label1\" content=\"Gesch\u00e4tzte Lesezeit\" \/>\n\t<meta name=\"twitter:data1\" content=\"1\u00a0Minute\" \/>\n<script type=\"application\/ld+json\" class=\"yoast-schema-graph\">{\"@context\":\"https:\/\/schema.org\",\"@graph\":[{\"@type\":\"WebPage\",\"@id\":\"https:\/\/tecus.com.tr\/de\/produkt\/loc-jaw-system\/\",\"url\":\"https:\/\/tecus.com.tr\/de\/produkt\/loc-jaw-system\/\",\"name\":\"Loc-Jaw\u00ae - Tecus Teknoloji\",\"isPartOf\":{\"@id\":\"https:\/\/tecus.com.tr\/de\/#website\"},\"datePublished\":\"2018-04-15T08:38:14+00:00\",\"dateModified\":\"2025-10-26T18:20:46+00:00\",\"breadcrumb\":{\"@id\":\"https:\/\/tecus.com.tr\/de\/produkt\/loc-jaw-system\/#breadcrumb\"},\"inLanguage\":\"de\",\"potentialAction\":[{\"@type\":\"ReadAction\",\"target\":[\"https:\/\/tecus.com.tr\/de\/produkt\/loc-jaw-system\/\"]}]},{\"@type\":\"BreadcrumbList\",\"@id\":\"https:\/\/tecus.com.tr\/de\/produkt\/loc-jaw-system\/#breadcrumb\",\"itemListElement\":[{\"@type\":\"ListItem\",\"position\":1,\"name\":\"Ana sayfa\",\"item\":\"https:\/\/tecus.com.tr\/de\/\"},{\"@type\":\"ListItem\",\"position\":2,\"name\":\"Ma\u011faza\",\"item\":\"https:\/\/tecus.com.tr\/magaza\/\"},{\"@type\":\"ListItem\",\"position\":3,\"name\":\"Loc-Jaw\u00ae\"}]},{\"@type\":\"WebSite\",\"@id\":\"https:\/\/tecus.com.tr\/de\/#website\",\"url\":\"https:\/\/tecus.com.tr\/de\/\",\"name\":\"Tecus Teknoloji\",\"description\":\"CNC par\u00e7a ba\u011flama \u00e7\u00f6z\u00fcmleri\",\"publisher\":{\"@id\":\"https:\/\/tecus.com.tr\/de\/#organization\"},\"potentialAction\":[{\"@type\":\"SearchAction\",\"target\":{\"@type\":\"EntryPoint\",\"urlTemplate\":\"https:\/\/tecus.com.tr\/de\/?s={search_term_string}\"},\"query-input\":\"required name=search_term_string\"}],\"inLanguage\":\"de\"},{\"@type\":\"Organization\",\"@id\":\"https:\/\/tecus.com.tr\/de\/#organization\",\"name\":\"Tecus Teknoloji\",\"url\":\"https:\/\/tecus.com.tr\/de\/\",\"logo\":{\"@type\":\"ImageObject\",\"inLanguage\":\"de\",\"@id\":\"https:\/\/tecus.com.tr\/de\/#\/schema\/logo\/image\/\",\"url\":\"https:\/\/tecus.com.tr\/wp-content\/uploads\/2018\/04\/tecus-logo-beyaz-2-e1528750997765.png\",\"contentUrl\":\"https:\/\/tecus.com.tr\/wp-content\/uploads\/2018\/04\/tecus-logo-beyaz-2-e1528750997765.png\",\"width\":250,\"height\":53,\"caption\":\"Tecus Teknoloji\"},\"image\":{\"@id\":\"https:\/\/tecus.com.tr\/de\/#\/schema\/logo\/image\/\"}}]}<\/script>\n<!-- \/ Yoast SEO plugin. -->","yoast_head_json":{"title":"Loc-Jaw\u00ae - Tecus Teknoloji","robots":{"index":"index","follow":"follow","max-snippet":"max-snippet:-1","max-image-preview":"max-image-preview:large","max-video-preview":"max-video-preview:-1"},"canonical":"https:\/\/tecus.com.tr\/de\/produkt\/loc-jaw-system\/","og_locale":"de_DE","og_type":"article","og_title":"Loc-Jaw\u00ae - Tecus Teknoloji","og_description":"Das Loc-Jaw\u00ae-System wurde entwickelt, um die Spannung von Teilen bei der Bearbeitung von 4- und 5-Achsen-Teilen zu vereinfachen, den Zugang zu gr\u00f6\u00dferen Werkzeugen zu erm\u00f6glichen und eine vielseitige Verwendung zu bieten. Es kann Rohmaterial nach dem Tr\u00e4gerprinzip ohne ersten Arbeitsgang greifen; es kann das Material mit Messerkantenhaltern verbinden, ohne es zu durchbohren, oder bearbeitete Oberfl\u00e4chen mit groben Kantenhaltern sicher halten.","og_url":"https:\/\/tecus.com.tr\/de\/produkt\/loc-jaw-system\/","og_site_name":"Tecus Teknoloji","article_modified_time":"2025-10-26T18:20:46+00:00","og_image":[{"width":1024,"height":1024,"url":"https:\/\/tecus.com.tr\/wp-content\/uploads\/2018\/04\/loc-ja2.png","type":"image\/png"}],"twitter_card":"summary_large_image","twitter_misc":{"Gesch\u00e4tzte Lesezeit":"1\u00a0Minute"},"schema":{"@context":"https:\/\/schema.org","@graph":[{"@type":"WebPage","@id":"https:\/\/tecus.com.tr\/de\/produkt\/loc-jaw-system\/","url":"https:\/\/tecus.com.tr\/de\/produkt\/loc-jaw-system\/","name":"Loc-Jaw\u00ae - Tecus Teknoloji","isPartOf":{"@id":"https:\/\/tecus.com.tr\/de\/#website"},"datePublished":"2018-04-15T08:38:14+00:00","dateModified":"2025-10-26T18:20:46+00:00","breadcrumb":{"@id":"https:\/\/tecus.com.tr\/de\/produkt\/loc-jaw-system\/#breadcrumb"},"inLanguage":"de","potentialAction":[{"@type":"ReadAction","target":["https:\/\/tecus.com.tr\/de\/produkt\/loc-jaw-system\/"]}]},{"@type":"BreadcrumbList","@id":"https:\/\/tecus.com.tr\/de\/produkt\/loc-jaw-system\/#breadcrumb","itemListElement":[{"@type":"ListItem","position":1,"name":"Ana sayfa","item":"https:\/\/tecus.com.tr\/de\/"},{"@type":"ListItem","position":2,"name":"Ma\u011faza","item":"https:\/\/tecus.com.tr\/magaza\/"},{"@type":"ListItem","position":3,"name":"Loc-Jaw\u00ae"}]},{"@type":"WebSite","@id":"https:\/\/tecus.com.tr\/de\/#website","url":"https:\/\/tecus.com.tr\/de\/","name":"Tecus Teknoloji","description":"CNC par\u00e7a ba\u011flama \u00e7\u00f6z\u00fcmleri","publisher":{"@id":"https:\/\/tecus.com.tr\/de\/#organization"},"potentialAction":[{"@type":"SearchAction","target":{"@type":"EntryPoint","urlTemplate":"https:\/\/tecus.com.tr\/de\/?s={search_term_string}"},"query-input":"required name=search_term_string"}],"inLanguage":"de"},{"@type":"Organization","@id":"https:\/\/tecus.com.tr\/de\/#organization","name":"Tecus Teknoloji","url":"https:\/\/tecus.com.tr\/de\/","logo":{"@type":"ImageObject","inLanguage":"de","@id":"https:\/\/tecus.com.tr\/de\/#\/schema\/logo\/image\/","url":"https:\/\/tecus.com.tr\/wp-content\/uploads\/2018\/04\/tecus-logo-beyaz-2-e1528750997765.png","contentUrl":"https:\/\/tecus.com.tr\/wp-content\/uploads\/2018\/04\/tecus-logo-beyaz-2-e1528750997765.png","width":250,"height":53,"caption":"Tecus Teknoloji"},"image":{"@id":"https:\/\/tecus.com.tr\/de\/#\/schema\/logo\/image\/"}}]}},"_links":{"self":[{"href":"https:\/\/tecus.com.tr\/de\/wp-json\/wp\/v2\/product\/33350","targetHints":{"allow":["GET"]}}],"collection":[{"href":"https:\/\/tecus.com.tr\/de\/wp-json\/wp\/v2\/product"}],"about":[{"href":"https:\/\/tecus.com.tr\/de\/wp-json\/wp\/v2\/types\/product"}],"version-history":[{"count":3,"href":"https:\/\/tecus.com.tr\/de\/wp-json\/wp\/v2\/product\/33350\/revisions"}],"predecessor-version":[{"id":45897,"href":"https:\/\/tecus.com.tr\/de\/wp-json\/wp\/v2\/product\/33350\/revisions\/45897"}],"wp:featuredmedia":[{"embeddable":true,"href":"https:\/\/tecus.com.tr\/de\/wp-json\/wp\/v2\/media\/36095"}],"wp:attachment":[{"href":"https:\/\/tecus.com.tr\/de\/wp-json\/wp\/v2\/media?parent=33350"}],"wp:term":[{"taxonomy":"product_brand","embeddable":true,"href":"https:\/\/tecus.com.tr\/de\/wp-json\/wp\/v2\/product_brand?post=33350"},{"taxonomy":"product_cat","embeddable":true,"href":"https:\/\/tecus.com.tr\/de\/wp-json\/wp\/v2\/product_cat?post=33350"},{"taxonomy":"product_tag","embeddable":true,"href":"https:\/\/tecus.com.tr\/de\/wp-json\/wp\/v2\/product_tag?post=33350"}],"curies":[{"name":"wp","href":"https:\/\/api.w.org\/{rel}","templated":true}]}}