{"id":33345,"date":"2018-04-15T10:44:50","date_gmt":"2018-04-15T10:44:50","guid":{"rendered":"https:\/\/tecus.com.tr\/urun\/m6-vakuumtisch\/"},"modified":"2025-09-22T19:54:39","modified_gmt":"2025-09-22T19:54:39","slug":"m6-vakuumtisch","status":"publish","type":"product","link":"https:\/\/tecus.com.tr\/de\/produkt\/m6-vakuumtisch\/","title":{"rendered":"M6 Vakuumtisch"},"content":{"rendered":"<p>Teilenummer Beschreibung<\/p>\n<p>45150 Vacmagic\u00ae Vakuumplatte mit M6-Gewindebohrungen<\/p>\n","protected":false},"excerpt":{"rendered":"<ul>\n<li>Verwenden Sie Schiebeanschl\u00e4ge f\u00fcr zus\u00e4tzliche Haltekraft bei Vakuumanwendungen (4 enthalten)<\/li>\n<li>Inklusive 50206 Spannpratzensatz ohne Aufpreis<\/li>\n<li>Verwenden Sie Schraubenk\u00f6pfe (min. 2) in den L\u00f6chern, um das Werkst\u00fcck zu positionieren und Drehmomente zu verhindern, die beste Methode f\u00fcr die Hochgeschwindigkeitsbearbeitung mit Vakuum.<\/li>\n<\/ul>\n","protected":false},"featured_media":29518,"template":"","meta":{"_acf_changed":false},"product_brand":[],"product_cat":[439],"product_tag":[],"class_list":{"0":"post-33345","1":"product","2":"type-product","3":"status-publish","4":"has-post-thumbnail","6":"product_cat-vakuumtisch","8":"first","9":"instock","10":"taxable","11":"shipping-taxable","12":"product-type-simple"},"acf":[],"yoast_head":"<!-- This site is optimized with the Yoast SEO plugin v20.2.1 - https:\/\/yoast.com\/wordpress\/plugins\/seo\/ -->\n<title>M6 Vakuumtisch - Tecus Teknoloji<\/title>\n<meta name=\"robots\" content=\"index, follow, max-snippet:-1, max-image-preview:large, max-video-preview:-1\" \/>\n<link rel=\"canonical\" href=\"https:\/\/tecus.com.tr\/de\/produkt\/m6-vakuumtisch\/\" \/>\n<meta property=\"og:locale\" content=\"de_DE\" \/>\n<meta property=\"og:type\" content=\"article\" \/>\n<meta property=\"og:title\" content=\"M6 Vakuumtisch - Tecus Teknoloji\" \/>\n<meta property=\"og:description\" content=\"Verwenden Sie Schiebeanschl\u00e4ge f\u00fcr zus\u00e4tzliche Haltekraft bei Vakuumanwendungen (4 enthalten)  Inklusive 50206 Spannpratzensatz ohne Aufpreis  Verwenden Sie Schraubenk\u00f6pfe (min. 2) in den L\u00f6chern, um das Werkst\u00fcck zu positionieren und Drehmomente zu verhindern, die beste Methode f\u00fcr die Hochgeschwindigkeitsbearbeitung mit Vakuum.\" \/>\n<meta property=\"og:url\" content=\"https:\/\/tecus.com.tr\/de\/produkt\/m6-vakuumtisch\/\" \/>\n<meta property=\"og:site_name\" content=\"Tecus Teknoloji\" \/>\n<meta property=\"article:modified_time\" content=\"2025-09-22T19:54:39+00:00\" \/>\n<meta property=\"og:image\" content=\"https:\/\/tecus.com.tr\/wp-content\/uploads\/2018\/04\/Vacuum-Pallet-with-M6-threaded-hole.-bottom_INSERT-300x173-copy-2.png\" \/>\n\t<meta property=\"og:image:width\" content=\"500\" \/>\n\t<meta property=\"og:image:height\" content=\"500\" \/>\n\t<meta property=\"og:image:type\" content=\"image\/png\" \/>\n<meta name=\"twitter:card\" content=\"summary_large_image\" \/>\n<script type=\"application\/ld+json\" class=\"yoast-schema-graph\">{\"@context\":\"https:\/\/schema.org\",\"@graph\":[{\"@type\":\"WebPage\",\"@id\":\"https:\/\/tecus.com.tr\/de\/produkt\/m6-vakuumtisch\/\",\"url\":\"https:\/\/tecus.com.tr\/de\/produkt\/m6-vakuumtisch\/\",\"name\":\"M6 Vakuumtisch - Tecus Teknoloji\",\"isPartOf\":{\"@id\":\"https:\/\/tecus.com.tr\/de\/#website\"},\"datePublished\":\"2018-04-15T10:44:50+00:00\",\"dateModified\":\"2025-09-22T19:54:39+00:00\",\"breadcrumb\":{\"@id\":\"https:\/\/tecus.com.tr\/de\/produkt\/m6-vakuumtisch\/#breadcrumb\"},\"inLanguage\":\"de\",\"potentialAction\":[{\"@type\":\"ReadAction\",\"target\":[\"https:\/\/tecus.com.tr\/de\/produkt\/m6-vakuumtisch\/\"]}]},{\"@type\":\"BreadcrumbList\",\"@id\":\"https:\/\/tecus.com.tr\/de\/produkt\/m6-vakuumtisch\/#breadcrumb\",\"itemListElement\":[{\"@type\":\"ListItem\",\"position\":1,\"name\":\"Ana sayfa\",\"item\":\"https:\/\/tecus.com.tr\/de\/\"},{\"@type\":\"ListItem\",\"position\":2,\"name\":\"Ma\u011faza\",\"item\":\"https:\/\/tecus.com.tr\/magaza\/\"},{\"@type\":\"ListItem\",\"position\":3,\"name\":\"M6 Vakuumtisch\"}]},{\"@type\":\"WebSite\",\"@id\":\"https:\/\/tecus.com.tr\/de\/#website\",\"url\":\"https:\/\/tecus.com.tr\/de\/\",\"name\":\"Tecus Teknoloji\",\"description\":\"CNC par\u00e7a ba\u011flama \u00e7\u00f6z\u00fcmleri\",\"publisher\":{\"@id\":\"https:\/\/tecus.com.tr\/de\/#organization\"},\"potentialAction\":[{\"@type\":\"SearchAction\",\"target\":{\"@type\":\"EntryPoint\",\"urlTemplate\":\"https:\/\/tecus.com.tr\/de\/?s={search_term_string}\"},\"query-input\":\"required name=search_term_string\"}],\"inLanguage\":\"de\"},{\"@type\":\"Organization\",\"@id\":\"https:\/\/tecus.com.tr\/de\/#organization\",\"name\":\"Tecus Teknoloji\",\"url\":\"https:\/\/tecus.com.tr\/de\/\",\"logo\":{\"@type\":\"ImageObject\",\"inLanguage\":\"de\",\"@id\":\"https:\/\/tecus.com.tr\/de\/#\/schema\/logo\/image\/\",\"url\":\"https:\/\/tecus.com.tr\/wp-content\/uploads\/2018\/04\/tecus-logo-beyaz-2-e1528750997765.png\",\"contentUrl\":\"https:\/\/tecus.com.tr\/wp-content\/uploads\/2018\/04\/tecus-logo-beyaz-2-e1528750997765.png\",\"width\":250,\"height\":53,\"caption\":\"Tecus Teknoloji\"},\"image\":{\"@id\":\"https:\/\/tecus.com.tr\/de\/#\/schema\/logo\/image\/\"}}]}<\/script>\n<!-- \/ Yoast SEO plugin. -->","yoast_head_json":{"title":"M6 Vakuumtisch - Tecus Teknoloji","robots":{"index":"index","follow":"follow","max-snippet":"max-snippet:-1","max-image-preview":"max-image-preview:large","max-video-preview":"max-video-preview:-1"},"canonical":"https:\/\/tecus.com.tr\/de\/produkt\/m6-vakuumtisch\/","og_locale":"de_DE","og_type":"article","og_title":"M6 Vakuumtisch - Tecus Teknoloji","og_description":"Verwenden Sie Schiebeanschl\u00e4ge f\u00fcr zus\u00e4tzliche Haltekraft bei Vakuumanwendungen (4 enthalten)  Inklusive 50206 Spannpratzensatz ohne Aufpreis  Verwenden Sie Schraubenk\u00f6pfe (min. 2) in den L\u00f6chern, um das Werkst\u00fcck zu positionieren und Drehmomente zu verhindern, die beste Methode f\u00fcr die Hochgeschwindigkeitsbearbeitung mit Vakuum.","og_url":"https:\/\/tecus.com.tr\/de\/produkt\/m6-vakuumtisch\/","og_site_name":"Tecus Teknoloji","article_modified_time":"2025-09-22T19:54:39+00:00","og_image":[{"width":500,"height":500,"url":"https:\/\/tecus.com.tr\/wp-content\/uploads\/2018\/04\/Vacuum-Pallet-with-M6-threaded-hole.-bottom_INSERT-300x173-copy-2.png","type":"image\/png"}],"twitter_card":"summary_large_image","schema":{"@context":"https:\/\/schema.org","@graph":[{"@type":"WebPage","@id":"https:\/\/tecus.com.tr\/de\/produkt\/m6-vakuumtisch\/","url":"https:\/\/tecus.com.tr\/de\/produkt\/m6-vakuumtisch\/","name":"M6 Vakuumtisch - Tecus Teknoloji","isPartOf":{"@id":"https:\/\/tecus.com.tr\/de\/#website"},"datePublished":"2018-04-15T10:44:50+00:00","dateModified":"2025-09-22T19:54:39+00:00","breadcrumb":{"@id":"https:\/\/tecus.com.tr\/de\/produkt\/m6-vakuumtisch\/#breadcrumb"},"inLanguage":"de","potentialAction":[{"@type":"ReadAction","target":["https:\/\/tecus.com.tr\/de\/produkt\/m6-vakuumtisch\/"]}]},{"@type":"BreadcrumbList","@id":"https:\/\/tecus.com.tr\/de\/produkt\/m6-vakuumtisch\/#breadcrumb","itemListElement":[{"@type":"ListItem","position":1,"name":"Ana sayfa","item":"https:\/\/tecus.com.tr\/de\/"},{"@type":"ListItem","position":2,"name":"Ma\u011faza","item":"https:\/\/tecus.com.tr\/magaza\/"},{"@type":"ListItem","position":3,"name":"M6 Vakuumtisch"}]},{"@type":"WebSite","@id":"https:\/\/tecus.com.tr\/de\/#website","url":"https:\/\/tecus.com.tr\/de\/","name":"Tecus Teknoloji","description":"CNC par\u00e7a ba\u011flama \u00e7\u00f6z\u00fcmleri","publisher":{"@id":"https:\/\/tecus.com.tr\/de\/#organization"},"potentialAction":[{"@type":"SearchAction","target":{"@type":"EntryPoint","urlTemplate":"https:\/\/tecus.com.tr\/de\/?s={search_term_string}"},"query-input":"required name=search_term_string"}],"inLanguage":"de"},{"@type":"Organization","@id":"https:\/\/tecus.com.tr\/de\/#organization","name":"Tecus Teknoloji","url":"https:\/\/tecus.com.tr\/de\/","logo":{"@type":"ImageObject","inLanguage":"de","@id":"https:\/\/tecus.com.tr\/de\/#\/schema\/logo\/image\/","url":"https:\/\/tecus.com.tr\/wp-content\/uploads\/2018\/04\/tecus-logo-beyaz-2-e1528750997765.png","contentUrl":"https:\/\/tecus.com.tr\/wp-content\/uploads\/2018\/04\/tecus-logo-beyaz-2-e1528750997765.png","width":250,"height":53,"caption":"Tecus Teknoloji"},"image":{"@id":"https:\/\/tecus.com.tr\/de\/#\/schema\/logo\/image\/"}}]}},"_links":{"self":[{"href":"https:\/\/tecus.com.tr\/de\/wp-json\/wp\/v2\/product\/33345","targetHints":{"allow":["GET"]}}],"collection":[{"href":"https:\/\/tecus.com.tr\/de\/wp-json\/wp\/v2\/product"}],"about":[{"href":"https:\/\/tecus.com.tr\/de\/wp-json\/wp\/v2\/types\/product"}],"version-history":[{"count":1,"href":"https:\/\/tecus.com.tr\/de\/wp-json\/wp\/v2\/product\/33345\/revisions"}],"predecessor-version":[{"id":40177,"href":"https:\/\/tecus.com.tr\/de\/wp-json\/wp\/v2\/product\/33345\/revisions\/40177"}],"wp:featuredmedia":[{"embeddable":true,"href":"https:\/\/tecus.com.tr\/de\/wp-json\/wp\/v2\/media\/29518"}],"wp:attachment":[{"href":"https:\/\/tecus.com.tr\/de\/wp-json\/wp\/v2\/media?parent=33345"}],"wp:term":[{"taxonomy":"product_brand","embeddable":true,"href":"https:\/\/tecus.com.tr\/de\/wp-json\/wp\/v2\/product_brand?post=33345"},{"taxonomy":"product_cat","embeddable":true,"href":"https:\/\/tecus.com.tr\/de\/wp-json\/wp\/v2\/product_cat?post=33345"},{"taxonomy":"product_tag","embeddable":true,"href":"https:\/\/tecus.com.tr\/de\/wp-json\/wp\/v2\/product_tag?post=33345"}],"curies":[{"name":"wp","href":"https:\/\/api.w.org\/{rel}","templated":true}]}}