{"id":33329,"date":"2018-07-07T12:44:46","date_gmt":"2018-07-07T12:44:46","guid":{"rendered":"https:\/\/tecus.com.tr\/urun\/uniforce-clampler\/"},"modified":"2025-12-03T12:19:03","modified_gmt":"2025-12-03T12:19:03","slug":"uniforce-clampler","status":"publish","type":"product","link":"https:\/\/tecus.com.tr\/de\/produkt\/uniforce-clampler\/","title":{"rendered":"Uniforce Clampler"},"content":{"rendered":"\t\t<div data-elementor-type=\"wp-post\" data-elementor-id=\"33329\" class=\"elementor elementor-33329 elementor-9242\" data-elementor-post-type=\"product\">\n\t\t\t\t\t\t<section class=\"elementor-section elementor-top-section elementor-element elementor-element-44ceba97 elementor-section-boxed elementor-section-height-default elementor-section-height-default\" data-id=\"44ceba97\" data-element_type=\"section\">\n\t\t\t\t\t\t<div class=\"elementor-container elementor-column-gap-default\">\n\t\t\t\t\t<div class=\"elementor-column elementor-col-100 elementor-top-column elementor-element elementor-element-31b4ae77\" data-id=\"31b4ae77\" data-element_type=\"column\">\n\t\t\t<div class=\"elementor-widget-wrap elementor-element-populated\">\n\t\t\t\t\t\t<div class=\"elementor-element elementor-element-2fe83e6 elementor-widget elementor-widget-text-editor\" data-id=\"2fe83e6\" data-element_type=\"widget\" data-widget_type=\"text-editor.default\">\n\t\t\t\t<div class=\"elementor-widget-container\">\n\t\t\t\t\t\t\t\t\t<table border=\"0\" width=\"982\" cellspacing=\"0\" cellpadding=\"0\"><tbody><tr><td align=\"left\" valign=\"top\"><h2>Metrisch<\/h2><ul><li><table style=\"height: 530px;\" width=\"1033\"><tbody><tr><th style=\"text-align: left;\">P. Nr.<\/th><th style=\"text-align: left;\">mdl<\/th><th style=\"text-align: left;\"> <\/th><th style=\"text-align: left;\">A<\/th><th style=\"text-align: left;\">B<\/th><th style=\"text-align: left;\">B1<\/th><th style=\"text-align: left;\">C<\/th><th style=\"text-align: left;\">D *<\/th><th style=\"text-align: left;\">E<\/th><th style=\"text-align: left;\">F \u2020<\/th><th style=\"text-align: left;\"><p>Gewinde<\/p><p>L\u00e4nge<\/p><\/th><th style=\"text-align: left;\"><p>Max.<\/p><p>Sprd<\/p><\/th><th style=\"text-align: left;\"><p>Max.<\/p><p>Drehmoment<\/p><p>(Nm)<\/p><\/th><th style=\"text-align: left;\"><p>Halte-<\/p><p>kraft (n)<\/p><\/th><th style=\"text-align: left;\"><p>Anzahl<\/p><p>Klemmen<\/p><p>pro Packung<\/p><\/th><th style=\"text-align: left;\"><p>Anhtr<\/p><p>L\u00e4nge<\/p><\/th><th style=\"text-align: left;\" colspan=\"2\"><p>Ersatz-<\/p><p>Stahl + Kanal<\/p><\/th><\/tr><tr><td align=\"center\" valign=\"middle\">80250<\/td><td align=\"center\" valign=\"middle\">250<\/td><td align=\"center\"><a style=\"color: #000000;\">CAD<\/a><\/td><td align=\"center\" valign=\"middle\">6.1<\/td><td align=\"center\" valign=\"middle\">6.9<\/td><td align=\"center\" valign=\"middle\">6.4<\/td><td align=\"center\" valign=\"middle\">8.1<\/td><td align=\"center\" valign=\"middle\">5.3<\/td><td align=\"center\" valign=\"middle\">3.6<\/td><td align=\"center\" valign=\"middle\">6.4<\/td><td align=\"center\" valign=\"middle\">M2<\/td><td align=\"center\" valign=\"middle\">6.7<\/td><td align=\"center\" valign=\"middle\">0.70<\/td><td align=\"center\" valign=\"middle\">880<\/td><td align=\"center\" valign=\"middle\">6<\/td><td align=\"center\" valign=\"middle\">1.5<\/td><td align=\"center\" valign=\"middle\" width=\"50\">60305<\/td><td align=\"center\" valign=\"middle\" width=\"50\">60205<\/td><\/tr><tr><td align=\"center\" valign=\"middle\">80375<\/td><td align=\"center\" valign=\"middle\">375<\/td><td align=\"center\"><a style=\"color: #000000;\">CAD<\/a><\/td><td align=\"center\" valign=\"middle\">9.1<\/td><td align=\"center\" valign=\"middle\">9.7<\/td><td align=\"center\" valign=\"middle\">9.5<\/td><td align=\"center\" valign=\"middle\">11.9<\/td><td align=\"center\" valign=\"middle\">7.9<\/td><td align=\"center\" valign=\"middle\">4.7<\/td><td align=\"center\" valign=\"middle\">9.5<\/td><td align=\"center\" valign=\"middle\">M 2,5<\/td><td align=\"center\" valign=\"middle\">10.0<\/td><td align=\"center\" valign=\"middle\">1.50<\/td><td align=\"center\" valign=\"middle\">1350<\/td><td align=\"center\" valign=\"middle\">6<\/td><td align=\"center\" valign=\"middle\">2<\/td><td align=\"center\" valign=\"middle\">60307<\/td><td align=\"center\" valign=\"middle\">60207<\/td><\/tr><tr><td align=\"center\" valign=\"middle\">80500<\/td><td align=\"center\" valign=\"middle\">500<\/td><td align=\"center\"><a style=\"color: #000000;\">CAD<\/a><\/td><td align=\"center\" valign=\"middle\">12.3<\/td><td align=\"center\" valign=\"middle\">14.5<\/td><td align=\"center\" valign=\"middle\">12.70<\/td><td align=\"center\" valign=\"middle\">15.9<\/td><td align=\"center\" valign=\"middle\">10.4<\/td><td align=\"center\" valign=\"middle\">5.6<\/td><td align=\"center\" valign=\"middle\">12.7<\/td><td align=\"center\" valign=\"middle\">M4<\/td><td align=\"center\" valign=\"middle\">13.2<\/td><td align=\"center\" valign=\"middle\">3.40<\/td><td align=\"center\" valign=\"middle\">2225<\/td><td align=\"center\" valign=\"middle\">8<\/td><td align=\"center\" valign=\"middle\">3<\/td><td align=\"center\" valign=\"middle\">60310<\/td><td align=\"center\" valign=\"middle\">60210<\/td><\/tr><tr><td align=\"center\" valign=\"middle\">80750<\/td><td align=\"center\" valign=\"middle\">750<\/td><td align=\"center\"><a style=\"color: #000000;\">CAD<\/a><\/td><td align=\"center\" valign=\"middle\">18.6<\/td><td align=\"center\" valign=\"middle\">19.0<\/td><td align=\"center\" valign=\"middle\">19.05<\/td><td align=\"center\" valign=\"middle\">23.8<\/td><td align=\"center\" valign=\"middle\">16.1<\/td><td align=\"center\" valign=\"middle\">9.5<\/td><td align=\"center\" valign=\"middle\">19.0<\/td><td align=\"center\" valign=\"middle\">M6<\/td><td align=\"center\" valign=\"middle\">20.3<\/td><td align=\"center\" valign=\"middle\">13,50<\/td><td align=\"center\" valign=\"middle\">6675<\/td><td align=\"center\" valign=\"middle\">6<\/td><td align=\"center\" valign=\"middle\">5<\/td><td align=\"center\" valign=\"middle\">60320<\/td><td align=\"center\" valign=\"middle\">60220<\/td><\/tr><tr><td align=\"center\" valign=\"middle\">81000<\/td><td align=\"center\" valign=\"middle\">1000<\/td><td align=\"center\"><a style=\"color: #000000;\">CAD<\/a><\/td><td align=\"center\" valign=\"middle\">24.8<\/td><td align=\"center\" valign=\"middle\">25.9<\/td><td align=\"center\" valign=\"middle\">25.40<\/td><td align=\"center\" valign=\"middle\">31,7<\/td><td align=\"center\" valign=\"middle\">20.8<\/td><td align=\"center\" valign=\"middle\">12.7<\/td><td align=\"center\" valign=\"middle\">25.4<\/td><td align=\"center\" valign=\"middle\">M8<\/td><td align=\"center\" valign=\"middle\">26.9<\/td><td align=\"center\" valign=\"middle\">25.00<\/td><td align=\"center\" valign=\"middle\">11125<\/td><td align=\"center\" valign=\"middle\">4<\/td><td align=\"center\" valign=\"middle\">6<\/td><td align=\"center\" valign=\"middle\">60330<\/td><td align=\"center\" valign=\"middle\">60230<\/td><\/tr><tr><td align=\"center\" valign=\"middle\">81500<\/td><td align=\"center\" valign=\"middle\">1500<\/td><td align=\"center\"><a style=\"color: #000000;\">CAD<\/a><\/td><td align=\"center\" valign=\"middle\">37.3<\/td><td align=\"center\" valign=\"middle\">38.6<\/td><td align=\"center\" valign=\"middle\">38.10<\/td><td align=\"center\" valign=\"middle\">47.6<\/td><td align=\"center\" valign=\"middle\">30.8<\/td><td align=\"center\" valign=\"middle\">19.0<\/td><td align=\"center\" valign=\"middle\">38.1<\/td><td align=\"center\" valign=\"middle\">M12<\/td><td align=\"center\" valign=\"middle\">39,9<\/td><td align=\"center\" valign=\"middle\">38.40<\/td><td align=\"center\" valign=\"middle\">15575<\/td><td align=\"center\" valign=\"middle\">2<\/td><td align=\"center\" valign=\"middle\">10<\/td><td align=\"center\" valign=\"middle\">60340<\/td><td align=\"center\" valign=\"middle\">60240<\/td><\/tr><tr><td style=\"text-align: left;\" align=\"center\" valign=\"middle\">82000<\/td><td style=\"text-align: left;\" align=\"center\" valign=\"middle\">2000<\/td><td style=\"text-align: left;\" align=\"center\"><a style=\"color: #000000;\">CAD<\/a><\/td><td style=\"text-align: left;\" align=\"center\" valign=\"middle\">49.7<\/td><td style=\"text-align: left;\" align=\"center\" valign=\"middle\">51.5<\/td><td style=\"text-align: left;\" align=\"center\" valign=\"middle\">50.80<\/td><td style=\"text-align: left;\" align=\"center\" valign=\"middle\">63.5<\/td><td style=\"text-align: left;\" align=\"center\" valign=\"middle\">41,2<\/td><td style=\"text-align: left;\" align=\"center\" valign=\"middle\">25.4<\/td><td style=\"text-align: left;\" align=\"center\" valign=\"middle\">50,8<\/td><td style=\"text-align: left;\" align=\"center\" valign=\"middle\">M16<\/td><td style=\"text-align: left;\" align=\"center\" valign=\"middle\">53.0<\/td><td style=\"text-align: left;\" align=\"center\" valign=\"middle\">74,60<\/td><td style=\"text-align: left;\" align=\"center\" valign=\"middle\">26700<\/td><td style=\"text-align: left;\" align=\"center\" valign=\"middle\">2<\/td><td style=\"text-align: left;\" align=\"center\" valign=\"middle\">14<\/td><td style=\"text-align: left;\" align=\"center\" valign=\"middle\">60350<\/td><td style=\"text-align: left;\" align=\"center\" valign=\"middle\">60245<\/td><\/tr><\/tbody><\/table><\/li><\/ul><\/td><\/tr><\/tbody><\/table><p>D * \u2013 Ein gefr\u00e4ster Schlitz, der breiter als die D-Gr\u00f6\u00dfe ist, erm\u00f6glicht es, dass die Klemme b\u00fcndig mit dem Werkst\u00fcck abschlie\u00dft. Die Expansionskanten d\u00fcrfen die Schlitzw\u00e4nde w\u00e4hrend der Expansion nicht ber\u00fchren.<br>F \u2020 Abstand zwischen den Werkst\u00fccken f\u00fcr die Klemm\u00f6ffnung. Montagebohrung in der Mitte der F-Gr\u00f6\u00dfe bohren und Gewinde schneiden  <\/p>\t\t\t\t\t\t\t\t<\/div>\n\t\t\t\t<\/div>\n\t\t\t\t\t<\/div>\n\t\t<\/div>\n\t\t\t\t\t<\/div>\n\t\t<\/section>\n\t\t\t\t<\/div>\n\t\t","protected":false},"excerpt":{"rendered":"<p>Die kompakte, wirtschaftliche MITEE-BITE Uniforce\u00ae-Klemme erm\u00f6glicht es Ihnen, mehr Teile auf der Werkbank zu befestigen. Der speziell entwickelte Stahlkeil verteilt die Spannkraft homogen von beiden Seiten des 7075-T6 Aluminiumkanals. Durch die gleichzeitige Spannung von zwei Teilen mit einer einzigen Schraube wird eine schnelle Verbindung erm\u00f6glicht.  <\/p>\n<ul>\n<li>Steigert die Produktion.<\/li>\n<li>Minimiert den Werkzeugwechsel.<\/li>\n<li>H\u00e4lt zwei Teile mit gleichm\u00e4\u00dfiger Spannwirkung.<\/li>\n<li>Ideal zum Spannen von flachen oder runden Teilen.<\/li>\n<li>Reduziert den Leerraum.<\/li>\n<li>L\u00e4sst sich problemlos mit hydraulischen Zugzylindern kombinieren.<\/li>\n<li>Ideal f\u00fcr Palettenwechsler<\/li>\n<\/ul>\n<p>&nbsp;<\/p>\n","protected":false},"featured_media":36326,"template":"","meta":{"_acf_changed":false},"product_brand":[],"product_cat":[436],"product_tag":[460],"class_list":{"0":"post-33329","1":"product","2":"type-product","3":"status-publish","4":"has-post-thumbnail","6":"product_cat-seitliche-spannpratzen","7":"product_tag-seitenklemmen","9":"first","10":"instock","11":"sale","12":"taxable","13":"shipping-taxable","14":"purchasable","15":"product-type-variable"},"acf":[],"yoast_head":"<!-- This site is optimized with the Yoast SEO plugin v20.2.1 - https:\/\/yoast.com\/wordpress\/plugins\/seo\/ -->\n<title>Uniforce Clampler - Tecus Teknoloji<\/title>\n<meta name=\"robots\" content=\"index, follow, max-snippet:-1, max-image-preview:large, max-video-preview:-1\" \/>\n<link rel=\"canonical\" href=\"https:\/\/tecus.com.tr\/de\/produkt\/uniforce-clampler\/\" \/>\n<meta property=\"og:locale\" content=\"de_DE\" \/>\n<meta property=\"og:type\" content=\"article\" \/>\n<meta property=\"og:title\" content=\"Uniforce Clampler - Tecus Teknoloji\" \/>\n<meta property=\"og:description\" content=\"Die kompakte, wirtschaftliche MITEE-BITE Uniforce\u00ae-Klemme erm\u00f6glicht es Ihnen, mehr Teile auf der Werkbank zu befestigen. Der speziell entwickelte Stahlkeil verteilt die Spannkraft homogen von beiden Seiten des 7075-T6 Aluminiumkanals. Durch die gleichzeitige Spannung von zwei Teilen mit einer einzigen Schraube wird eine schnelle Verbindung erm\u00f6glicht.   Steigert die Produktion.  Minimiert den Werkzeugwechsel.  H\u00e4lt zwei Teile mit gleichm\u00e4\u00dfiger Spannwirkung.  Ideal zum Spannen von flachen oder runden Teilen.  Reduziert den Leerraum.  L\u00e4sst sich problemlos mit hydraulischen Zugzylindern kombinieren.  Ideal f\u00fcr Palettenwechsler &nbsp;\" \/>\n<meta property=\"og:url\" content=\"https:\/\/tecus.com.tr\/de\/produkt\/uniforce-clampler\/\" \/>\n<meta property=\"og:site_name\" content=\"Tecus Teknoloji\" \/>\n<meta property=\"article:modified_time\" content=\"2025-12-03T12:19:03+00:00\" \/>\n<meta property=\"og:image\" content=\"https:\/\/tecus.com.tr\/wp-content\/uploads\/2018\/07\/uniforce_clamps_header.png\" \/>\n\t<meta property=\"og:image:width\" content=\"1024\" \/>\n\t<meta property=\"og:image:height\" content=\"1024\" \/>\n\t<meta property=\"og:image:type\" content=\"image\/png\" \/>\n<meta name=\"twitter:card\" content=\"summary_large_image\" \/>\n<script type=\"application\/ld+json\" class=\"yoast-schema-graph\">{\"@context\":\"https:\/\/schema.org\",\"@graph\":[{\"@type\":\"WebPage\",\"@id\":\"https:\/\/tecus.com.tr\/de\/produkt\/uniforce-clampler\/\",\"url\":\"https:\/\/tecus.com.tr\/de\/produkt\/uniforce-clampler\/\",\"name\":\"Uniforce Clampler - Tecus Teknoloji\",\"isPartOf\":{\"@id\":\"https:\/\/tecus.com.tr\/de\/#website\"},\"datePublished\":\"2018-07-07T12:44:46+00:00\",\"dateModified\":\"2025-12-03T12:19:03+00:00\",\"breadcrumb\":{\"@id\":\"https:\/\/tecus.com.tr\/de\/produkt\/uniforce-clampler\/#breadcrumb\"},\"inLanguage\":\"de\",\"potentialAction\":[{\"@type\":\"ReadAction\",\"target\":[\"https:\/\/tecus.com.tr\/de\/produkt\/uniforce-clampler\/\"]}]},{\"@type\":\"BreadcrumbList\",\"@id\":\"https:\/\/tecus.com.tr\/de\/produkt\/uniforce-clampler\/#breadcrumb\",\"itemListElement\":[{\"@type\":\"ListItem\",\"position\":1,\"name\":\"Ana sayfa\",\"item\":\"https:\/\/tecus.com.tr\/de\/\"},{\"@type\":\"ListItem\",\"position\":2,\"name\":\"Ma\u011faza\",\"item\":\"https:\/\/tecus.com.tr\/magaza\/\"},{\"@type\":\"ListItem\",\"position\":3,\"name\":\"Uniforce Clampler\"}]},{\"@type\":\"WebSite\",\"@id\":\"https:\/\/tecus.com.tr\/de\/#website\",\"url\":\"https:\/\/tecus.com.tr\/de\/\",\"name\":\"Tecus Teknoloji\",\"description\":\"CNC par\u00e7a ba\u011flama \u00e7\u00f6z\u00fcmleri\",\"publisher\":{\"@id\":\"https:\/\/tecus.com.tr\/de\/#organization\"},\"potentialAction\":[{\"@type\":\"SearchAction\",\"target\":{\"@type\":\"EntryPoint\",\"urlTemplate\":\"https:\/\/tecus.com.tr\/de\/?s={search_term_string}\"},\"query-input\":\"required name=search_term_string\"}],\"inLanguage\":\"de\"},{\"@type\":\"Organization\",\"@id\":\"https:\/\/tecus.com.tr\/de\/#organization\",\"name\":\"Tecus Teknoloji\",\"url\":\"https:\/\/tecus.com.tr\/de\/\",\"logo\":{\"@type\":\"ImageObject\",\"inLanguage\":\"de\",\"@id\":\"https:\/\/tecus.com.tr\/de\/#\/schema\/logo\/image\/\",\"url\":\"https:\/\/tecus.com.tr\/wp-content\/uploads\/2018\/04\/tecus-logo-beyaz-2-e1528750997765.png\",\"contentUrl\":\"https:\/\/tecus.com.tr\/wp-content\/uploads\/2018\/04\/tecus-logo-beyaz-2-e1528750997765.png\",\"width\":250,\"height\":53,\"caption\":\"Tecus Teknoloji\"},\"image\":{\"@id\":\"https:\/\/tecus.com.tr\/de\/#\/schema\/logo\/image\/\"}}]}<\/script>\n<!-- \/ Yoast SEO plugin. -->","yoast_head_json":{"title":"Uniforce Clampler - Tecus Teknoloji","robots":{"index":"index","follow":"follow","max-snippet":"max-snippet:-1","max-image-preview":"max-image-preview:large","max-video-preview":"max-video-preview:-1"},"canonical":"https:\/\/tecus.com.tr\/de\/produkt\/uniforce-clampler\/","og_locale":"de_DE","og_type":"article","og_title":"Uniforce Clampler - Tecus Teknoloji","og_description":"Die kompakte, wirtschaftliche MITEE-BITE Uniforce\u00ae-Klemme erm\u00f6glicht es Ihnen, mehr Teile auf der Werkbank zu befestigen. Der speziell entwickelte Stahlkeil verteilt die Spannkraft homogen von beiden Seiten des 7075-T6 Aluminiumkanals. Durch die gleichzeitige Spannung von zwei Teilen mit einer einzigen Schraube wird eine schnelle Verbindung erm\u00f6glicht.   Steigert die Produktion.  Minimiert den Werkzeugwechsel.  H\u00e4lt zwei Teile mit gleichm\u00e4\u00dfiger Spannwirkung.  Ideal zum Spannen von flachen oder runden Teilen.  Reduziert den Leerraum.  L\u00e4sst sich problemlos mit hydraulischen Zugzylindern kombinieren.  Ideal f\u00fcr Palettenwechsler &nbsp;","og_url":"https:\/\/tecus.com.tr\/de\/produkt\/uniforce-clampler\/","og_site_name":"Tecus Teknoloji","article_modified_time":"2025-12-03T12:19:03+00:00","og_image":[{"width":1024,"height":1024,"url":"https:\/\/tecus.com.tr\/wp-content\/uploads\/2018\/07\/uniforce_clamps_header.png","type":"image\/png"}],"twitter_card":"summary_large_image","schema":{"@context":"https:\/\/schema.org","@graph":[{"@type":"WebPage","@id":"https:\/\/tecus.com.tr\/de\/produkt\/uniforce-clampler\/","url":"https:\/\/tecus.com.tr\/de\/produkt\/uniforce-clampler\/","name":"Uniforce Clampler - Tecus Teknoloji","isPartOf":{"@id":"https:\/\/tecus.com.tr\/de\/#website"},"datePublished":"2018-07-07T12:44:46+00:00","dateModified":"2025-12-03T12:19:03+00:00","breadcrumb":{"@id":"https:\/\/tecus.com.tr\/de\/produkt\/uniforce-clampler\/#breadcrumb"},"inLanguage":"de","potentialAction":[{"@type":"ReadAction","target":["https:\/\/tecus.com.tr\/de\/produkt\/uniforce-clampler\/"]}]},{"@type":"BreadcrumbList","@id":"https:\/\/tecus.com.tr\/de\/produkt\/uniforce-clampler\/#breadcrumb","itemListElement":[{"@type":"ListItem","position":1,"name":"Ana sayfa","item":"https:\/\/tecus.com.tr\/de\/"},{"@type":"ListItem","position":2,"name":"Ma\u011faza","item":"https:\/\/tecus.com.tr\/magaza\/"},{"@type":"ListItem","position":3,"name":"Uniforce Clampler"}]},{"@type":"WebSite","@id":"https:\/\/tecus.com.tr\/de\/#website","url":"https:\/\/tecus.com.tr\/de\/","name":"Tecus Teknoloji","description":"CNC par\u00e7a ba\u011flama \u00e7\u00f6z\u00fcmleri","publisher":{"@id":"https:\/\/tecus.com.tr\/de\/#organization"},"potentialAction":[{"@type":"SearchAction","target":{"@type":"EntryPoint","urlTemplate":"https:\/\/tecus.com.tr\/de\/?s={search_term_string}"},"query-input":"required name=search_term_string"}],"inLanguage":"de"},{"@type":"Organization","@id":"https:\/\/tecus.com.tr\/de\/#organization","name":"Tecus Teknoloji","url":"https:\/\/tecus.com.tr\/de\/","logo":{"@type":"ImageObject","inLanguage":"de","@id":"https:\/\/tecus.com.tr\/de\/#\/schema\/logo\/image\/","url":"https:\/\/tecus.com.tr\/wp-content\/uploads\/2018\/04\/tecus-logo-beyaz-2-e1528750997765.png","contentUrl":"https:\/\/tecus.com.tr\/wp-content\/uploads\/2018\/04\/tecus-logo-beyaz-2-e1528750997765.png","width":250,"height":53,"caption":"Tecus Teknoloji"},"image":{"@id":"https:\/\/tecus.com.tr\/de\/#\/schema\/logo\/image\/"}}]}},"_links":{"self":[{"href":"https:\/\/tecus.com.tr\/de\/wp-json\/wp\/v2\/product\/33329","targetHints":{"allow":["GET"]}}],"collection":[{"href":"https:\/\/tecus.com.tr\/de\/wp-json\/wp\/v2\/product"}],"about":[{"href":"https:\/\/tecus.com.tr\/de\/wp-json\/wp\/v2\/types\/product"}],"version-history":[{"count":3,"href":"https:\/\/tecus.com.tr\/de\/wp-json\/wp\/v2\/product\/33329\/revisions"}],"predecessor-version":[{"id":46308,"href":"https:\/\/tecus.com.tr\/de\/wp-json\/wp\/v2\/product\/33329\/revisions\/46308"}],"wp:featuredmedia":[{"embeddable":true,"href":"https:\/\/tecus.com.tr\/de\/wp-json\/wp\/v2\/media\/36326"}],"wp:attachment":[{"href":"https:\/\/tecus.com.tr\/de\/wp-json\/wp\/v2\/media?parent=33329"}],"wp:term":[{"taxonomy":"product_brand","embeddable":true,"href":"https:\/\/tecus.com.tr\/de\/wp-json\/wp\/v2\/product_brand?post=33329"},{"taxonomy":"product_cat","embeddable":true,"href":"https:\/\/tecus.com.tr\/de\/wp-json\/wp\/v2\/product_cat?post=33329"},{"taxonomy":"product_tag","embeddable":true,"href":"https:\/\/tecus.com.tr\/de\/wp-json\/wp\/v2\/product_tag?post=33329"}],"curies":[{"name":"wp","href":"https:\/\/api.w.org\/{rel}","templated":true}]}}