{"id":35267,"date":"2019-04-04T07:32:43","date_gmt":"2019-04-04T07:32:43","guid":{"rendered":"https:\/\/tecus.com.tr\/unsere-qualitaetspolitik\/"},"modified":"2025-10-26T17:11:15","modified_gmt":"2025-10-26T17:11:15","slug":"unsere-qualitaetspolitik","status":"publish","type":"page","link":"https:\/\/tecus.com.tr\/de\/unsere-qualitaetspolitik\/","title":{"rendered":"Unsere Qualit\u00e4tspolitik"},"content":{"rendered":"\t\t<div data-elementor-type=\"wp-post\" data-elementor-id=\"35267\" class=\"elementor elementor-35267 elementor-12456\" data-elementor-post-type=\"page\">\n\t\t\t\t\t\t<section class=\"elementor-section elementor-top-section elementor-element elementor-element-cdcec4f elementor-section-boxed elementor-section-height-default elementor-section-height-default\" data-id=\"cdcec4f\" data-element_type=\"section\">\n\t\t\t\t\t\t<div class=\"elementor-container elementor-column-gap-default\">\n\t\t\t\t\t<div class=\"elementor-column elementor-col-100 elementor-top-column elementor-element elementor-element-825b61a\" data-id=\"825b61a\" data-element_type=\"column\">\n\t\t\t<div class=\"elementor-widget-wrap elementor-element-populated\">\n\t\t\t\t\t\t<div class=\"elementor-element elementor-element-52aa1bc elementor-widget elementor-widget-text-editor\" data-id=\"52aa1bc\" data-element_type=\"widget\" data-widget_type=\"text-editor.default\">\n\t\t\t\t<div class=\"elementor-widget-container\">\n\t\t\t\t\t\t\t\t\t<p><strong>UNSERE QUALIT\u00c4TSPOLITIK<\/strong><\/p><p><strong> <\/strong>Im Einklang mit der Vision unseres Unternehmens und gem\u00e4\u00df der Norm ISO 9001:2015 ist unsere Qualit\u00e4tspolitik:<\/p><ul><li>Durch den Einsatz fortschrittlicher und aktueller Technologien sowie die aufmerksame Verfolgung der Entwicklungen in der Branche die Produktqualit\u00e4t kontinuierlich zu steigern und eine Produktion zu realisieren, die die Erwartungen der Kunden \u00fcbertrifft.<\/li><li>Die am besten geeigneten, korrektesten und wirtschaftlichsten L\u00f6sungen schnellstm\u00f6glich zu erarbeiten und so potenziellen M\u00e4ngeln vorzubeugen.<\/li><li>Ein zuverl\u00e4ssiges Unternehmen zu sein, das die Bed\u00fcrfnisse und Erwartungen der Kunden auf h\u00f6chstem Niveau erf\u00fcllt.<\/li><li>Im Einklang mit unserer Politik die Kontinuit\u00e4t unseres Qualit\u00e4tsverst\u00e4ndnisses zu gew\u00e4hrleisten, um unsere Qualit\u00e4tsziele zu erreichen und eine vorbildliche Organisation zu sein, die die Gesellschaft und die Umwelt respektiert.<\/li><li>Im Einklang mit unserer Politik alle notwendigen Schulungen durchzuf\u00fchren, um mit unseren Mitarbeitern unsere Ziele zu erreichen, ein geeignetes Arbeitsumfeld zu schaffen und dies durch Technologie zu unterst\u00fctzen, um eine Familie zu werden.<\/li><li>Unseren Erfahrungsschatz und unser Wissen weiter auszubauen und mit der Qualit\u00e4t unserer Dienstleistungen einen Beitrag zur Wirtschaft des Landes zu leisten.<\/li><li>Kundenzufriedenheit, Mitarbeiterzufriedenheit und die Qualit\u00e4t unserer Dienstleistungen sicherzustellen. <\/li><li>Durch einen Systemansatz in Prozessen und Management maximale Kommunikation und Effizienz zu gew\u00e4hrleisten.<\/li><li>Auf der Grundlage von Effizienz kontinuierliche Verbesserungen nachhaltig zu gestalten.<\/li><li>Anwendbare Bedingungen zu erf\u00fcllen und durch Einbeziehung von Mitarbeitern und Lieferanten einen effektiven Entscheidungsfindungsprozess zu gew\u00e4hrleisten.<\/li><li>Durch strategiebasiertes Corporate Governance allen unseren Mitarbeitern F\u00fchrungsqualit\u00e4ten zu vermitteln.<\/li><\/ul><p>Als Management verpflichten wir uns zur Aufrechterhaltung des Qualit\u00e4tsmanagementsystems.<\/p>\t\t\t\t\t\t\t\t<\/div>\n\t\t\t\t<\/div>\n\t\t\t\t\t<\/div>\n\t\t<\/div>\n\t\t\t\t\t<\/div>\n\t\t<\/section>\n\t\t\t\t<\/div>\n\t\t","protected":false},"excerpt":{"rendered":"<p>UNSERE QUALIT\u00c4TSPOLITIK Im Einklang mit der Vision unseres Unternehmens und gem\u00e4\u00df der Norm ISO 9001:2015 ist unsere Qualit\u00e4tspolitik: Durch den Einsatz fortschrittlicher und aktueller Technologien sowie die aufmerksame Verfolgung der Entwicklungen in der Branche die Produktqualit\u00e4t kontinuierlich zu steigern und eine Produktion zu realisieren, die die Erwartungen der Kunden \u00fcbertrifft. Die am besten geeigneten, korrektesten &hellip;<\/p>\n<p class=\"read-more\"> <a class=\"\" href=\"https:\/\/tecus.com.tr\/de\/unsere-qualitaetspolitik\/\"> <span class=\"screen-reader-text\">Unsere Qualit\u00e4tspolitik<\/span> Weiterlesen &raquo;<\/a><\/p>\n","protected":false},"author":23,"featured_media":44834,"parent":0,"menu_order":0,"comment_status":"closed","ping_status":"closed","template":"elementor_header_footer","meta":{"_acf_changed":false,"footnotes":""},"class_list":["post-35267","page","type-page","status-publish","has-post-thumbnail","hentry"],"acf":[],"yoast_head":"<!-- This site is optimized with the Yoast SEO plugin v20.2.1 - https:\/\/yoast.com\/wordpress\/plugins\/seo\/ -->\n<title>Unsere Qualit\u00e4tspolitik - Tecus Teknoloji<\/title>\n<meta name=\"robots\" content=\"index, follow, max-snippet:-1, max-image-preview:large, max-video-preview:-1\" \/>\n<link rel=\"canonical\" href=\"https:\/\/tecus.com.tr\/de\/unsere-qualitaetspolitik\/\" \/>\n<meta property=\"og:locale\" content=\"de_DE\" \/>\n<meta property=\"og:type\" content=\"article\" \/>\n<meta property=\"og:title\" content=\"Unsere Qualit\u00e4tspolitik - Tecus Teknoloji\" \/>\n<meta property=\"og:description\" content=\"UNSERE QUALIT\u00c4TSPOLITIK Im Einklang mit der Vision unseres Unternehmens und gem\u00e4\u00df der Norm ISO 9001:2015 ist unsere Qualit\u00e4tspolitik: Durch den Einsatz fortschrittlicher und aktueller Technologien sowie die aufmerksame Verfolgung der Entwicklungen in der Branche die Produktqualit\u00e4t kontinuierlich zu steigern und eine Produktion zu realisieren, die die Erwartungen der Kunden \u00fcbertrifft. Die am besten geeigneten, korrektesten &hellip; Unsere Qualit\u00e4tspolitik Weiterlesen &raquo;\" \/>\n<meta property=\"og:url\" content=\"https:\/\/tecus.com.tr\/de\/unsere-qualitaetspolitik\/\" \/>\n<meta property=\"og:site_name\" content=\"Tecus Teknoloji\" \/>\n<meta property=\"article:modified_time\" content=\"2025-10-26T17:11:15+00:00\" \/>\n<meta property=\"og:image\" content=\"https:\/\/tecus.com.tr\/wp-content\/uploads\/2025\/10\/kalite-politikamiz.png\" \/>\n\t<meta property=\"og:image:width\" content=\"1024\" \/>\n\t<meta property=\"og:image:height\" content=\"1024\" \/>\n\t<meta property=\"og:image:type\" content=\"image\/png\" \/>\n<meta name=\"twitter:card\" content=\"summary_large_image\" \/>\n<meta name=\"twitter:label1\" content=\"Gesch\u00e4tzte Lesezeit\" \/>\n\t<meta name=\"twitter:data1\" content=\"1\u00a0Minute\" \/>\n<script type=\"application\/ld+json\" class=\"yoast-schema-graph\">{\"@context\":\"https:\/\/schema.org\",\"@graph\":[{\"@type\":\"WebPage\",\"@id\":\"https:\/\/tecus.com.tr\/de\/unsere-qualitaetspolitik\/\",\"url\":\"https:\/\/tecus.com.tr\/de\/unsere-qualitaetspolitik\/\",\"name\":\"Unsere Qualit\u00e4tspolitik - Tecus Teknoloji\",\"isPartOf\":{\"@id\":\"https:\/\/tecus.com.tr\/de\/#website\"},\"datePublished\":\"2019-04-04T07:32:43+00:00\",\"dateModified\":\"2025-10-26T17:11:15+00:00\",\"breadcrumb\":{\"@id\":\"https:\/\/tecus.com.tr\/de\/unsere-qualitaetspolitik\/#breadcrumb\"},\"inLanguage\":\"de\",\"potentialAction\":[{\"@type\":\"ReadAction\",\"target\":[\"https:\/\/tecus.com.tr\/de\/unsere-qualitaetspolitik\/\"]}]},{\"@type\":\"BreadcrumbList\",\"@id\":\"https:\/\/tecus.com.tr\/de\/unsere-qualitaetspolitik\/#breadcrumb\",\"itemListElement\":[{\"@type\":\"ListItem\",\"position\":1,\"name\":\"Ana sayfa\",\"item\":\"https:\/\/tecus.com.tr\/de\/\"},{\"@type\":\"ListItem\",\"position\":2,\"name\":\"Unsere Qualit\u00e4tspolitik\"}]},{\"@type\":\"WebSite\",\"@id\":\"https:\/\/tecus.com.tr\/de\/#website\",\"url\":\"https:\/\/tecus.com.tr\/de\/\",\"name\":\"Tecus Teknoloji\",\"description\":\"CNC par\u00e7a ba\u011flama \u00e7\u00f6z\u00fcmleri\",\"publisher\":{\"@id\":\"https:\/\/tecus.com.tr\/de\/#organization\"},\"potentialAction\":[{\"@type\":\"SearchAction\",\"target\":{\"@type\":\"EntryPoint\",\"urlTemplate\":\"https:\/\/tecus.com.tr\/de\/?s={search_term_string}\"},\"query-input\":\"required name=search_term_string\"}],\"inLanguage\":\"de\"},{\"@type\":\"Organization\",\"@id\":\"https:\/\/tecus.com.tr\/de\/#organization\",\"name\":\"Tecus Teknoloji\",\"url\":\"https:\/\/tecus.com.tr\/de\/\",\"logo\":{\"@type\":\"ImageObject\",\"inLanguage\":\"de\",\"@id\":\"https:\/\/tecus.com.tr\/de\/#\/schema\/logo\/image\/\",\"url\":\"https:\/\/tecus.com.tr\/wp-content\/uploads\/2018\/04\/tecus-logo-beyaz-2-e1528750997765.png\",\"contentUrl\":\"https:\/\/tecus.com.tr\/wp-content\/uploads\/2018\/04\/tecus-logo-beyaz-2-e1528750997765.png\",\"width\":250,\"height\":53,\"caption\":\"Tecus Teknoloji\"},\"image\":{\"@id\":\"https:\/\/tecus.com.tr\/de\/#\/schema\/logo\/image\/\"}}]}<\/script>\n<!-- \/ Yoast SEO plugin. -->","yoast_head_json":{"title":"Unsere Qualit\u00e4tspolitik - Tecus Teknoloji","robots":{"index":"index","follow":"follow","max-snippet":"max-snippet:-1","max-image-preview":"max-image-preview:large","max-video-preview":"max-video-preview:-1"},"canonical":"https:\/\/tecus.com.tr\/de\/unsere-qualitaetspolitik\/","og_locale":"de_DE","og_type":"article","og_title":"Unsere Qualit\u00e4tspolitik - Tecus Teknoloji","og_description":"UNSERE QUALIT\u00c4TSPOLITIK Im Einklang mit der Vision unseres Unternehmens und gem\u00e4\u00df der Norm ISO 9001:2015 ist unsere Qualit\u00e4tspolitik: Durch den Einsatz fortschrittlicher und aktueller Technologien sowie die aufmerksame Verfolgung der Entwicklungen in der Branche die Produktqualit\u00e4t kontinuierlich zu steigern und eine Produktion zu realisieren, die die Erwartungen der Kunden \u00fcbertrifft. Die am besten geeigneten, korrektesten &hellip; Unsere Qualit\u00e4tspolitik Weiterlesen &raquo;","og_url":"https:\/\/tecus.com.tr\/de\/unsere-qualitaetspolitik\/","og_site_name":"Tecus Teknoloji","article_modified_time":"2025-10-26T17:11:15+00:00","og_image":[{"width":1024,"height":1024,"url":"https:\/\/tecus.com.tr\/wp-content\/uploads\/2025\/10\/kalite-politikamiz.png","type":"image\/png"}],"twitter_card":"summary_large_image","twitter_misc":{"Gesch\u00e4tzte Lesezeit":"1\u00a0Minute"},"schema":{"@context":"https:\/\/schema.org","@graph":[{"@type":"WebPage","@id":"https:\/\/tecus.com.tr\/de\/unsere-qualitaetspolitik\/","url":"https:\/\/tecus.com.tr\/de\/unsere-qualitaetspolitik\/","name":"Unsere Qualit\u00e4tspolitik - Tecus Teknoloji","isPartOf":{"@id":"https:\/\/tecus.com.tr\/de\/#website"},"datePublished":"2019-04-04T07:32:43+00:00","dateModified":"2025-10-26T17:11:15+00:00","breadcrumb":{"@id":"https:\/\/tecus.com.tr\/de\/unsere-qualitaetspolitik\/#breadcrumb"},"inLanguage":"de","potentialAction":[{"@type":"ReadAction","target":["https:\/\/tecus.com.tr\/de\/unsere-qualitaetspolitik\/"]}]},{"@type":"BreadcrumbList","@id":"https:\/\/tecus.com.tr\/de\/unsere-qualitaetspolitik\/#breadcrumb","itemListElement":[{"@type":"ListItem","position":1,"name":"Ana sayfa","item":"https:\/\/tecus.com.tr\/de\/"},{"@type":"ListItem","position":2,"name":"Unsere Qualit\u00e4tspolitik"}]},{"@type":"WebSite","@id":"https:\/\/tecus.com.tr\/de\/#website","url":"https:\/\/tecus.com.tr\/de\/","name":"Tecus Teknoloji","description":"CNC par\u00e7a ba\u011flama \u00e7\u00f6z\u00fcmleri","publisher":{"@id":"https:\/\/tecus.com.tr\/de\/#organization"},"potentialAction":[{"@type":"SearchAction","target":{"@type":"EntryPoint","urlTemplate":"https:\/\/tecus.com.tr\/de\/?s={search_term_string}"},"query-input":"required name=search_term_string"}],"inLanguage":"de"},{"@type":"Organization","@id":"https:\/\/tecus.com.tr\/de\/#organization","name":"Tecus Teknoloji","url":"https:\/\/tecus.com.tr\/de\/","logo":{"@type":"ImageObject","inLanguage":"de","@id":"https:\/\/tecus.com.tr\/de\/#\/schema\/logo\/image\/","url":"https:\/\/tecus.com.tr\/wp-content\/uploads\/2018\/04\/tecus-logo-beyaz-2-e1528750997765.png","contentUrl":"https:\/\/tecus.com.tr\/wp-content\/uploads\/2018\/04\/tecus-logo-beyaz-2-e1528750997765.png","width":250,"height":53,"caption":"Tecus Teknoloji"},"image":{"@id":"https:\/\/tecus.com.tr\/de\/#\/schema\/logo\/image\/"}}]}},"_links":{"self":[{"href":"https:\/\/tecus.com.tr\/de\/wp-json\/wp\/v2\/pages\/35267","targetHints":{"allow":["GET"]}}],"collection":[{"href":"https:\/\/tecus.com.tr\/de\/wp-json\/wp\/v2\/pages"}],"about":[{"href":"https:\/\/tecus.com.tr\/de\/wp-json\/wp\/v2\/types\/page"}],"author":[{"embeddable":true,"href":"https:\/\/tecus.com.tr\/de\/wp-json\/wp\/v2\/users\/23"}],"replies":[{"embeddable":true,"href":"https:\/\/tecus.com.tr\/de\/wp-json\/wp\/v2\/comments?post=35267"}],"version-history":[{"count":1,"href":"https:\/\/tecus.com.tr\/de\/wp-json\/wp\/v2\/pages\/35267\/revisions"}],"predecessor-version":[{"id":35268,"href":"https:\/\/tecus.com.tr\/de\/wp-json\/wp\/v2\/pages\/35267\/revisions\/35268"}],"wp:featuredmedia":[{"embeddable":true,"href":"https:\/\/tecus.com.tr\/de\/wp-json\/wp\/v2\/media\/44834"}],"wp:attachment":[{"href":"https:\/\/tecus.com.tr\/de\/wp-json\/wp\/v2\/media?parent=35267"}],"curies":[{"name":"wp","href":"https:\/\/api.w.org\/{rel}","templated":true}]}}